{"id":871125305627,"date":"2021-03-20T17:16:16","date_gmt":"2021-03-20T17:16:16","guid":{"rendered":"https:\/\/mskasolutions.com\/?post_type=product&#038;p=871125305627"},"modified":"2023-07-29T11:53:11","modified_gmt":"2023-07-29T10:53:11","slug":"lingettes-dinterieur","status":"publish","type":"product","link":"https:\/\/mskasolutions.com\/fr\/produit\/lingettes-dinterieur\/","title":{"rendered":"Lingettes de nettoyage humide pour l&rsquo;int\u00e9rieur des voitures et des camions (40 pi\u00e8ces)"},"content":{"rendered":"<p><strong>Lingettes d&rsquo;int\u00e9rieur<\/strong><\/p>\n<p>Convient aux int\u00e9rieurs en synth\u00e9tique et en vinyle<br \/>\nAction puissante et nettoyage en profondeur<br \/>\nRafra\u00eechit, fait briller et revitalise les couleurs<br \/>\nProtection \u00e0 long terme<br \/>\nTube de 40 pi\u00e8ces<\/p>","protected":false},"excerpt":{"rendered":"<ul>\n<li>Convient aux int\u00e9rieurs en synth\u00e9tique et en vinyle<\/li>\n<li>Action puissante et nettoyage en profondeur<\/li>\n<li>Rafra\u00eechit, fait briller et revitalise les couleurs<\/li>\n<li>Protection \u00e0 long terme<\/li>\n<li>Tube de 40 pi\u00e8ces<\/li>\n<\/ul>\n","protected":false},"featured_media":871125305690,"template":"","meta":[],"product_brand":[],"product_cat":[108],"product_tag":[177,176,220,195,197],"class_list":{"0":"post-871125305627","1":"product","2":"type-product","3":"status-publish","4":"has-post-thumbnail","6":"product_cat-non-classe","7":"product_tag-accessoires-auto","8":"product_tag-entretien-de-la-voiture","9":"product_tag-nettoyage-de-voitures","10":"product_tag-promo","11":"product_tag-promo-2","12":"product_shipping_class-small-item-gls-only","14":"first","15":"instock","16":"sale","17":"taxable","18":"shipping-taxable","19":"purchasable","20":"product-type-simple"},"_links":{"self":[{"href":"https:\/\/mskasolutions.com\/fr\/wp-json\/wp\/v2\/product\/871125305627","targetHints":{"allow":["GET"]}}],"collection":[{"href":"https:\/\/mskasolutions.com\/fr\/wp-json\/wp\/v2\/product"}],"about":[{"href":"https:\/\/mskasolutions.com\/fr\/wp-json\/wp\/v2\/types\/product"}],"wp:featuredmedia":[{"embeddable":true,"href":"https:\/\/mskasolutions.com\/fr\/wp-json\/wp\/v2\/media\/871125305690"}],"wp:attachment":[{"href":"https:\/\/mskasolutions.com\/fr\/wp-json\/wp\/v2\/media?parent=871125305627"}],"wp:term":[{"taxonomy":"product_brand","embeddable":true,"href":"https:\/\/mskasolutions.com\/fr\/wp-json\/wp\/v2\/product_brand?post=871125305627"},{"taxonomy":"product_cat","embeddable":true,"href":"https:\/\/mskasolutions.com\/fr\/wp-json\/wp\/v2\/product_cat?post=871125305627"},{"taxonomy":"product_tag","embeddable":true,"href":"https:\/\/mskasolutions.com\/fr\/wp-json\/wp\/v2\/product_tag?post=871125305627"}],"curies":[{"name":"wp","href":"https:\/\/api.w.org\/{rel}","templated":true}]}}