{"id":871125305618,"date":"2021-03-14T14:07:41","date_gmt":"2021-03-14T14:07:41","guid":{"rendered":"https:\/\/mskasolutions.com\/?post_type=product&#038;p=871125305618"},"modified":"2022-07-15T13:50:21","modified_gmt":"2022-07-15T12:50:21","slug":"spectrum-ail-101b","status":"publish","type":"product","link":"https:\/\/mskasolutions.com\/fr\/produit\/spectrum-ail-101b\/","title":{"rendered":"Support de microphone Spectrum AIL 101B avec microphone"},"content":{"rendered":"<p>Le support de microphone Spectrum AIL 101B est livr\u00e9 avec un microphone professionnel unidirectionnel avec un connecteur canon XLR et un microphone de 12 pieds avec une fiche de microphone de 1\/4 pouce. Le support est enti\u00e8rement r\u00e9glable. Il est dot\u00e9 de pieds tripodes avec un moyeu m\u00e9tallique pour plus de solidit\u00e9 et de stabilit\u00e9.<\/p>\n<p>Support de microphone Spectrum AIL 101B avec microphone :<\/p>\n<p>Pied de microphone \u00e0 hauteur r\u00e9glable<br \/>\nPieds tripodes avec moyeu m\u00e9tallique pour plus de solidit\u00e9 et de stabilit\u00e9.<br \/>\nUtilisation en position assise ou debout<br \/>\nLa pince \u00e0 microphone robuste permet de fixer des microphones de toutes tailles.<br \/>\nComprend un microphone professionnel unidirectionnel avec connecteur canon XLR et un c\u00e2ble de microphone de 12\u2032 avec fiche de microphone 1\/4\u2033.<\/p>\n<p><\/p>","protected":false},"excerpt":{"rendered":"<ul>\n<li style=\"list-style-type: none;\">\n<ul>\n<li style=\"list-style-type: none;\">\n<ul>\n<li>Pied de microphone \u00e0 hauteur r\u00e9glable<\/li>\n<li>Pieds tripodes avec moyeu m\u00e9tallique pour plus de solidit\u00e9 et de stabilit\u00e9.<\/li>\n<li>Utilisation en position assise ou debout<\/li>\n<li>La pince \u00e0 microphone robuste permet de fixer des microphones de toutes tailles.<\/li>\n<li>Comprend un microphone professionnel unidirectionnel avec connecteur canon XLR et un c\u00e2ble de microphone de 12\u2032 avec fiche de microphone 1\/4\u2033.<\/li>\n<\/ul>\n<\/li>\n<\/ul>\n<p>S&rsquo;adapte et tient la plupart des tablettes de 7 \u00e0 10 pouces.<\/li>\n<\/ul>\n","protected":false},"featured_media":871125305716,"template":"","meta":[],"product_brand":[],"product_cat":[215],"product_tag":[227,195,228],"class_list":{"0":"post-871125305618","1":"product","2":"type-product","3":"status-publish","4":"has-post-thumbnail","6":"product_cat-promo","7":"product_tag-music","8":"product_tag-promo","9":"product_tag-spectrum","10":"product_shipping_class-small-item-gls-only","12":"first","13":"instock","14":"sale","15":"taxable","16":"shipping-taxable","17":"purchasable","18":"product-type-simple"},"_links":{"self":[{"href":"https:\/\/mskasolutions.com\/fr\/wp-json\/wp\/v2\/product\/871125305618","targetHints":{"allow":["GET"]}}],"collection":[{"href":"https:\/\/mskasolutions.com\/fr\/wp-json\/wp\/v2\/product"}],"about":[{"href":"https:\/\/mskasolutions.com\/fr\/wp-json\/wp\/v2\/types\/product"}],"wp:featuredmedia":[{"embeddable":true,"href":"https:\/\/mskasolutions.com\/fr\/wp-json\/wp\/v2\/media\/871125305716"}],"wp:attachment":[{"href":"https:\/\/mskasolutions.com\/fr\/wp-json\/wp\/v2\/media?parent=871125305618"}],"wp:term":[{"taxonomy":"product_brand","embeddable":true,"href":"https:\/\/mskasolutions.com\/fr\/wp-json\/wp\/v2\/product_brand?post=871125305618"},{"taxonomy":"product_cat","embeddable":true,"href":"https:\/\/mskasolutions.com\/fr\/wp-json\/wp\/v2\/product_cat?post=871125305618"},{"taxonomy":"product_tag","embeddable":true,"href":"https:\/\/mskasolutions.com\/fr\/wp-json\/wp\/v2\/product_tag?post=871125305618"}],"curies":[{"name":"wp","href":"https:\/\/api.w.org\/{rel}","templated":true}]}}