{"id":871125305415,"date":"2021-01-02T17:50:43","date_gmt":"2021-01-02T17:50:43","guid":{"rendered":"https:\/\/mskasolutions.com\/?post_type=product&#038;p=871125305415"},"modified":"2024-12-05T11:41:58","modified_gmt":"2024-12-05T11:41:58","slug":"dunlop-pump-stand","status":"publish","type":"product","link":"https:\/\/mskasolutions.com\/fr\/produit\/dunlop-pump-stand\/","title":{"rendered":"Pompe \u00e0 v\u00e9lo \u00e0  Pied comprend des adaptateurs"},"content":{"rendered":"<p>Dunlop Floor Bike StandePompe \u00e0 air<\/p>\n<p>Caract\u00e9ristiques :<br \/>\nAvec cette pompe \u00e0 air sur pied stable et d&rsquo;application universelle de Dunlop.<\/p>\n<p>Pompe \u00e0 pied intelligente et utile pour gonfler une gamme d&rsquo;articles gonflables tels que les pneus de v\u00e9lo, les pneus de voiture, les objets gonflables, les ballons de football et les jouets.<\/p>\n<p>&#8211; Fabriqu\u00e9e par une entreprise de confiance, Dunlop.<br \/>\nLa pompe est fix\u00e9e au sol et assure un maintien ferme.<br \/>\nGr\u00e2ce \u00e0 la t\u00eate de pompe \u00e9quip\u00e9e de deux buses et d&rsquo;une valve \u00e0 air, vous n&rsquo;avez aucune perte de pression lorsque vous fixez le connecteur \u00e0 la valve.<br \/>\nLes diff\u00e9rents adaptateurs et la longue course permettent de gonfler confortablement presque tous vos articles gonflables.<br \/>\nLe support de tuyau permet un rangement ordonn\u00e9 et peu encombrant.<\/p>\n<p>Sp\u00e9cifications de la pompe \u00e0 air sur pied Dunlop<br \/>\n&#8211; utilisation universelle<br \/>\n&#8211; pied stable<br \/>\n&#8211; T\u00eate de pompe avec deux embouts et sas d&rsquo;\u00e9tanch\u00e9it\u00e9<br \/>\n&#8211; porte-tuyau<br \/>\n&#8211; poign\u00e9e stable<br \/>\n&#8211; 2 adaptateurs dans une bo\u00eete de rangement pratique<br \/>\n&#8211; Convient pour : voitures, v\u00e9los, ballons et toutes les valves standard<br \/>\n&#8211; petite buse pour Presta \/ Dunlop, Valve<br \/>\n&#8211; grand embout pour Schrader, Valve<br \/>\n&#8211; Hauteur minimale : 63 cm<br \/>\n&#8211; Hauteur maximale : 113 cm<br \/>\n&#8211; Mat\u00e9riau : m\u00e9tal, plastique<\/p>","protected":false},"excerpt":{"rendered":"<ul>\n<li>Pompe de sol pour v\u00e9lo Dunlop comprenant 2 adaptateurs dans une bo\u00eete de rangement pratique sur la pompe \u00e0 air et un porte-tuyau.<\/li>\n<li>Les diff\u00e9rents adaptateurs et la longue course permettent de gonfler presque tous vos objets gonflables.<\/li>\n<li>Gr\u00e2ce \u00e0 sa base stable, la pompe \u00e0 air est fix\u00e9e au sol et assure une assise solide.<\/li>\n<li>Cette pompe \u00e0 v\u00e9lo est universelle &#8211; gonfler des pneus de voiture, de v\u00e9lo, des ballons de football et bien plus encore est un jeu d&rsquo;enfant.<\/li>\n<li>Petit embout pour les soupapes Presta\/Dunlop. &#8211; Grande buse pour les soupapes Schrader<\/li>\n<\/ul>\n","protected":false},"featured_media":871125305758,"template":"","meta":[],"product_brand":[],"product_cat":[108,215],"product_tag":[179,187,180,195,183],"class_list":{"0":"post-871125305415","1":"product","2":"type-product","3":"status-publish","4":"has-post-thumbnail","6":"product_cat-non-classe","7":"product_cat-promo","8":"product_tag-accessoires-velo","9":"product_tag-dunlop","10":"product_tag-pompes-et-compresseurs","11":"product_tag-promo","12":"product_tag-sports-et-loisirs","13":"product_shipping_class-small-item-gls-only","15":"first","16":"instock","17":"sale","18":"taxable","19":"shipping-taxable","20":"purchasable","21":"product-type-simple"},"_links":{"self":[{"href":"https:\/\/mskasolutions.com\/fr\/wp-json\/wp\/v2\/product\/871125305415","targetHints":{"allow":["GET"]}}],"collection":[{"href":"https:\/\/mskasolutions.com\/fr\/wp-json\/wp\/v2\/product"}],"about":[{"href":"https:\/\/mskasolutions.com\/fr\/wp-json\/wp\/v2\/types\/product"}],"wp:featuredmedia":[{"embeddable":true,"href":"https:\/\/mskasolutions.com\/fr\/wp-json\/wp\/v2\/media\/871125305758"}],"wp:attachment":[{"href":"https:\/\/mskasolutions.com\/fr\/wp-json\/wp\/v2\/media?parent=871125305415"}],"wp:term":[{"taxonomy":"product_brand","embeddable":true,"href":"https:\/\/mskasolutions.com\/fr\/wp-json\/wp\/v2\/product_brand?post=871125305415"},{"taxonomy":"product_cat","embeddable":true,"href":"https:\/\/mskasolutions.com\/fr\/wp-json\/wp\/v2\/product_cat?post=871125305415"},{"taxonomy":"product_tag","embeddable":true,"href":"https:\/\/mskasolutions.com\/fr\/wp-json\/wp\/v2\/product_tag?post=871125305415"}],"curies":[{"name":"wp","href":"https:\/\/api.w.org\/{rel}","templated":true}]}}