{"id":871125305357,"date":"2020-12-13T13:18:18","date_gmt":"2020-12-13T13:18:18","guid":{"rendered":"https:\/\/mskasolutions.com\/?post_type=product&#038;p=871125305357"},"modified":"2025-09-11T14:22:03","modified_gmt":"2025-09-11T13:22:03","slug":"xl-distributeur-de-700-ml-de-gel-avec-500-ml-de-gel-gratuit","status":"publish","type":"product","link":"https:\/\/mskasolutions.com\/fr\/produit\/xl-distributeur-de-700-ml-de-gel-avec-500-ml-de-gel-gratuit\/","title":{"rendered":"XL Distributeur de 700 ml de gel avec 500 ml de GEL GRATUIT"},"content":{"rendered":"<p><strong>Description du produit<\/strong> &#8211; Propre et s\u00fbr, vous n&rsquo;avez plus besoin de toucher quoi que ce soit et de laisser des bact\u00e9ries partout.<\/p>\n<ul>\n<li>Distributeur de savon sans contact, fabriqu\u00e9 en mat\u00e9riau ABS durable, permettant une utilisation durable. La conception du capteur infrarouge intelligent int\u00e9gr\u00e9 et l&rsquo;activation en 0,2 seconde am\u00e9liorent votre exp\u00e9rience de lavage des mains, ce qui vous permet d&rsquo;avoir des mains plus propres et plus hygi\u00e9niques.<\/li>\n<li>\u00c9conomique en \u00e9nergie et en espace, sa grande capacit\u00e9 (700 ml) vous permet de gagner un temps pr\u00e9cieux et d&rsquo;\u00e9conomiser la fr\u00e9quence de remplissage de vos liquides pr\u00e9f\u00e9r\u00e9s en vrac, ce qui r\u00e9duit votre co\u00fbt. De plus, il est possible d&rsquo;utiliser un gel\/liquide de 0,8 \u00e0 1 ml par activation pour r\u00e9duire le gaspillage.<\/li>\n<li>4 piles AA (non incluses) vous permettront de profiter de la distribution de savon mains libres pendant de nombreux mois avant de changer vos piles. La conception du support mural vous permet de gagner de l&rsquo;espace naturellement.<\/li>\n<\/ul>\n<ol>\n<li>Ce distributeur est con\u00e7u pour une utilisation \u00e0 l&rsquo;int\u00e9rieur uniquement. La lumi\u00e8re directe du soleil ou les endroits expos\u00e9s peuvent d\u00e9truire le capteur IR du produit.<\/li>\n<li><span style=\"color: #ff0000;\"><strong>L&rsquo;unit\u00e9 est<\/strong><\/span> convient \u00e0 la plupart des liquides et des gels (y compris l&rsquo;assainisseur d&rsquo;alcool pour gel)<\/li>\n<li>Ne pas utiliser avec de l&rsquo;alcool pur \u00e0 100 % ou un autre liquide chimique<\/li>\n<li>Ce distributeur de savon n&rsquo;est pas \u00e9tanche.<\/li>\n<\/ol>\n<p>Sp\u00e9cifications :<br \/>\nCouleur : Blanc + Transparent<br \/>\nMat\u00e9riel : ABS<br \/>\nInstallation : Montage mural<br \/>\nUtilisation du mode : Automatique<br \/>\nCapacit\u00e9 : 700ml<br \/>\nDistribuer le dosage : 0,8-1ml<br \/>\nAlimentation \u00e9lectrique : 4 * piles AA 1,5V (non incluses)<br \/>\nTension nominale : DC 6V<br \/>\nCourant statique : 60uA<br \/>\nCourant de travail : 200mA<br \/>\nPuissance : 4W<br \/>\nDistance d&rsquo;induction : 0-10cm<\/p>\n<p>Contenu du produit :<br \/>\n1 * Distributeur automatique de savon<br \/>\n3 * Vis de montage<br \/>\n3 * Bouchon \u00e0 vis<br \/>\n1 * Cl\u00e9<br \/>\n1 * Manuel de l&rsquo;utilisateur<\/p>","protected":false},"excerpt":{"rendered":"<p><strong>Sp\u00e9cifications :<\/strong><br \/>\nCouleur : Blanc + Transparent<br \/>\nMat\u00e9riel : ABS<br \/>\nInstallation : Montage mural<br \/>\nUtilisation du mode : Automatique<br \/>\nCapacit\u00e9 : 700ml<br \/>\nDistribuer le dosage : 0,8-1ml<\/p>\n<p>&nbsp;<\/p>\n<p>Alimentation \u00e9lectrique : 4 * piles AA 1,5V (non incluses)<br \/>\nTension nominale : DC 6V<br \/>\nCourant statique : 60uA<br \/>\nCourant de travail : 200mA<br \/>\nPuissance : 4W<br \/>\nDistance d&rsquo;induction : 0-10cm<br \/>\nTaille du produit : 10,5 * 10 * 17,62cm<\/p>\n<p><strong>Liste des paquets :<\/strong><br \/>\n1 * Distributeur automatique de savon<br \/>\n3 * Vis de montage<br \/>\n3 * Bouchon \u00e0 vis<br \/>\n1 * Cl\u00e9<br \/>\n1 * Manuel de l&rsquo;utilisateur<\/p>\n<p><span style=\"color: #ff0000;\">+ 500 ml de GEL GRATUIT<\/span><\/p>\n","protected":false},"featured_media":871125305712,"template":"","meta":[],"product_brand":[],"product_cat":[119,215],"product_tag":[171,195],"class_list":{"0":"post-871125305357","1":"product","2":"type-product","3":"status-publish","4":"has-post-thumbnail","6":"product_cat-hot","7":"product_cat-promo","8":"product_tag-hygiene-medicale","9":"product_tag-promo","10":"product_shipping_class-small-item-gls-only","12":"first","13":"instock","14":"sale","15":"featured","16":"taxable","17":"shipping-taxable","18":"purchasable","19":"product-type-simple"},"_links":{"self":[{"href":"https:\/\/mskasolutions.com\/fr\/wp-json\/wp\/v2\/product\/871125305357","targetHints":{"allow":["GET"]}}],"collection":[{"href":"https:\/\/mskasolutions.com\/fr\/wp-json\/wp\/v2\/product"}],"about":[{"href":"https:\/\/mskasolutions.com\/fr\/wp-json\/wp\/v2\/types\/product"}],"wp:featuredmedia":[{"embeddable":true,"href":"https:\/\/mskasolutions.com\/fr\/wp-json\/wp\/v2\/media\/871125305712"}],"wp:attachment":[{"href":"https:\/\/mskasolutions.com\/fr\/wp-json\/wp\/v2\/media?parent=871125305357"}],"wp:term":[{"taxonomy":"product_brand","embeddable":true,"href":"https:\/\/mskasolutions.com\/fr\/wp-json\/wp\/v2\/product_brand?post=871125305357"},{"taxonomy":"product_cat","embeddable":true,"href":"https:\/\/mskasolutions.com\/fr\/wp-json\/wp\/v2\/product_cat?post=871125305357"},{"taxonomy":"product_tag","embeddable":true,"href":"https:\/\/mskasolutions.com\/fr\/wp-json\/wp\/v2\/product_tag?post=871125305357"}],"curies":[{"name":"wp","href":"https:\/\/api.w.org\/{rel}","templated":true}]}}