{"id":871125305309,"date":"2020-12-03T15:17:22","date_gmt":"2020-12-03T15:17:22","guid":{"rendered":"https:\/\/mskasolutions.com\/?post_type=product&#038;p=871125305309"},"modified":"2026-02-10T09:40:31","modified_gmt":"2026-02-10T09:40:31","slug":"dunlop-cross-wheel-nut-wrench","status":"publish","type":"product","link":"https:\/\/mskasolutions.com\/fr\/produit\/dunlop-cross-wheel-nut-wrench\/","title":{"rendered":"Dunlop &#8211; Cric Voiture"},"content":{"rendered":"<p><\/p>\n<ul>\n<li><span id=\"result_box\" class=\"\" lang=\"fr\"><span class=\"\">Changer les roues de votre voiture n&rsquo;a jamais \u00e9t\u00e9 aussi facile gr\u00e2ce \u00e0 la toute nouvelle cl\u00e9 \u00e0 molette Dunlop<\/span><\/span><span id=\"result_box\" class=\"\" lang=\"fr\"><span class=\"\"> !<\/span><\/span><\/li>\n<li><span id=\"result_box\" class=\"\" lang=\"fr\"><span class=\"\">La cl\u00e9 \u00e0 \u00e9crou de roue crois\u00e9e Dunlop est fabriqu\u00e9e en acier et est compos\u00e9e de 4 inserts de roue de 17 19 21 23 mm qui permettent d&rsquo;utiliser cette cl\u00e9 sur tous les mod\u00e8les populaires.<\/span><\/span><\/li>\n<li><span id=\"result_box\" class=\"\" lang=\"fr\"><span class=\"\">Dimensions : 35,5 x 35,5 x 3 cm<\/span><\/span><\/li>\n<li><span id=\"result_box\" class=\"\" lang=\"fr\"><span class=\"\">Type de cl\u00e9 : Cross<\/span><\/span><\/li>\n<li><span id=\"result_box\" class=\"\" lang=\"fr\"><span class=\"\">Compatibilit\u00e9 : 17-19 -21-23 mm<\/span><\/span><\/li>\n<\/ul>\n<p><span id=\"result_box\" class=\"\" lang=\"fr\"><span class=\"\">\u00a0<\/span><\/span><\/p>","protected":false},"excerpt":{"rendered":"<ul>\n<li><span id=\"result_box\" class=\"\" lang=\"fr\"><span class=\"\">Dimensions : 35,5 x 35,5 x 3 cm<\/span><\/span><\/li>\n<li><span id=\"result_box\" class=\"\" lang=\"fr\"><span class=\"\">Type de cl\u00e9 : Cross<\/span><\/span><\/li>\n<li><span id=\"result_box\" class=\"\" lang=\"fr\"><span class=\"\">Compatibilit\u00e9 : 17-19 -21-23 mm<\/span><\/span><\/li>\n<\/ul>\n","protected":false},"featured_media":871125307303,"template":"","meta":[],"product_brand":[],"product_cat":[108,84,119],"product_tag":[177,187,188,195],"class_list":{"0":"post-871125305309","1":"product","2":"type-product","3":"status-publish","4":"has-post-thumbnail","6":"product_cat-non-classe","7":"product_cat-speedcam-locators","8":"product_cat-hot","9":"product_tag-accessoires-auto","10":"product_tag-dunlop","11":"product_tag-inforad","12":"product_tag-promo","13":"product_shipping_class-small-item-gls-only","15":"first","16":"instock","17":"sale","18":"taxable","19":"shipping-taxable","20":"purchasable","21":"product-type-simple"},"_links":{"self":[{"href":"https:\/\/mskasolutions.com\/fr\/wp-json\/wp\/v2\/product\/871125305309","targetHints":{"allow":["GET"]}}],"collection":[{"href":"https:\/\/mskasolutions.com\/fr\/wp-json\/wp\/v2\/product"}],"about":[{"href":"https:\/\/mskasolutions.com\/fr\/wp-json\/wp\/v2\/types\/product"}],"wp:featuredmedia":[{"embeddable":true,"href":"https:\/\/mskasolutions.com\/fr\/wp-json\/wp\/v2\/media\/871125307303"}],"wp:attachment":[{"href":"https:\/\/mskasolutions.com\/fr\/wp-json\/wp\/v2\/media?parent=871125305309"}],"wp:term":[{"taxonomy":"product_brand","embeddable":true,"href":"https:\/\/mskasolutions.com\/fr\/wp-json\/wp\/v2\/product_brand?post=871125305309"},{"taxonomy":"product_cat","embeddable":true,"href":"https:\/\/mskasolutions.com\/fr\/wp-json\/wp\/v2\/product_cat?post=871125305309"},{"taxonomy":"product_tag","embeddable":true,"href":"https:\/\/mskasolutions.com\/fr\/wp-json\/wp\/v2\/product_tag?post=871125305309"}],"curies":[{"name":"wp","href":"https:\/\/api.w.org\/{rel}","templated":true}]}}