{"id":871125305126,"date":"2020-10-01T12:42:59","date_gmt":"2020-10-01T11:42:59","guid":{"rendered":"https:\/\/mskasolutions.com\/?post_type=product&#038;p=871125305126"},"modified":"2023-08-01T12:16:18","modified_gmt":"2023-08-01T11:16:18","slug":"wheelie-bin-freshners","status":"publish","type":"product","link":"https:\/\/mskasolutions.com\/fr\/produit\/wheelie-bin-freshners\/","title":{"rendered":"D\u00e9sodorisants pour poubelles \u00e0 roulettes &#8211; Lot de 3"},"content":{"rendered":"<p>Fini les odeurs de poubelle d\u00e9sagr\u00e9ables !<br \/>\nDes parfums de fruits subtils pour \u00e9liminer les mauvaises odeurs<br \/>\nIl suffit de le fixer \u00e0 l&rsquo;int\u00e9rieur du couvercle de la poubelle \u00e0 l&rsquo;aide d&rsquo;une fixation auto-adh\u00e9sive (incluse)<br \/>\nSenteurs incluses : Citron, citron vert et pomme<\/p>","protected":false},"excerpt":{"rendered":"<p>Fini les odeurs de poubelle d\u00e9sagr\u00e9ables !<br \/>\nDes parfums de fruits subtils pour \u00e9liminer les mauvaises odeurs<br \/>\nIl suffit de le fixer \u00e0 l&rsquo;int\u00e9rieur du couvercle de la poubelle \u00e0 l&rsquo;aide d&rsquo;une fixation auto-adh\u00e9sive (incluse)<br \/>\nSenteurs incluses : Citron, citron vert et pomme<\/p>\n","protected":false},"featured_media":871125305131,"template":"","meta":[],"product_brand":[],"product_cat":[108,215],"product_tag":[181,197],"class_list":{"0":"post-871125305126","1":"product","2":"type-product","3":"status-publish","4":"has-post-thumbnail","6":"product_cat-non-classe","7":"product_cat-promo","8":"product_tag-electromenager-et-cuisine","9":"product_tag-promo-2","10":"product_shipping_class-small-item-gls-only","12":"first","13":"instock","14":"sale","15":"taxable","16":"shipping-taxable","17":"purchasable","18":"product-type-simple"},"_links":{"self":[{"href":"https:\/\/mskasolutions.com\/fr\/wp-json\/wp\/v2\/product\/871125305126","targetHints":{"allow":["GET"]}}],"collection":[{"href":"https:\/\/mskasolutions.com\/fr\/wp-json\/wp\/v2\/product"}],"about":[{"href":"https:\/\/mskasolutions.com\/fr\/wp-json\/wp\/v2\/types\/product"}],"wp:featuredmedia":[{"embeddable":true,"href":"https:\/\/mskasolutions.com\/fr\/wp-json\/wp\/v2\/media\/871125305131"}],"wp:attachment":[{"href":"https:\/\/mskasolutions.com\/fr\/wp-json\/wp\/v2\/media?parent=871125305126"}],"wp:term":[{"taxonomy":"product_brand","embeddable":true,"href":"https:\/\/mskasolutions.com\/fr\/wp-json\/wp\/v2\/product_brand?post=871125305126"},{"taxonomy":"product_cat","embeddable":true,"href":"https:\/\/mskasolutions.com\/fr\/wp-json\/wp\/v2\/product_cat?post=871125305126"},{"taxonomy":"product_tag","embeddable":true,"href":"https:\/\/mskasolutions.com\/fr\/wp-json\/wp\/v2\/product_tag?post=871125305126"}],"curies":[{"name":"wp","href":"https:\/\/api.w.org\/{rel}","templated":true}]}}