{"id":871125305095,"date":"2020-09-20T15:36:47","date_gmt":"2020-09-20T13:36:47","guid":{"rendered":"https:\/\/mskasolutions.com\/?post_type=product&#038;p=871125305095"},"modified":"2022-07-13T15:06:19","modified_gmt":"2022-07-13T14:06:19","slug":"dunlop-15function-tool","status":"publish","type":"product","link":"https:\/\/mskasolutions.com\/fr\/produit\/dunlop-15function-tool\/","title":{"rendered":"Dunlop &#8211; Outil multifonctionnel pour bicyclette 15 fonctions avec sac de transport inclus"},"content":{"rendered":"<p>Dunlop &#8211; Outil multifonctionnel pour bicyclette 15 fonctions avec sac de transport inclus<\/p>\n<p>Outil multiple de Dunlop<\/p>\n<p>Cet outil pliant est id\u00e9al pour travailler sur votre v\u00e9lo \u00e0 la maison ou pour l&#8217;emporter avec vous lors de vos d\u00e9placements \u00e0 v\u00e9lo pour des r\u00e9parations mineures.<\/p>\n<p>Sp\u00e9cifications :<br \/>\nCouleur : noir<br \/>\nMat\u00e9riaux : plastique, acier<br \/>\nDimensions : 9 x 4,5 x 1,5 cm (L x l x P)<br \/>\nNombre de fonctions : 15<br \/>\nPoids : 130 grammes<\/p>","protected":false},"excerpt":{"rendered":"<p><strong>Sp\u00e9cifications :<\/strong><br \/>\nCouleur : noir<br \/>\nMat\u00e9riaux : plastique, acier<br \/>\nDimensions : 9 x 4,5 x 1,5 cm (L x l x P)<br \/>\nNombre de fonctions : 15<br \/>\nPoids : 130 grammes<\/p>\n<p><strong>Contenu<\/strong> :<br \/>\n1 Multi-outil<br \/>\n1 Sac de transport<\/p>\n","protected":false},"featured_media":871125305102,"template":"","meta":[],"product_brand":[],"product_cat":[108],"product_tag":[179,187,195],"class_list":{"0":"post-871125305095","1":"product","2":"type-product","3":"status-publish","4":"has-post-thumbnail","6":"product_cat-non-classe","7":"product_tag-accessoires-velo","8":"product_tag-dunlop","9":"product_tag-promo","10":"product_shipping_class-small-item-gls-only","12":"first","13":"instock","14":"sale","15":"taxable","16":"shipping-taxable","17":"purchasable","18":"product-type-simple"},"_links":{"self":[{"href":"https:\/\/mskasolutions.com\/fr\/wp-json\/wp\/v2\/product\/871125305095","targetHints":{"allow":["GET"]}}],"collection":[{"href":"https:\/\/mskasolutions.com\/fr\/wp-json\/wp\/v2\/product"}],"about":[{"href":"https:\/\/mskasolutions.com\/fr\/wp-json\/wp\/v2\/types\/product"}],"wp:featuredmedia":[{"embeddable":true,"href":"https:\/\/mskasolutions.com\/fr\/wp-json\/wp\/v2\/media\/871125305102"}],"wp:attachment":[{"href":"https:\/\/mskasolutions.com\/fr\/wp-json\/wp\/v2\/media?parent=871125305095"}],"wp:term":[{"taxonomy":"product_brand","embeddable":true,"href":"https:\/\/mskasolutions.com\/fr\/wp-json\/wp\/v2\/product_brand?post=871125305095"},{"taxonomy":"product_cat","embeddable":true,"href":"https:\/\/mskasolutions.com\/fr\/wp-json\/wp\/v2\/product_cat?post=871125305095"},{"taxonomy":"product_tag","embeddable":true,"href":"https:\/\/mskasolutions.com\/fr\/wp-json\/wp\/v2\/product_tag?post=871125305095"}],"curies":[{"name":"wp","href":"https:\/\/api.w.org\/{rel}","templated":true}]}}