{"id":871125305059,"date":"2020-08-02T02:19:26","date_gmt":"2020-08-02T00:19:26","guid":{"rendered":"https:\/\/mskasolutions.com\/?post_type=product&#038;p=871125305059"},"modified":"2025-06-06T09:34:37","modified_gmt":"2025-06-06T08:34:37","slug":"ppe-6pack-travel-bag","status":"publish","type":"product","link":"https:\/\/mskasolutions.com\/fr\/produit\/ppe-6pack-travel-bag\/","title":{"rendered":"KIT DE VOYAGE PPE avec 6 articles livr\u00e9 dans un sac zip transparent"},"content":{"rendered":"<p>Ce kit de voyage pratique contient toutes les mesures de s\u00e9curit\u00e9 \u00e0 prendre lors de vos d\u00e9placements, id\u00e9al pour la voiture \u00e0 la maison et au bureau<\/p>","protected":false},"excerpt":{"rendered":"<ul>\n<li><strong>Masque facial 3ply x 10<\/strong><\/li>\n<li><strong>REACT &#8211; Lingettes antibact\u00e9riennes pour les mains et les surfaces &#8211; biod\u00e9gradable &#8211; paquet de 60 &#8211; tue 99,9 % des bact\u00e9ries<\/strong><\/li>\n<li><strong>\u00a080 ml Gel assainissant \/ antibact\u00e9rien tue 99,9 % des bact\u00e9ries avec 70 % d&rsquo;alcool<\/strong><\/li>\n<li><strong>6 Pcs \/ Lot Gants En Nitrile jetables R\u00e9sistant \u00e0 L&rsquo;usure Gants<\/strong><\/li>\n<li><strong>Bo\u00eete de 4 lingettes \/ sachets d&rsquo;alcool<\/strong><\/li>\n<li><strong>Masque facial KN95\u00a0 x 3<\/strong><\/li>\n<li><strong>Livr\u00e9 dans un sac en plastique transparent avec fermeture \u00e9clair<\/strong><\/li>\n<\/ul>\n","protected":false},"featured_media":871125305060,"template":"","meta":[],"product_brand":[],"product_cat":[119],"product_tag":[171,195],"class_list":{"0":"post-871125305059","1":"product","2":"type-product","3":"status-publish","4":"has-post-thumbnail","6":"product_cat-hot","7":"product_tag-hygiene-medicale","8":"product_tag-promo","9":"product_shipping_class-small-item-gls-only","11":"first","12":"instock","13":"sale","14":"featured","15":"taxable","16":"shipping-taxable","17":"purchasable","18":"product-type-simple"},"_links":{"self":[{"href":"https:\/\/mskasolutions.com\/fr\/wp-json\/wp\/v2\/product\/871125305059","targetHints":{"allow":["GET"]}}],"collection":[{"href":"https:\/\/mskasolutions.com\/fr\/wp-json\/wp\/v2\/product"}],"about":[{"href":"https:\/\/mskasolutions.com\/fr\/wp-json\/wp\/v2\/types\/product"}],"wp:featuredmedia":[{"embeddable":true,"href":"https:\/\/mskasolutions.com\/fr\/wp-json\/wp\/v2\/media\/871125305060"}],"wp:attachment":[{"href":"https:\/\/mskasolutions.com\/fr\/wp-json\/wp\/v2\/media?parent=871125305059"}],"wp:term":[{"taxonomy":"product_brand","embeddable":true,"href":"https:\/\/mskasolutions.com\/fr\/wp-json\/wp\/v2\/product_brand?post=871125305059"},{"taxonomy":"product_cat","embeddable":true,"href":"https:\/\/mskasolutions.com\/fr\/wp-json\/wp\/v2\/product_cat?post=871125305059"},{"taxonomy":"product_tag","embeddable":true,"href":"https:\/\/mskasolutions.com\/fr\/wp-json\/wp\/v2\/product_tag?post=871125305059"}],"curies":[{"name":"wp","href":"https:\/\/api.w.org\/{rel}","templated":true}]}}