{"id":871125305049,"date":"2020-07-27T18:25:04","date_gmt":"2020-07-27T17:25:04","guid":{"rendered":"https:\/\/mskasolutions.com\/?post_type=product&#038;p=871125305049"},"modified":"2024-07-02T13:02:25","modified_gmt":"2024-07-02T12:02:25","slug":"dunlop-floorpump-large-gauge","status":"publish","type":"product","link":"https:\/\/mskasolutions.com\/fr\/produit\/dunlop-floorpump-large-gauge\/","title":{"rendered":"La pompe \u00e0 v\u00e9lo Dunlop avec manom\u00e8tre analge comprend des adaptateurs"},"content":{"rendered":"<p>Pompe pour piste cyclable Dunlop avec manom\u00e8tre. Avec cette pompe \u00e0 air universelle et robuste de Dunlop, le gonflage des pneus de voiture, de v\u00e9lo, de ballons de football et bien plus encore est un jeu d&rsquo;enfant. Gr\u00e2ce \u00e0 son socle robuste, la pompe \u00e0 air est fix\u00e9e au sol et assure une assise solide. Gr\u00e2ce \u00e0 la t\u00eate de pompe \u00e0 deux buses et au joint d&rsquo;\u00e9tanch\u00e9it\u00e9 \u00e0 l&rsquo;air, vous n&rsquo;aurez aucune perte de pression lors de la fixation du connecteur \u00e0 la valve. Les diff\u00e9rents adaptateurs et la longue course permettent de gonfler facilement presque tous vos articles gonflables. Le support de tuyau permet un rangement ordonn\u00e9 et peu encombrant. Le manom\u00e8tre vous permet d&rsquo;afficher la pression jusqu&rsquo;\u00e0 un maximum de 11 bars ou 160 PSi. Toujours \u00e0 port\u00e9e de vue : Les valves se trouvent dans une bo\u00eete de rangement pratique sur la pompe \u00e0 air. &#8211; Pompe de sol pour v\u00e9lo Dunlop. &#8211; Manom\u00e8tre avec \u00e9chelle de bar et PSI. &#8211; Utilisation universelle. &#8211; Base robuste. &#8211; T\u00eate de pompe avec deux buses et joint d&rsquo;\u00e9tanch\u00e9it\u00e9 \u00e0 l&rsquo;air. &#8211; Support de tuyau. &#8211; Poign\u00e9e robuste. &#8211; 2 adaptateurs dans une bo\u00eete de rangement pratique. &#8211; Convient pour : Voitures, v\u00e9los, ballons et toutes les valves standard. &#8211; Petit embout pour les soupapes Presta\/Dunlop. &#8211; Grande buse pour les soupapes Schrader. &#8211; 11 bar\/160 psi. &#8211; Dimensions de l&rsquo;appareil (B x P x H) : environ 22 x 15,5 x 60 &#8211; 100 cm. &#8211; Longueur du tuyau : environ 75 cm. &#8211; Poids : environ 0,9 kg. &#8211; Mat\u00e9riel : M\u00e9tal, plastique. &#8211; Couleur : noir.<\/p>\n<p>&nbsp;<\/p>","protected":false},"excerpt":{"rendered":"<ul>\n<li>Pompe de sol pour v\u00e9lo Dunlop avec manom\u00e8tre comprenant 2 adaptateurs dans une bo\u00eete de rangement pratique sur la pompe \u00e0 air et un porte-tuyau.<\/li>\n<li>Les diff\u00e9rents adaptateurs et la longue course permettent de gonfler presque tous vos objets gonflables.<\/li>\n<li>Gr\u00e2ce \u00e0 sa base stable, la pompe \u00e0 air est fix\u00e9e au sol et assure une assise solide.<\/li>\n<li>Cette pompe \u00e0 v\u00e9lo est universelle &#8211; gonfler des pneus de voiture, de v\u00e9lo, des ballons de football et bien plus encore est un jeu d&rsquo;enfant.<\/li>\n<li>Avec le manom\u00e8tre, vous avez toujours un affichage de la pression jusqu&rsquo;\u00e0 11 bars ou 160 PSi en vue.<\/li>\n<\/ul>\n","protected":false},"featured_media":871125305968,"template":"","meta":[],"product_brand":[],"product_cat":[108],"product_tag":[179,187,180,195,197,183],"class_list":{"0":"post-871125305049","1":"product","2":"type-product","3":"status-publish","4":"has-post-thumbnail","6":"product_cat-non-classe","7":"product_tag-accessoires-velo","8":"product_tag-dunlop","9":"product_tag-pompes-et-compresseurs","10":"product_tag-promo","11":"product_tag-promo-2","12":"product_tag-sports-et-loisirs","13":"product_shipping_class-small-item-gls-only","15":"first","16":"outofstock","17":"sale","18":"taxable","19":"shipping-taxable","20":"purchasable","21":"product-type-simple"},"_links":{"self":[{"href":"https:\/\/mskasolutions.com\/fr\/wp-json\/wp\/v2\/product\/871125305049","targetHints":{"allow":["GET"]}}],"collection":[{"href":"https:\/\/mskasolutions.com\/fr\/wp-json\/wp\/v2\/product"}],"about":[{"href":"https:\/\/mskasolutions.com\/fr\/wp-json\/wp\/v2\/types\/product"}],"wp:featuredmedia":[{"embeddable":true,"href":"https:\/\/mskasolutions.com\/fr\/wp-json\/wp\/v2\/media\/871125305968"}],"wp:attachment":[{"href":"https:\/\/mskasolutions.com\/fr\/wp-json\/wp\/v2\/media?parent=871125305049"}],"wp:term":[{"taxonomy":"product_brand","embeddable":true,"href":"https:\/\/mskasolutions.com\/fr\/wp-json\/wp\/v2\/product_brand?post=871125305049"},{"taxonomy":"product_cat","embeddable":true,"href":"https:\/\/mskasolutions.com\/fr\/wp-json\/wp\/v2\/product_cat?post=871125305049"},{"taxonomy":"product_tag","embeddable":true,"href":"https:\/\/mskasolutions.com\/fr\/wp-json\/wp\/v2\/product_tag?post=871125305049"}],"curies":[{"name":"wp","href":"https:\/\/api.w.org\/{rel}","templated":true}]}}