{"id":871125305018,"date":"2020-07-04T15:57:05","date_gmt":"2020-07-04T14:57:05","guid":{"rendered":"https:\/\/mskasolutions.com\/?post_type=product&#038;p=871125305018"},"modified":"2024-09-25T11:21:35","modified_gmt":"2024-09-25T10:21:35","slug":"couverture-etanche-universelle-avec-support-pour-telephone-navigation-de-dunlop","status":"publish","type":"product","link":"https:\/\/mskasolutions.com\/fr\/produit\/couverture-etanche-universelle-avec-support-pour-telephone-navigation-de-dunlop\/","title":{"rendered":"Couverture \u00e9tanche universelle avec support pour t\u00e9l\u00e9phone \/ navigation de Dunlop"},"content":{"rendered":"<p><strong>Support pour smartphone Dunlop Bicycle &#8211; mont\u00e9 sur le guidon et r\u00e9sistant aux \u00e9claboussures<\/strong><\/p>\n<p>L&rsquo;\u00e9tui et la poign\u00e9e sont fabriqu\u00e9s avec des mat\u00e9riaux de haute qualit\u00e9, ce qui les rend extr\u00eamement durables et r\u00e9sistants \u00e0 toutes sortes de dommages.<\/p>\n<p>Dimensions de la couverture : 170 x 100 x 30 mm<\/p>\n<p>Recommand\u00e9 pour les smartphones de 5,8 \u00e0 6,7 pouces.<\/p>\n<p>Diam\u00e8tre du guidon max : 25mm<\/p>\n<p>La marque Dunlop\u00ae est un fabricant d&rsquo;accessoires automobiles de haute qualit\u00e9. Depuis le d\u00e9but, la marque DUNLOP a port\u00e9 une attention particuli\u00e8re \u00e0 la qualit\u00e9 de ses produits.<\/p>\n<p>La qualit\u00e9 de la fabrication et la durabilit\u00e9 des mat\u00e9riaux sont les principales caract\u00e9ristiques de la marque. Tous les accessoires pour voitures, v\u00e9los et motos propos\u00e9s par la marque DUNLOP ont \u00e9t\u00e9 test\u00e9s et certifi\u00e9s au Royaume-Uni et dans l&rsquo;Union europ\u00e9enne.<\/p>\n<p>Les accessoires DUNLOP sont connus et appr\u00e9ci\u00e9s par les clients du monde entier.<\/p>\n<p><strong>Sp\u00e9cifications :<\/strong><\/p>\n<p>&#8211; Peut \u00eatre tourn\u00e9 \u00e0 360 degr\u00e9s,<\/p>\n<p>&#8211; La salet\u00e9 est facile \u00e0 nettoyer, il suffit de l&rsquo;essuyer avec une \u00e9ponge humide,<\/p>\n<p>&#8211; Peut \u00eatre utilis\u00e9 toute l&rsquo;ann\u00e9e et par tous les temps sur un v\u00e9lo, un scooter ou une moto,<\/p>\n<p>&#8211; Gr\u00e2ce au rev\u00eatement ol\u00e9ophobe, les empreintes digitales sont invisibles,<\/p>\n<p>&#8211; La fa\u00e7ade transparente dirige le toucher, ce qui vous permet d&rsquo;utiliser le t\u00e9l\u00e9phone sans le sortir,<\/p>\n<p>&#8211; La durabilit\u00e9 des mat\u00e9riaux et leurs propri\u00e9t\u00e9s anti-vibratoires prot\u00e8gent parfaitement l&rsquo;appareil contre la salet\u00e9, l&rsquo;eau et d&rsquo;autres dommages pendant la conduite,<\/p>\n<p>&#8211; Le montage facile, sans outils suppl\u00e9mentaires, permet de d\u00e9placer tr\u00e8s facilement la poign\u00e9e et la valise d&rsquo;un v\u00e9hicule \u00e0 l&rsquo;autre,<\/p>\n<p>&#8211; L&rsquo;ensemble comprend un \u00e9tui, des inserts permettant d&rsquo;ajuster l&rsquo;\u00e9paisseur au t\u00e9l\u00e9phone et un support permettant de le monter sur le guidon d&rsquo;une moto, d&rsquo;un quad ou d&rsquo;un v\u00e9lo.<\/p>","protected":false},"excerpt":{"rendered":"<ul>\n<li>Support Dunlop Smartphone pour guidon de bicyclette et de moto.<\/li>\n<li>Avec pochette anti-\u00e9claboussures, fa\u00e7ade transparente pour la lecture et l&rsquo;utilisation de l&rsquo;\u00e9cran tactile.<\/li>\n<li>Taille du sac : Environ 170 x 100 x 30 mm (H\/L\/P)<\/li>\n<li>Facile \u00e0 installer, sans outils, support articul\u00e9 \u00e0 360\u00b0.<\/li>\n<li>Mat\u00e9riau : plastique<\/li>\n<li>Couleur : noir<\/li>\n<\/ul>\n","protected":false},"featured_media":871125305021,"template":"","meta":[],"product_brand":[],"product_cat":[215],"product_tag":[179,187,195,183],"class_list":{"0":"post-871125305018","1":"product","2":"type-product","3":"status-publish","4":"has-post-thumbnail","6":"product_cat-promo","7":"product_tag-accessoires-velo","8":"product_tag-dunlop","9":"product_tag-promo","10":"product_tag-sports-et-loisirs","11":"product_shipping_class-small-item-gls-only","13":"first","14":"instock","15":"sale","16":"taxable","17":"shipping-taxable","18":"purchasable","19":"product-type-simple"},"_links":{"self":[{"href":"https:\/\/mskasolutions.com\/fr\/wp-json\/wp\/v2\/product\/871125305018","targetHints":{"allow":["GET"]}}],"collection":[{"href":"https:\/\/mskasolutions.com\/fr\/wp-json\/wp\/v2\/product"}],"about":[{"href":"https:\/\/mskasolutions.com\/fr\/wp-json\/wp\/v2\/types\/product"}],"wp:featuredmedia":[{"embeddable":true,"href":"https:\/\/mskasolutions.com\/fr\/wp-json\/wp\/v2\/media\/871125305021"}],"wp:attachment":[{"href":"https:\/\/mskasolutions.com\/fr\/wp-json\/wp\/v2\/media?parent=871125305018"}],"wp:term":[{"taxonomy":"product_brand","embeddable":true,"href":"https:\/\/mskasolutions.com\/fr\/wp-json\/wp\/v2\/product_brand?post=871125305018"},{"taxonomy":"product_cat","embeddable":true,"href":"https:\/\/mskasolutions.com\/fr\/wp-json\/wp\/v2\/product_cat?post=871125305018"},{"taxonomy":"product_tag","embeddable":true,"href":"https:\/\/mskasolutions.com\/fr\/wp-json\/wp\/v2\/product_tag?post=871125305018"}],"curies":[{"name":"wp","href":"https:\/\/api.w.org\/{rel}","templated":true}]}}