{"id":871125304991,"date":"2020-07-01T12:32:41","date_gmt":"2020-07-01T11:32:41","guid":{"rendered":"https:\/\/mskasolutions.com\/?post_type=product&#038;p=871125304991"},"modified":"2022-07-13T15:06:20","modified_gmt":"2022-07-13T14:06:20","slug":"pompe-a-main-pour-velo-avec-manometre-225-cm-noir","status":"publish","type":"product","link":"https:\/\/mskasolutions.com\/fr\/produit\/pompe-a-main-pour-velo-avec-manometre-225-cm-noir\/","title":{"rendered":"Pompe \u00e0 main pour v\u00e9lo avec manom\u00e8tre 22,5 cm noir"},"content":{"rendered":"<p>Couleur : Noir<br \/>\nMat\u00e9riel : Plastique<br \/>\nType de valve : Auto valve, valve fran\u00e7aise ,Blitz Valve,<br \/>\nJauge de pression : Oui<\/p>\n<p>&nbsp;<\/p>","protected":false},"excerpt":{"rendered":"<p>Pompe \u00e0 main pour v\u00e9lo avec manom\u00e8tre 22,5 cm noir<\/p>\n<p>Couleur : Noir<br \/>\nMat\u00e9riel : Plastique<br \/>\nType de valve : Auto valve, valve fran\u00e7aise ,Blitz Valve,<br \/>\nJauge de pression : Oui<\/p>\n","protected":false},"featured_media":871125304996,"template":"","meta":[],"product_brand":[],"product_cat":[215],"product_tag":[179,187,180,195,183],"class_list":{"0":"post-871125304991","1":"product","2":"type-product","3":"status-publish","4":"has-post-thumbnail","6":"product_cat-promo","7":"product_tag-accessoires-velo","8":"product_tag-dunlop","9":"product_tag-pompes-et-compresseurs","10":"product_tag-promo","11":"product_tag-sports-et-loisirs","12":"product_shipping_class-small-item-gls-only","14":"first","15":"instock","16":"sale","17":"taxable","18":"shipping-taxable","19":"purchasable","20":"product-type-simple"},"_links":{"self":[{"href":"https:\/\/mskasolutions.com\/fr\/wp-json\/wp\/v2\/product\/871125304991","targetHints":{"allow":["GET"]}}],"collection":[{"href":"https:\/\/mskasolutions.com\/fr\/wp-json\/wp\/v2\/product"}],"about":[{"href":"https:\/\/mskasolutions.com\/fr\/wp-json\/wp\/v2\/types\/product"}],"wp:featuredmedia":[{"embeddable":true,"href":"https:\/\/mskasolutions.com\/fr\/wp-json\/wp\/v2\/media\/871125304996"}],"wp:attachment":[{"href":"https:\/\/mskasolutions.com\/fr\/wp-json\/wp\/v2\/media?parent=871125304991"}],"wp:term":[{"taxonomy":"product_brand","embeddable":true,"href":"https:\/\/mskasolutions.com\/fr\/wp-json\/wp\/v2\/product_brand?post=871125304991"},{"taxonomy":"product_cat","embeddable":true,"href":"https:\/\/mskasolutions.com\/fr\/wp-json\/wp\/v2\/product_cat?post=871125304991"},{"taxonomy":"product_tag","embeddable":true,"href":"https:\/\/mskasolutions.com\/fr\/wp-json\/wp\/v2\/product_tag?post=871125304991"}],"curies":[{"name":"wp","href":"https:\/\/api.w.org\/{rel}","templated":true}]}}