{"id":871125304989,"date":"2020-07-01T12:05:35","date_gmt":"2020-07-01T11:05:35","guid":{"rendered":"https:\/\/mskasolutions.com\/?post_type=product&#038;p=871125304989"},"modified":"2025-11-08T12:22:00","modified_gmt":"2025-11-08T12:22:00","slug":"double-sac-a-velo-pour-les-bagages-pannier-dunlop","status":"publish","type":"product","link":"https:\/\/mskasolutions.com\/fr\/produit\/double-sac-a-velo-pour-les-bagages-pannier-dunlop\/","title":{"rendered":"Dunlop &#8211; Sacoche double pour v\u00e9lo \/ sacoche lat\u00e9rale &#8211; Noir avec panneau lat\u00e9ral bleu"},"content":{"rendered":"<p>Sacoche double pour v\u00e9lo Dunlop &#8211; 23 litres (2 x 13 l) avec poign\u00e9e<\/p>\n<p>La sacoche double pour v\u00e9lo Dunlop est fabriqu\u00e9e en nylon et est imperm\u00e9able. Les sacoches sont \u00e9quip\u00e9es de bandes r\u00e9fl\u00e9chissantes pour \u00eatre plus visibles dans la circulation.<br \/>\n<strong><br \/>\nDescription du produit<\/strong><br \/>\nLa sacoche double pour v\u00e9lo peut \u00eatre facilement fix\u00e9e au porte-bagages \u00e0 l&rsquo;aide de la fermeture Velcro.<br \/>\nElle peut \u00e9galement \u00eatre utilis\u00e9e sur n&rsquo;importe quel v\u00e9lo \u00e9quip\u00e9 d&rsquo;un porte-bagages.<br \/>\nLe sac est \u00e9quip\u00e9 de r\u00e9flecteurs \u00e0 l&rsquo;arri\u00e8re et est enti\u00e8rement imperm\u00e9able.<br \/>\nIl est \u00e9galement muni d&rsquo;une poign\u00e9e pour faciliter le transport, par exemple lors des courses.<\/p>\n<p><strong>Informations sur le produit :<\/strong><br \/>\n&#8211; Marque : Dunlop<br \/>\n&#8211; Couleur : noir avec panneau lat\u00e9ral bleu<br \/>\n&#8211; Dimensions totales du sac \u00e0 v\u00e9lo : \u00b1 35 cm de large x 32 cm de long x 27 cm de profondeur<br \/>\n&#8211; Dimensions de chacun des 2 compartiments : environ 12 cm de large x cm de long x 25 cm de profondeur<br \/>\n&#8211; Largeur (sur le porte-bagages) : 12 cm de large et 37 cm de long<br \/>\n&#8211; R\u00e9sistant \u00e0 l&rsquo;eau<br \/>\n&#8211; Capacit\u00e9 : \u00b1 15 litres<br \/>\n&#8211; Mat\u00e9riau : nylon<br \/>\n&#8211; Convient pour : v\u00e9los avec porte-bagages<br \/>\n&#8211; Fermeture : fermeture \u00e9clair<br \/>\n&#8211; Comprend une bande r\u00e9fl\u00e9chissante pour plus de s\u00e9curit\u00e9 dans la circulation<br \/>\n&#8211; Facile \u00e0 fixer<br \/>\n&#8211; Ne convient pas aux v\u00e9los \u00e9lectriques<br \/>\n&#8211; Sac de belle finition au look sportif<br \/>\n&#8211; Partiellement pr\u00e9form\u00e9<br \/>\n&#8211; Sangles sous le panneau central pour la fixation<br \/>\n&#8211; Homologu\u00e9 CE<\/p>","protected":false},"excerpt":{"rendered":"<p>Sacoche double Dunlop<br \/>\nMat\u00e9riau : nylon imperm\u00e9able, doublure : 100 % polyester<br \/>\nDimensions : 36 x 30 x 12 cm &#8211; Capacit\u00e9 : 2 x 13 litres<br \/>\n2 grands compartiments &#8211; 2 poches lat\u00e9rales<br \/>\nFixation sur le porte-bagages \u00e0 l&rsquo;aide de sangles Velcro &#8211; d\u00e9tails r\u00e9fl\u00e9chissants<\/p>\n","protected":false},"featured_media":871125307544,"template":"","meta":[],"product_brand":[],"product_cat":[108],"product_tag":[179,187,195],"class_list":{"0":"post-871125304989","1":"product","2":"type-product","3":"status-publish","4":"has-post-thumbnail","6":"product_cat-non-classe","7":"product_tag-accessoires-velo","8":"product_tag-dunlop","9":"product_tag-promo","10":"product_shipping_class-small-item-gls-only","12":"first","13":"instock","14":"sale","15":"taxable","16":"shipping-taxable","17":"purchasable","18":"product-type-simple"},"_links":{"self":[{"href":"https:\/\/mskasolutions.com\/fr\/wp-json\/wp\/v2\/product\/871125304989","targetHints":{"allow":["GET"]}}],"collection":[{"href":"https:\/\/mskasolutions.com\/fr\/wp-json\/wp\/v2\/product"}],"about":[{"href":"https:\/\/mskasolutions.com\/fr\/wp-json\/wp\/v2\/types\/product"}],"wp:featuredmedia":[{"embeddable":true,"href":"https:\/\/mskasolutions.com\/fr\/wp-json\/wp\/v2\/media\/871125307544"}],"wp:attachment":[{"href":"https:\/\/mskasolutions.com\/fr\/wp-json\/wp\/v2\/media?parent=871125304989"}],"wp:term":[{"taxonomy":"product_brand","embeddable":true,"href":"https:\/\/mskasolutions.com\/fr\/wp-json\/wp\/v2\/product_brand?post=871125304989"},{"taxonomy":"product_cat","embeddable":true,"href":"https:\/\/mskasolutions.com\/fr\/wp-json\/wp\/v2\/product_cat?post=871125304989"},{"taxonomy":"product_tag","embeddable":true,"href":"https:\/\/mskasolutions.com\/fr\/wp-json\/wp\/v2\/product_tag?post=871125304989"}],"curies":[{"name":"wp","href":"https:\/\/api.w.org\/{rel}","templated":true}]}}