{"id":871125304986,"date":"2020-07-01T11:27:57","date_gmt":"2020-07-01T09:27:57","guid":{"rendered":"https:\/\/mskasolutions.com\/?post_type=product&#038;p=871125304986"},"modified":"2025-07-25T11:10:16","modified_gmt":"2025-07-25T10:10:16","slug":"sacoche-dunlop-1-litre-bleu-noir","status":"publish","type":"product","link":"https:\/\/mskasolutions.com\/fr\/produit\/sacoche-dunlop-1-litre-bleu-noir\/","title":{"rendered":"Sacoche de selle Dunlop pour v\u00e9lo, 1 litre, bleu ou noir"},"content":{"rendered":"<p>Sp\u00e9cifications :<\/p>\n<ul>\n<li>Couleur : bleu \/ noir<\/li>\n<li>Genre : unisexe<\/li>\n<li>Mat\u00e9riau : nylon<\/li>\n<li>Type de fermeture : \u00e0 glissi\u00e8re<\/li>\n<li>Fixation : Velcro<\/li>\n<li>Convient aux v\u00e9los \u00e9lectriques : oui<\/li>\n<li>Contenu : 1 litre<\/li>\n<li>Dimensions : 21 x 9 x 7 cm (L x l x h)<\/li>\n<li>R\u00e9flexion : oui<\/li>\n<li>R\u00e9sistant \u00e0 l&rsquo;eau : hydrofuge<\/li>\n<\/ul>\n<p>&nbsp;<\/p>","protected":false},"excerpt":{"rendered":"<p>Sacoche Dunlop 1 Litre Bleu\/Noir<\/p>\n<p>Cette sacoche est id\u00e9ale \u00e0 emporter lors de longues promenades \u00e0 v\u00e9lo. Attachez-la \u00e0 votre selle et vous aurez ainsi toujours vos objets de valeur \u00e0 port\u00e9e de main ! La sacoche est dot\u00e9e d&rsquo;une bande r\u00e9fl\u00e9chissante, de sorte que vous \u00eates toujours visible dans l&rsquo;obscurit\u00e9.<\/p>\n","protected":false},"featured_media":871125307536,"template":"","meta":[],"product_brand":[],"product_cat":[108],"product_tag":[179,187,195],"class_list":{"0":"post-871125304986","1":"product","2":"type-product","3":"status-publish","4":"has-post-thumbnail","6":"product_cat-non-classe","7":"product_tag-accessoires-velo","8":"product_tag-dunlop","9":"product_tag-promo","10":"product_shipping_class-small-item-gls-only","12":"first","13":"instock","14":"sale","15":"taxable","16":"shipping-taxable","17":"purchasable","18":"product-type-variable"},"_links":{"self":[{"href":"https:\/\/mskasolutions.com\/fr\/wp-json\/wp\/v2\/product\/871125304986","targetHints":{"allow":["GET"]}}],"collection":[{"href":"https:\/\/mskasolutions.com\/fr\/wp-json\/wp\/v2\/product"}],"about":[{"href":"https:\/\/mskasolutions.com\/fr\/wp-json\/wp\/v2\/types\/product"}],"wp:featuredmedia":[{"embeddable":true,"href":"https:\/\/mskasolutions.com\/fr\/wp-json\/wp\/v2\/media\/871125307536"}],"wp:attachment":[{"href":"https:\/\/mskasolutions.com\/fr\/wp-json\/wp\/v2\/media?parent=871125304986"}],"wp:term":[{"taxonomy":"product_brand","embeddable":true,"href":"https:\/\/mskasolutions.com\/fr\/wp-json\/wp\/v2\/product_brand?post=871125304986"},{"taxonomy":"product_cat","embeddable":true,"href":"https:\/\/mskasolutions.com\/fr\/wp-json\/wp\/v2\/product_cat?post=871125304986"},{"taxonomy":"product_tag","embeddable":true,"href":"https:\/\/mskasolutions.com\/fr\/wp-json\/wp\/v2\/product_tag?post=871125304986"}],"curies":[{"name":"wp","href":"https:\/\/api.w.org\/{rel}","templated":true}]}}