{"id":871125304950,"date":"2020-06-13T08:37:59","date_gmt":"2020-06-13T07:37:59","guid":{"rendered":"https:\/\/mskasolutions.com\/?post_type=product&#038;p=871125304950"},"modified":"2023-03-09T17:10:08","modified_gmt":"2023-03-09T17:10:08","slug":"distributeur-de-savon-liquide-1000ml-2","status":"publish","type":"product","link":"https:\/\/mskasolutions.com\/fr\/produit\/distributeur-de-savon-liquide-1000ml-2\/","title":{"rendered":"Distributeur de savon liquide 1000ml"},"content":{"rendered":"<p>Le distributeur manuel avec r\u00e9servoir pour shampooing, savon ou gel d&rsquo;alcool a une manipulation pratique et facile \u00e0 installer, assure l&rsquo;efficacit\u00e9 et \u00e9vite le gaspillage du savon. &#8211; Il dispose d&rsquo;un r\u00e9servoir permettant de fournir jusqu&rsquo;\u00e0 350ml de savon liquide ou de gel d&rsquo;alcool ; &#8211; Fabriqu\u00e9 en polypropyl\u00e8ne et en acrylique ; &#8211; Bouton poussoir &#8211; Apr\u00e8s l&rsquo;installation, assurez-vous que le distributeur \u00e9tait bien fix\u00e9 avant de placer le liquide. Caract\u00e9ristiques &#8211; Mat\u00e9riau : Polypropyl\u00e8ne et acrylique &#8211; Distributeur de produits liquides sous forme de liquide, de gel ou de cr\u00e8me. &#8211; Couleur : Gris &#8211; Capacit\u00e9 : 100ml\u00a0 &#8211; Id\u00e9al pour la maison, le travail, l&rsquo;h\u00f4tel, le restaurant, les h\u00f4pitaux, la maison, etc.<\/p>","protected":false},"excerpt":{"rendered":"<p><strong>Contenu de l&#8217;emballage<\/strong><br \/>\n1 x &#8211; Distributeur de produits<br \/>\n1 x &#8211; Support pour fixation au mur<br \/>\n1x &#8211; Kit de vis pour fixer le produit de support<br \/>\nDimensions &#8211; Hauteur : 20 cm &#8211; Largeur : 11.5 cm<br \/>\nNote : Apr\u00e8s l&rsquo;installation, assurez-vous que le distributeur a \u00e9t\u00e9 bien fix\u00e9 avant de placer le liquide.<\/p>\n","protected":false},"featured_media":871125304879,"template":"","meta":[],"product_brand":[],"product_cat":[119],"product_tag":[171,195],"class_list":{"0":"post-871125304950","1":"product","2":"type-product","3":"status-publish","4":"has-post-thumbnail","6":"product_cat-hot","7":"product_tag-hygiene-medicale","8":"product_tag-promo","9":"product_shipping_class-small-item-gls-only","11":"first","12":"outofstock","13":"sale","14":"featured","15":"taxable","16":"shipping-taxable","17":"purchasable","18":"product-type-simple"},"_links":{"self":[{"href":"https:\/\/mskasolutions.com\/fr\/wp-json\/wp\/v2\/product\/871125304950","targetHints":{"allow":["GET"]}}],"collection":[{"href":"https:\/\/mskasolutions.com\/fr\/wp-json\/wp\/v2\/product"}],"about":[{"href":"https:\/\/mskasolutions.com\/fr\/wp-json\/wp\/v2\/types\/product"}],"wp:featuredmedia":[{"embeddable":true,"href":"https:\/\/mskasolutions.com\/fr\/wp-json\/wp\/v2\/media\/871125304879"}],"wp:attachment":[{"href":"https:\/\/mskasolutions.com\/fr\/wp-json\/wp\/v2\/media?parent=871125304950"}],"wp:term":[{"taxonomy":"product_brand","embeddable":true,"href":"https:\/\/mskasolutions.com\/fr\/wp-json\/wp\/v2\/product_brand?post=871125304950"},{"taxonomy":"product_cat","embeddable":true,"href":"https:\/\/mskasolutions.com\/fr\/wp-json\/wp\/v2\/product_cat?post=871125304950"},{"taxonomy":"product_tag","embeddable":true,"href":"https:\/\/mskasolutions.com\/fr\/wp-json\/wp\/v2\/product_tag?post=871125304950"}],"curies":[{"name":"wp","href":"https:\/\/api.w.org\/{rel}","templated":true}]}}