{"id":871125304922,"date":"2020-06-06T16:58:19","date_gmt":"2020-06-06T14:58:19","guid":{"rendered":"https:\/\/mskasolutions.com\/?post_type=product&#038;p=871125304922"},"modified":"2022-07-13T15:15:51","modified_gmt":"2022-07-13T14:15:51","slug":"500ml-gel-pump","status":"publish","type":"product","link":"https:\/\/mskasolutions.com\/fr\/produit\/500ml-gel-pump\/","title":{"rendered":"Action pompe 500ml  &#8211; Gel assainissant \/ antibact\u00e9rien tue 99,9 % des bact\u00e9ries avec 70 % d&rsquo;alcool"},"content":{"rendered":"<p>Gel d&rsquo;hygi\u00e8ne \u00e0 l&rsquo;aloe vera Gel d&rsquo;hygi\u00e8ne \u00e0 l&rsquo;aloe vera 500ml<\/p>","protected":false},"excerpt":{"rendered":"<ul>\n<li>Action pompe 500ml &#8211; Gel purifiant \/ antibact\u00e9rien<\/li>\n<li>Concentration minimale de 70 % d&rsquo;alcool<\/li>\n<li>Tue 99,9% des bact\u00e9ries<\/li>\n<li>Parfum frais<\/li>\n<li>Contient de l&rsquo;aloe vera<\/li>\n<\/ul>\n","protected":false},"featured_media":871125304968,"template":"","meta":[],"product_brand":[],"product_cat":[108],"product_tag":[171,195],"class_list":{"0":"post-871125304922","1":"product","2":"type-product","3":"status-publish","4":"has-post-thumbnail","6":"product_cat-non-classe","7":"product_tag-hygiene-medicale","8":"product_tag-promo","9":"product_shipping_class-small-item-gls-only","11":"first","12":"instock","13":"sale","14":"taxable","15":"shipping-taxable","16":"purchasable","17":"product-type-simple"},"_links":{"self":[{"href":"https:\/\/mskasolutions.com\/fr\/wp-json\/wp\/v2\/product\/871125304922","targetHints":{"allow":["GET"]}}],"collection":[{"href":"https:\/\/mskasolutions.com\/fr\/wp-json\/wp\/v2\/product"}],"about":[{"href":"https:\/\/mskasolutions.com\/fr\/wp-json\/wp\/v2\/types\/product"}],"wp:featuredmedia":[{"embeddable":true,"href":"https:\/\/mskasolutions.com\/fr\/wp-json\/wp\/v2\/media\/871125304968"}],"wp:attachment":[{"href":"https:\/\/mskasolutions.com\/fr\/wp-json\/wp\/v2\/media?parent=871125304922"}],"wp:term":[{"taxonomy":"product_brand","embeddable":true,"href":"https:\/\/mskasolutions.com\/fr\/wp-json\/wp\/v2\/product_brand?post=871125304922"},{"taxonomy":"product_cat","embeddable":true,"href":"https:\/\/mskasolutions.com\/fr\/wp-json\/wp\/v2\/product_cat?post=871125304922"},{"taxonomy":"product_tag","embeddable":true,"href":"https:\/\/mskasolutions.com\/fr\/wp-json\/wp\/v2\/product_tag?post=871125304922"}],"curies":[{"name":"wp","href":"https:\/\/api.w.org\/{rel}","templated":true}]}}