{"id":871125304906,"date":"2020-06-03T12:32:03","date_gmt":"2020-06-03T11:32:03","guid":{"rendered":"https:\/\/mskasolutions.com\/?post_type=product&#038;p=871125304906"},"modified":"2026-02-25T13:25:24","modified_gmt":"2026-02-25T13:25:24","slug":"gps-inforad-m1-moto","status":"publish","type":"product","link":"https:\/\/mskasolutions.com\/fr\/produit\/gps-inforad-m1-moto\/","title":{"rendered":"GPS Inforad M1 Moto"},"content":{"rendered":"<p><strong>INFORAD est s\u00fbr et efficace.<\/strong><\/p>\n<p>Gr\u00e2ce au syst\u00e8me GPS, INFORAD Moto conna\u00eet en permanence la position de votre v\u00e9hicule et son processeur compare celle-ci avec les zones \u00e0 risques contenues dans sa base de donn\u00e9es. D\u00e8s que vous p\u00e9n\u00e9trez dans une zone dangereuse, mat\u00e9rialis\u00e9e ou non par un danger, INFORAD Moto vous pr\u00e9vient imm\u00e9diatement gr\u00e2ce \u00e0 des signaux lumineux, simples et compr\u00e9hensibles.<\/p>\n<p>Contrairement \u00e0 l&rsquo;automobile, l&rsquo;environnement moto induit des contraintes d&rsquo;ordre climatique, d&rsquo;installation et de discr\u00e9tion. INFORAD Moto prend en compte ces diff\u00e9rentes contraintes dans sa conception. Ainsi, le produit se d\u00e9compose en deux parties :<\/p>\n<ul>\n<li>une partie fixe, install\u00e9e sur le v\u00e9hicule que nous d\u00e9nommons \u00ab\u00a0Support\u00a0\u00bb<\/li>\n<li>une partie amovible qui contient l&rsquo;essentiel de l&rsquo;\u00e9lectronique et se branche sur le support, que nous d\u00e9nommons \u00ab\u00a0Cartouche\u00a0\u00bb<\/li>\n<\/ul>\n<p>Le choix de cr\u00e9er deux parties distinctes a \u00e9t\u00e9 motiv\u00e9 par la n\u00e9cessit\u00e9 de faciliter le montage et le d\u00e9montage de la partie GPS afin d&rsquo;effectuer les mises \u00e0 jour de la base de donn\u00e9es des zones \u00e0 risques contenue dans la m\u00e9moire de l&rsquo;appareil, et ce, sans avoir \u00e0 d\u00e9monter l&rsquo;ensemble du dispositif.<\/p>\n<p>&nbsp;<\/p>\n<p>La mise \u00e0 jour de l&rsquo;INFORAD Moto s&rsquo;effectue par l&rsquo;interm\u00e9diaire du logiciel Inforad Manager, t\u00e9l\u00e9chargeable gratuitement sur notre site internet.<\/p>","protected":false},"excerpt":{"rendered":"<p><strong>INFORAD Moto: le premier avertisseur de zones \u00e0 risque d\u00e9di\u00e9 \u00e0 la moto<br \/>\n<\/strong><br \/>\nA l&rsquo;instar de nos avertisseurs autos, l&rsquo;INFORAD Moto est un avertisseur de zones \u00e0 risque, con\u00e7u et d\u00e9velopp\u00e9 en Europe, sp\u00e9cialement d\u00e9di\u00e9 au monde le la moto. Install\u00e9 sur votre moto, INFORAD vous permettra d&rsquo;\u00e9viter les exc\u00e8s de vitesse, de pr\u00e9server les points de votre permis de conduire et de renforcer votre s\u00e9curit\u00e9.<\/p>\n<p>INFORAD Moto a pour fonction essentielle d&rsquo;alerter le pilote en temps r\u00e9el de la proximit\u00e9 d&rsquo;une zone dangereuse, mat\u00e9rialis\u00e9e ou non par un danger, afin d&rsquo;\u00e9viter un freinage excessif et dangereux d\u00fb \u00e0 la surprise du pilote.<\/p>\n","protected":false},"featured_media":871125301740,"template":"","meta":[],"product_brand":[],"product_cat":[84,215],"product_tag":[172,188,195],"class_list":{"0":"post-871125304906","1":"product","2":"type-product","3":"status-publish","4":"has-post-thumbnail","6":"product_cat-speedcam-locators","7":"product_cat-promo","8":"product_tag-assistants-d-aide-a-la-conduite","9":"product_tag-inforad","10":"product_tag-promo","11":"product_shipping_class-small-item-gls-only","13":"first","14":"instock","15":"sale","16":"taxable","17":"shipping-taxable","18":"purchasable","19":"product-type-simple"},"_links":{"self":[{"href":"https:\/\/mskasolutions.com\/fr\/wp-json\/wp\/v2\/product\/871125304906","targetHints":{"allow":["GET"]}}],"collection":[{"href":"https:\/\/mskasolutions.com\/fr\/wp-json\/wp\/v2\/product"}],"about":[{"href":"https:\/\/mskasolutions.com\/fr\/wp-json\/wp\/v2\/types\/product"}],"wp:featuredmedia":[{"embeddable":true,"href":"https:\/\/mskasolutions.com\/fr\/wp-json\/wp\/v2\/media\/871125301740"}],"wp:attachment":[{"href":"https:\/\/mskasolutions.com\/fr\/wp-json\/wp\/v2\/media?parent=871125304906"}],"wp:term":[{"taxonomy":"product_brand","embeddable":true,"href":"https:\/\/mskasolutions.com\/fr\/wp-json\/wp\/v2\/product_brand?post=871125304906"},{"taxonomy":"product_cat","embeddable":true,"href":"https:\/\/mskasolutions.com\/fr\/wp-json\/wp\/v2\/product_cat?post=871125304906"},{"taxonomy":"product_tag","embeddable":true,"href":"https:\/\/mskasolutions.com\/fr\/wp-json\/wp\/v2\/product_tag?post=871125304906"}],"curies":[{"name":"wp","href":"https:\/\/api.w.org\/{rel}","templated":true}]}}