{"id":871125304730,"date":"2020-05-05T15:09:18","date_gmt":"2020-05-05T14:09:18","guid":{"rendered":"https:\/\/mskasolutions.com\/?post_type=product&#038;p=871125304730"},"modified":"2023-04-14T11:43:26","modified_gmt":"2023-04-14T10:43:26","slug":"disinfecting-ipa-wipes-with-70-alcohol-12-packs-of-100-wipes","status":"publish","type":"product","link":"https:\/\/mskasolutions.com\/fr\/produit\/disinfecting-ipa-wipes-with-70-alcohol-12-packs-of-100-wipes\/","title":{"rendered":"Carton de Les lingettes d\u00e9sinfectantes 70% Alcool- 12 paquets de 100 lingettes"},"content":{"rendered":"<p>Sanimed 70% Alcohol IPA Flow Wrap Wipes<br \/>\nUne lingette alcoolis\u00e9e \u00e0 70 % IPA tr\u00e8s efficace, con\u00e7ue pour le nettoyage et la d\u00e9sinfection des surfaces.<br \/>\nEfficacit\u00e9 bact\u00e9ricide, virucide et fongicide.<br \/>\nCertifi\u00e9 CE pour les surfaces et les dispositifs m\u00e9dicaux non invasifs<br \/>\nDistribution feuille par feuille pour un contr\u00f4le assur\u00e9 des infections<br \/>\nUn emballage respectueux de l&rsquo;environnement avec 70 % de d\u00e9chets plastiques en moins qu&rsquo;un format de baignoire.<br \/>\nTissu non tiss\u00e9 fil\u00e9 tr\u00e8s absorbant et tr\u00e8s peu pelucheux.<br \/>\nFermeture du couvercle en plastique pour garantir que les lingettes restent humides pendant le stockage et l&rsquo;utilisation<br \/>\nUtilisation unique pour \u00e9liminer le risque de contamination crois\u00e9e<\/p>\n<p>Sp\u00e9cification :<br \/>\n70% + alcool isopropylique (nom IUPAC propan-2-ol ; commun\u00e9ment appel\u00e9 isopropanol ou 2-propanol)<br \/>\nNon-tiss\u00e9 fil\u00e9 blanc de 35 g\/m2<br \/>\n200 x 200 mm 100 feuilles par paquet <strong>x 12<\/strong><\/p>\n<p>Seulement 3,99\u20ac par pack<\/p>","protected":false},"excerpt":{"rendered":"<p>Sanimed 70% Alcohol IPA Flow Wrap Wipes<br \/>\nUne lingette alcoolis\u00e9e \u00e0 70 % IPA tr\u00e8s efficace, con\u00e7ue pour le nettoyage et la d\u00e9sinfection des surfaces.<br \/>\nEfficacit\u00e9 bact\u00e9ricide, virucide et fongicide.<br \/>\nCertifi\u00e9 CE pour les surfaces et les dispositifs m\u00e9dicaux non invasifs<\/p>\n<p>Seulement 3,99\u20ac par pack<\/p>\n","protected":false},"featured_media":871125305550,"template":"","meta":[],"product_brand":[],"product_cat":[119],"product_tag":[171,195],"class_list":{"0":"post-871125304730","1":"product","2":"type-product","3":"status-publish","4":"has-post-thumbnail","6":"product_cat-hot","7":"product_tag-hygiene-medicale","8":"product_tag-promo","9":"product_shipping_class-small-item-gls-only","11":"first","12":"instock","13":"sale","14":"featured","15":"taxable","16":"shipping-taxable","17":"purchasable","18":"product-type-simple"},"_links":{"self":[{"href":"https:\/\/mskasolutions.com\/fr\/wp-json\/wp\/v2\/product\/871125304730","targetHints":{"allow":["GET"]}}],"collection":[{"href":"https:\/\/mskasolutions.com\/fr\/wp-json\/wp\/v2\/product"}],"about":[{"href":"https:\/\/mskasolutions.com\/fr\/wp-json\/wp\/v2\/types\/product"}],"wp:featuredmedia":[{"embeddable":true,"href":"https:\/\/mskasolutions.com\/fr\/wp-json\/wp\/v2\/media\/871125305550"}],"wp:attachment":[{"href":"https:\/\/mskasolutions.com\/fr\/wp-json\/wp\/v2\/media?parent=871125304730"}],"wp:term":[{"taxonomy":"product_brand","embeddable":true,"href":"https:\/\/mskasolutions.com\/fr\/wp-json\/wp\/v2\/product_brand?post=871125304730"},{"taxonomy":"product_cat","embeddable":true,"href":"https:\/\/mskasolutions.com\/fr\/wp-json\/wp\/v2\/product_cat?post=871125304730"},{"taxonomy":"product_tag","embeddable":true,"href":"https:\/\/mskasolutions.com\/fr\/wp-json\/wp\/v2\/product_tag?post=871125304730"}],"curies":[{"name":"wp","href":"https:\/\/api.w.org\/{rel}","templated":true}]}}