{"id":871125304278,"date":"2020-03-21T09:50:28","date_gmt":"2020-03-21T09:50:28","guid":{"rendered":"https:\/\/mskasolutions.com\/produit\/masques-faciaux-masque-facial-de-protection-3-plis-a-usage-unique-quantite-de-paquets-5-10-20-50-100\/"},"modified":"2022-12-17T08:22:13","modified_gmt":"2022-12-17T08:22:13","slug":"front-white-light","status":"publish","type":"product","link":"https:\/\/mskasolutions.com\/fr\/produit\/front-white-light\/","title":{"rendered":"Dunlop FRONT LIGHT avec une LED blanche super brillante"},"content":{"rendered":"<p><\/p>\n<p>Le feu avant de v\u00e9lo Dunlop est une source de lumi\u00e8re puissante qui vous garantira une meilleure visibilit\u00e9 et une s\u00e9curit\u00e9 accrue lorsque vous roulerez la nuit.<\/p>\n<p>La souplesse de montage permet une installation rapide dans de nombreux endroits. La construction de la lampe est r\u00e9sistante aux \u00e9claboussures et \u00e0 l&rsquo;eau et elle est aliment\u00e9e par une pile AA. Deux modes d&rsquo;\u00e9clairage vous permettent de choisir entre une lumi\u00e8re fixe ou clignotante.<\/p>\n<p>Param\u00e8tres :-2 modes d&rsquo;\u00e9clairage : continu, intermittent<br \/>\nSource de lumi\u00e8re : 1 LED extra-lumineuse<br \/>\n-bouton de mise en marche\/arr\u00eat<br \/>\n-conception r\u00e9sistante \u00e0 l&rsquo;eau<br \/>\n-alimentation : 1 pile AA (incluse)<br \/>\n-couleur : noir ou blanc*<\/p>\n<p><span class=\"VIiyi\" lang=\"fr\"><span class=\"JLqJ4b ChMk0b\" data-language-for-alternatives=\"fr\" data-language-to-translate-into=\"en\" data-phrase-index=\"0\">De nombreuses utilisations<\/span><\/span> :<\/p>\n<p>-V\u00e9lo,<br \/>\n-La marche nordique<br \/>\n-Marcher avec une poussette<br \/>\n-Un travail qui n\u00e9cessite des mains libres<\/p>\n<p><\/p>","protected":false},"excerpt":{"rendered":"<p>2 modes d&rsquo;\u00e9clairage : continu, intermittent<br \/>\nSource de lumi\u00e8re : 1 LED extra-lumineuse<br \/>\n-bouton de mise en marche\/arr\u00eat<br \/>\n-conception r\u00e9sistante \u00e0 l&rsquo;eau<br \/>\n-alimentation : 1 pile AA (incluse)<br \/>\n-couleur : noir ou blanc*<\/p>\n","protected":false},"featured_media":871125305569,"template":"","meta":[],"product_brand":[],"product_cat":[108],"product_tag":[179,187,198,195,183],"class_list":{"0":"post-871125304278","1":"product","2":"type-product","3":"status-publish","4":"has-post-thumbnail","6":"product_cat-non-classe","7":"product_tag-accessoires-velo","8":"product_tag-dunlop","9":"product_tag-electronic","10":"product_tag-promo","11":"product_tag-sports-et-loisirs","12":"product_shipping_class-small-item-gls-only","14":"first","15":"instock","16":"sale","17":"taxable","18":"shipping-taxable","19":"purchasable","20":"product-type-variable"},"_links":{"self":[{"href":"https:\/\/mskasolutions.com\/fr\/wp-json\/wp\/v2\/product\/871125304278","targetHints":{"allow":["GET"]}}],"collection":[{"href":"https:\/\/mskasolutions.com\/fr\/wp-json\/wp\/v2\/product"}],"about":[{"href":"https:\/\/mskasolutions.com\/fr\/wp-json\/wp\/v2\/types\/product"}],"wp:featuredmedia":[{"embeddable":true,"href":"https:\/\/mskasolutions.com\/fr\/wp-json\/wp\/v2\/media\/871125305569"}],"wp:attachment":[{"href":"https:\/\/mskasolutions.com\/fr\/wp-json\/wp\/v2\/media?parent=871125304278"}],"wp:term":[{"taxonomy":"product_brand","embeddable":true,"href":"https:\/\/mskasolutions.com\/fr\/wp-json\/wp\/v2\/product_brand?post=871125304278"},{"taxonomy":"product_cat","embeddable":true,"href":"https:\/\/mskasolutions.com\/fr\/wp-json\/wp\/v2\/product_cat?post=871125304278"},{"taxonomy":"product_tag","embeddable":true,"href":"https:\/\/mskasolutions.com\/fr\/wp-json\/wp\/v2\/product_tag?post=871125304278"}],"curies":[{"name":"wp","href":"https:\/\/api.w.org\/{rel}","templated":true}]}}