{"id":871125304248,"date":"2020-02-23T00:52:19","date_gmt":"2020-02-22T23:52:19","guid":{"rendered":"https:\/\/mskasolutions.com\/?post_type=product&#038;p=871125304248"},"modified":"2024-10-09T15:22:35","modified_gmt":"2024-10-09T14:22:35","slug":"kitchen-scales-3kg","status":"publish","type":"product","link":"https:\/\/mskasolutions.com\/fr\/produit\/kitchen-scales-3kg\/","title":{"rendered":"Balance de cuisine analogique Cuisinier Elegance 3kg &#8211; Diverses couleurs"},"content":{"rendered":"<p>Balance de cuisine analogique avec graduation en grammes, kilos, onces et livres.<\/p>\n<p>Un outil indispensable pour toute cuisine. Con\u00e7ue pour mesurer le poids avec pr\u00e9cision, elle est \u00e9galement dot\u00e9e d&rsquo;un grand cadran simple et tr\u00e8s clair pour vous aider \u00e0 lire facilement chaque mesure qui indique les poids en oz, Ilbs, grammes et Kgs. Un bol rond amovible permet \u00e9galement une utilisation et un nettoyage faciles apr\u00e8s utilisation.<\/p>\n<p>Caract\u00e9ristiques du produit<\/p>\n<p>Bol de grande capacit\u00e9<br \/>\nMesurant 0-3Kgs\/0-6.6Lbs<br \/>\nCouleur 4 Options disponibles<br \/>\nSensible pour une mesure de pr\u00e9cision<br \/>\nQualit\u00e9 \u00e9lev\u00e9e<br \/>\nIntuitif et simple \u00e0 utiliser<br \/>\nLes dipl\u00f4mes :<br \/>\n1oz, 4oz, 1Ibs, de 0 \u00e0 6.6lbs et 25g, 100g, 0.5Kgs de 0-3kgs<\/p>\n<p>Marque : Cuisinier Elegance<\/p>\n<p>Le bol arrondi peut \u00e9galement \u00eatre utilis\u00e9 pour la pr\u00e9paration des aliments gr\u00e2ce \u00e0 son fond stable et caoutchout\u00e9.<\/p>\n<p>Diff\u00e9rentes couleurs Options : blanc\/rouge, blanc\/bleu, blanc\/violet, blanc\/vert<\/p>","protected":false},"excerpt":{"rendered":"<p>Balance de cuisine analogique Cuisinier Elegance 3kg &#8211; Diverses couleurs<\/p>\n<p>Bol de grande capacit\u00e9<br \/>\nMesurant 0-3Kgs\/0-6.6Lbs<br \/>\nCouleur 4 Options disponibles<br \/>\nSensible pour une mesure de pr\u00e9cision<br \/>\nQualit\u00e9 \u00e9lev\u00e9e<br \/>\nIntuitif et simple \u00e0 utiliser<br \/>\nLes dipl\u00f4mes :<br \/>\n1oz, 4oz, 1Ibs, de 0 \u00e0 6.6lbs et 25g, 100g, 0.5Kgs de 0-3kgs<\/p>\n<p>Diff\u00e9rentes couleurs Options : blanc\/rouge, blanc\/bleu, blanc\/violet, blanc\/vert<\/p>\n","protected":false},"featured_media":871125304253,"template":"","meta":[],"product_brand":[],"product_cat":[119],"product_tag":[181,195],"class_list":{"0":"post-871125304248","1":"product","2":"type-product","3":"status-publish","4":"has-post-thumbnail","6":"product_cat-hot","7":"product_tag-electromenager-et-cuisine","8":"product_tag-promo","9":"product_shipping_class-small-item","11":"first","12":"instock","13":"sale","14":"featured","15":"taxable","16":"shipping-taxable","17":"purchasable","18":"product-type-variable"},"_links":{"self":[{"href":"https:\/\/mskasolutions.com\/fr\/wp-json\/wp\/v2\/product\/871125304248","targetHints":{"allow":["GET"]}}],"collection":[{"href":"https:\/\/mskasolutions.com\/fr\/wp-json\/wp\/v2\/product"}],"about":[{"href":"https:\/\/mskasolutions.com\/fr\/wp-json\/wp\/v2\/types\/product"}],"wp:featuredmedia":[{"embeddable":true,"href":"https:\/\/mskasolutions.com\/fr\/wp-json\/wp\/v2\/media\/871125304253"}],"wp:attachment":[{"href":"https:\/\/mskasolutions.com\/fr\/wp-json\/wp\/v2\/media?parent=871125304248"}],"wp:term":[{"taxonomy":"product_brand","embeddable":true,"href":"https:\/\/mskasolutions.com\/fr\/wp-json\/wp\/v2\/product_brand?post=871125304248"},{"taxonomy":"product_cat","embeddable":true,"href":"https:\/\/mskasolutions.com\/fr\/wp-json\/wp\/v2\/product_cat?post=871125304248"},{"taxonomy":"product_tag","embeddable":true,"href":"https:\/\/mskasolutions.com\/fr\/wp-json\/wp\/v2\/product_tag?post=871125304248"}],"curies":[{"name":"wp","href":"https:\/\/api.w.org\/{rel}","templated":true}]}}