{"id":871125304242,"date":"2020-02-23T00:11:25","date_gmt":"2020-02-22T23:11:25","guid":{"rendered":"https:\/\/mskasolutions.com\/?post_type=product&#038;p=871125304242"},"modified":"2022-10-26T08:41:53","modified_gmt":"2022-10-26T07:41:53","slug":"window-door-alarm","status":"publish","type":"product","link":"https:\/\/mskasolutions.com\/fr\/produit\/window-door-alarm\/","title":{"rendered":"Alarme de porte\/fen\u00eatre ALARME DE S\u00c9CURIT\u00c9"},"content":{"rendered":"<p>S\u00e9curisez votre maison gr\u00e2ce au syst\u00e8me sans fil SAFE ALARM, facile \u00e0 installer. Le d\u00e9tecteur est coll\u00e9 sur le cadre de la fen\u00eatre ou de la porte. Le contact magn\u00e9tique avec le vantail de la fen\u00eatre ou de la porte. L&rsquo;interrupteur permet d&rsquo;activer ou de d\u00e9sactiver le syst\u00e8me. Lorsqu&rsquo;une fen\u00eatre ou une porte est ouverte, apr\u00e8s que le syst\u00e8me a \u00e9t\u00e9 arm\u00e9, une alarme tr\u00e8s forte retentit et le cambrioleur est effray\u00e9<\/p>","protected":false},"excerpt":{"rendered":"<ul>\n<li>Facile \u00e0 installe<\/li>\n<li>Autocollant<\/li>\n<li>Un signal d&rsquo;alarme tr\u00e8s fort<\/li>\n<li>Fonctionnement sur batterie<\/li>\n<\/ul>\n<p><strong>Donn\u00e9es techniques :<\/strong><\/p>\n<ul>\n<li>Fonctionnement : 2 x piles AAA (Micro) (non incluses)<\/li>\n<li>Volume de l&rsquo;alarme : environ 100 dB<\/li>\n<li>Poids du contact magn\u00e9tique : 5 g<\/li>\n<li>D\u00e9tecteur de poids : 10 g<\/li>\n<li>Dimensions contact magn\u00e9tique : 50x13x14 mm<\/li>\n<li>Dimensions du d\u00e9tecteur : 92x34x20 mm<\/li>\n<li>D\u00e9tecteur (y compris montage adh\u00e9sif)<\/li>\n<li>Contact magn\u00e9tique (y compris montage adh\u00e9sif)<\/li>\n<\/ul>\n","protected":false},"featured_media":871125304246,"template":"","meta":[],"product_brand":[],"product_cat":[108],"product_tag":[199,195],"class_list":{"0":"post-871125304242","1":"product","2":"type-product","3":"status-publish","4":"has-post-thumbnail","6":"product_cat-non-classe","7":"product_tag-security","8":"product_tag-promo","9":"product_shipping_class-small-item-gls-only","11":"first","12":"instock","13":"sale","14":"featured","15":"taxable","16":"shipping-taxable","17":"purchasable","18":"product-type-simple"},"_links":{"self":[{"href":"https:\/\/mskasolutions.com\/fr\/wp-json\/wp\/v2\/product\/871125304242","targetHints":{"allow":["GET"]}}],"collection":[{"href":"https:\/\/mskasolutions.com\/fr\/wp-json\/wp\/v2\/product"}],"about":[{"href":"https:\/\/mskasolutions.com\/fr\/wp-json\/wp\/v2\/types\/product"}],"wp:featuredmedia":[{"embeddable":true,"href":"https:\/\/mskasolutions.com\/fr\/wp-json\/wp\/v2\/media\/871125304246"}],"wp:attachment":[{"href":"https:\/\/mskasolutions.com\/fr\/wp-json\/wp\/v2\/media?parent=871125304242"}],"wp:term":[{"taxonomy":"product_brand","embeddable":true,"href":"https:\/\/mskasolutions.com\/fr\/wp-json\/wp\/v2\/product_brand?post=871125304242"},{"taxonomy":"product_cat","embeddable":true,"href":"https:\/\/mskasolutions.com\/fr\/wp-json\/wp\/v2\/product_cat?post=871125304242"},{"taxonomy":"product_tag","embeddable":true,"href":"https:\/\/mskasolutions.com\/fr\/wp-json\/wp\/v2\/product_tag?post=871125304242"}],"curies":[{"name":"wp","href":"https:\/\/api.w.org\/{rel}","templated":true}]}}