{"id":871125304234,"date":"2020-02-22T23:30:46","date_gmt":"2020-02-22T23:30:46","guid":{"rendered":"https:\/\/mskasolutions.com\/?post_type=product&#038;p=871125304234"},"modified":"2023-03-09T17:10:09","modified_gmt":"2023-03-09T17:10:09","slug":"grundig-lampe-magnetique-a-led-de-travail-269-led","status":"publish","type":"product","link":"https:\/\/mskasolutions.com\/fr\/produit\/grundig-lampe-magnetique-a-led-de-travail-269-led\/","title":{"rendered":"GRUNDIG Lampe magn\u00e9tique \u00e0 LED de travail 26+9 LED"},"content":{"rendered":"<p>Fonctionne sur piles &#8211; avec 35 (26+9) LED lumineuses &#8211; convient pour l&rsquo;int\u00e9rieur et l&rsquo;ext\u00e9rieur<br \/>\nFonctionnement sur batterie<br \/>\nId\u00e9al pour les grandes surfaces, il doit alors \u00eatre lumineux. Peut \u00eatre utilis\u00e9 pour \u00e9clairer lors de travaux sur la voiture ou dans de nombreux autres endroits en raison de son magn\u00e9tisme.<\/p>","protected":false},"excerpt":{"rendered":"<ul>\n<li>Source lumineuse : 26+9 LED brillantes<\/li>\n<li>Couleur de la lumi\u00e8re : blanc froid<\/li>\n<li>Alimentation \u00e9lectrique : 3 x pile AAA<\/li>\n<li>Utilisation : \u00e0 l&rsquo;int\u00e9rieur et \u00e0 l&rsquo;ext\u00e9rieur<\/li>\n<li>Mat\u00e9riau : plastique<\/li>\n<li>Dimensions : 22.5x3x3cm<\/li>\n<li>Couleur : noir, bleu, argent et rouge<\/li>\n<\/ul>\n","protected":false},"featured_media":871125304239,"template":"","meta":[],"product_brand":[],"product_cat":[119],"product_tag":[177,225,224,190,195],"class_list":{"0":"post-871125304234","1":"product","2":"type-product","3":"status-publish","4":"has-post-thumbnail","6":"product_cat-hot","7":"product_tag-accessoires-auto","8":"product_tag-accessoires-moto-velo","9":"product_tag-electronique","10":"product_tag-grundig","11":"product_tag-promo","12":"product_shipping_class-small-item","14":"first","15":"instock","16":"sale","17":"taxable","18":"shipping-taxable","19":"purchasable","20":"product-type-variable"},"_links":{"self":[{"href":"https:\/\/mskasolutions.com\/fr\/wp-json\/wp\/v2\/product\/871125304234","targetHints":{"allow":["GET"]}}],"collection":[{"href":"https:\/\/mskasolutions.com\/fr\/wp-json\/wp\/v2\/product"}],"about":[{"href":"https:\/\/mskasolutions.com\/fr\/wp-json\/wp\/v2\/types\/product"}],"wp:featuredmedia":[{"embeddable":true,"href":"https:\/\/mskasolutions.com\/fr\/wp-json\/wp\/v2\/media\/871125304239"}],"wp:attachment":[{"href":"https:\/\/mskasolutions.com\/fr\/wp-json\/wp\/v2\/media?parent=871125304234"}],"wp:term":[{"taxonomy":"product_brand","embeddable":true,"href":"https:\/\/mskasolutions.com\/fr\/wp-json\/wp\/v2\/product_brand?post=871125304234"},{"taxonomy":"product_cat","embeddable":true,"href":"https:\/\/mskasolutions.com\/fr\/wp-json\/wp\/v2\/product_cat?post=871125304234"},{"taxonomy":"product_tag","embeddable":true,"href":"https:\/\/mskasolutions.com\/fr\/wp-json\/wp\/v2\/product_tag?post=871125304234"}],"curies":[{"name":"wp","href":"https:\/\/api.w.org\/{rel}","templated":true}]}}