{"id":871125304213,"date":"2020-02-22T22:19:33","date_gmt":"2020-02-22T22:19:33","guid":{"rendered":"https:\/\/mskasolutions.com\/?post_type=product&#038;p=871125304213"},"modified":"2022-07-13T15:17:24","modified_gmt":"2022-07-13T14:17:24","slug":"all-ride-corde-de-remorquage-jusqua-5-tonnes-avec-accroches-rapides-4-mtr-copy","status":"publish","type":"product","link":"https:\/\/mskasolutions.com\/fr\/produit\/all-ride-corde-de-remorquage-jusqua-5-tonnes-avec-accroches-rapides-4-mtr-copy\/","title":{"rendered":"All ride &#8211; CORDE DE REMORQUAGE JUSQU&rsquo;\u00c0 5 TONNES, avec accroches rapides 4 mtr"},"content":{"rendered":"<p>Corde de remorquage haute r\u00e9sistance, capacit\u00e9 de traction jusqu&rsquo;\u00e0 5 tonnes<\/p>","protected":false},"excerpt":{"rendered":"<p>Corde de remorquage haute r\u00e9sistance, capacit\u00e9 de traction jusqu&rsquo;\u00e0 5 tonnes<\/p>\n","protected":false},"featured_media":871125304214,"template":"","meta":[],"product_brand":[],"product_cat":[108,86],"product_tag":[177,230,195],"class_list":{"0":"post-871125304213","1":"product","2":"type-product","3":"status-publish","4":"has-post-thumbnail","6":"product_cat-non-classe","7":"product_cat-accessories","8":"product_tag-accessoires-auto","9":"product_tag-all-ride","10":"product_tag-promo","11":"product_shipping_class-small-item","13":"first","14":"instock","15":"taxable","16":"shipping-taxable","17":"purchasable","18":"product-type-simple"},"_links":{"self":[{"href":"https:\/\/mskasolutions.com\/fr\/wp-json\/wp\/v2\/product\/871125304213","targetHints":{"allow":["GET"]}}],"collection":[{"href":"https:\/\/mskasolutions.com\/fr\/wp-json\/wp\/v2\/product"}],"about":[{"href":"https:\/\/mskasolutions.com\/fr\/wp-json\/wp\/v2\/types\/product"}],"wp:featuredmedia":[{"embeddable":true,"href":"https:\/\/mskasolutions.com\/fr\/wp-json\/wp\/v2\/media\/871125304214"}],"wp:attachment":[{"href":"https:\/\/mskasolutions.com\/fr\/wp-json\/wp\/v2\/media?parent=871125304213"}],"wp:term":[{"taxonomy":"product_brand","embeddable":true,"href":"https:\/\/mskasolutions.com\/fr\/wp-json\/wp\/v2\/product_brand?post=871125304213"},{"taxonomy":"product_cat","embeddable":true,"href":"https:\/\/mskasolutions.com\/fr\/wp-json\/wp\/v2\/product_cat?post=871125304213"},{"taxonomy":"product_tag","embeddable":true,"href":"https:\/\/mskasolutions.com\/fr\/wp-json\/wp\/v2\/product_tag?post=871125304213"}],"curies":[{"name":"wp","href":"https:\/\/api.w.org\/{rel}","templated":true}]}}