{"id":871125304206,"date":"2020-02-22T21:59:01","date_gmt":"2020-02-22T21:59:01","guid":{"rendered":"https:\/\/mskasolutions.com\/?post_type=product&#038;p=871125304206"},"modified":"2024-07-02T13:05:02","modified_gmt":"2024-07-02T12:05:02","slug":"chiffon-de-nettoyage-en-microfibres-tres-fines-par-dunlop","status":"publish","type":"product","link":"https:\/\/mskasolutions.com\/fr\/produit\/chiffon-de-nettoyage-en-microfibres-tres-fines-par-dunlop\/","title":{"rendered":"Chiffon de nettoyage en microfibres tr\u00e8s fines par Dunlop"},"content":{"rendered":"<p>Chiffon de nettoyage en microfibres tr\u00e8s fines, fabriqu\u00e9 pour le nettoyage et l&rsquo;entretien de la peinture automobile. Couleur jaune. Dimensions : 350&#215;350 mm<\/p>","protected":false},"excerpt":{"rendered":"<ul>\n<li>Nouveau support de roue \u00e0 4 voies avec des douilles de 17, 19, 21 et 23 mm.<\/li>\n<li>Outil de qualit\u00e9 professionnelle avec action de spin-off et bon effet de levier.<\/li>\n<\/ul>\n","protected":false},"featured_media":871125304209,"template":"","meta":[],"product_brand":[],"product_cat":[108],"product_tag":[187,176],"class_list":{"0":"post-871125304206","1":"product","2":"type-product","3":"status-publish","4":"has-post-thumbnail","6":"product_cat-non-classe","7":"product_tag-dunlop","8":"product_tag-entretien-de-la-voiture","9":"product_shipping_class-small-item","11":"first","12":"instock","13":"featured","14":"taxable","15":"shipping-taxable","16":"purchasable","17":"product-type-simple"},"_links":{"self":[{"href":"https:\/\/mskasolutions.com\/fr\/wp-json\/wp\/v2\/product\/871125304206","targetHints":{"allow":["GET"]}}],"collection":[{"href":"https:\/\/mskasolutions.com\/fr\/wp-json\/wp\/v2\/product"}],"about":[{"href":"https:\/\/mskasolutions.com\/fr\/wp-json\/wp\/v2\/types\/product"}],"wp:featuredmedia":[{"embeddable":true,"href":"https:\/\/mskasolutions.com\/fr\/wp-json\/wp\/v2\/media\/871125304209"}],"wp:attachment":[{"href":"https:\/\/mskasolutions.com\/fr\/wp-json\/wp\/v2\/media?parent=871125304206"}],"wp:term":[{"taxonomy":"product_brand","embeddable":true,"href":"https:\/\/mskasolutions.com\/fr\/wp-json\/wp\/v2\/product_brand?post=871125304206"},{"taxonomy":"product_cat","embeddable":true,"href":"https:\/\/mskasolutions.com\/fr\/wp-json\/wp\/v2\/product_cat?post=871125304206"},{"taxonomy":"product_tag","embeddable":true,"href":"https:\/\/mskasolutions.com\/fr\/wp-json\/wp\/v2\/product_tag?post=871125304206"}],"curies":[{"name":"wp","href":"https:\/\/api.w.org\/{rel}","templated":true}]}}