{"id":871125304185,"date":"2020-02-19T19:27:27","date_gmt":"2020-02-19T19:27:27","guid":{"rendered":"https:\/\/mskasolutions.com\/?post_type=product&#038;p=871125304185"},"modified":"2023-03-07T11:08:13","modified_gmt":"2023-03-07T11:08:13","slug":"all-ride-cric-voiture","status":"publish","type":"product","link":"https:\/\/mskasolutions.com\/fr\/produit\/all-ride-cric-voiture\/","title":{"rendered":"Cl\u00e9 pour D\u00e9montage Pneus a 4 inserts &#8211; All Ride"},"content":{"rendered":"<p>Changer les roues de votre voiture n&rsquo;a jamais \u00e9t\u00e9 aussi facile gr\u00e2ce \u00e0 la toute nouvelle cl\u00e9 \u00e0 molette ! de \u00ab\u00a0All Ride\u00a0\u00bb.<\/p>\n<p>Cette cl\u00e9 \u00e0 \u00e9crous de roue transversale est en acier et est compos\u00e9e de quatre inserts de roue de 13\/16 -17-19 &#8211; 22mm qui permettent l&rsquo;utilisation de cette cl\u00e9 sur tous les mod\u00e8les populaires.<br \/>\nDimensions : 34.3 x 34.3 x 3 cm<br \/>\nType de cl\u00e9 : Croix<br \/>\nCompatibilit\u00e9 : 13\/16 -17-19 &#8211; 22mm<\/p>","protected":false},"excerpt":{"rendered":"<ul>\n<li>Nouveau support de roue \u00e0 4 voies avec des douilles de 13\/16 -17-19 &#8211; 22mm.<\/li>\n<li>Outil de qualit\u00e9 professionnelle avec action de spin-off et bon effet de levier.<\/li>\n<\/ul>\n","protected":false},"featured_media":871125304186,"template":"","meta":[],"product_brand":[],"product_cat":[108],"product_tag":[177,195],"class_list":{"0":"post-871125304185","1":"product","2":"type-product","3":"status-publish","4":"has-post-thumbnail","6":"product_cat-non-classe","7":"product_tag-accessoires-auto","8":"product_tag-promo","9":"product_shipping_class-small-item-gls-only","11":"first","12":"instock","13":"sale","14":"taxable","15":"shipping-taxable","16":"purchasable","17":"product-type-simple"},"_links":{"self":[{"href":"https:\/\/mskasolutions.com\/fr\/wp-json\/wp\/v2\/product\/871125304185","targetHints":{"allow":["GET"]}}],"collection":[{"href":"https:\/\/mskasolutions.com\/fr\/wp-json\/wp\/v2\/product"}],"about":[{"href":"https:\/\/mskasolutions.com\/fr\/wp-json\/wp\/v2\/types\/product"}],"wp:featuredmedia":[{"embeddable":true,"href":"https:\/\/mskasolutions.com\/fr\/wp-json\/wp\/v2\/media\/871125304186"}],"wp:attachment":[{"href":"https:\/\/mskasolutions.com\/fr\/wp-json\/wp\/v2\/media?parent=871125304185"}],"wp:term":[{"taxonomy":"product_brand","embeddable":true,"href":"https:\/\/mskasolutions.com\/fr\/wp-json\/wp\/v2\/product_brand?post=871125304185"},{"taxonomy":"product_cat","embeddable":true,"href":"https:\/\/mskasolutions.com\/fr\/wp-json\/wp\/v2\/product_cat?post=871125304185"},{"taxonomy":"product_tag","embeddable":true,"href":"https:\/\/mskasolutions.com\/fr\/wp-json\/wp\/v2\/product_tag?post=871125304185"}],"curies":[{"name":"wp","href":"https:\/\/api.w.org\/{rel}","templated":true}]}}