{"id":871125304146,"date":"2020-02-07T15:25:05","date_gmt":"2020-02-07T15:25:05","guid":{"rendered":"https:\/\/mskasolutions.com\/?post_type=product&#038;p=871125304146"},"modified":"2023-07-29T12:04:07","modified_gmt":"2023-07-29T11:04:07","slug":"tyre-sealer-inflator-450ml","status":"publish","type":"product","link":"https:\/\/mskasolutions.com\/fr\/produit\/tyre-sealer-inflator-450ml\/","title":{"rendered":"Bombe Anti-Crevaison et Gonflage &#8211; R\u00e9par\u00e9 et pr\u00e9vient 450 ml"},"content":{"rendered":"<p><strong>Supprime le changement de pneus et l&rsquo;utilisation d&rsquo;outils et de crics<\/strong><\/p>\n<p>Scellant et gonfleur de pneus 450ml &#8211; R\u00e9paration et pr\u00e9vention<\/p>\n<ul>\n<li>Cette formule sp\u00e9ciale permet de gonfler imm\u00e9diatement les pneus \u00e0 plat<\/li>\n<li>Supprime le changement de pneus et l&rsquo;utilisation d&rsquo;outils et de crics<\/li>\n<li>Ce gonfleur permettra de sceller la plupart des pneus endommag\u00e9s par les voitures et les motos.<\/li>\n<li>Gonfle les pneus jusqu&rsquo;\u00e0 une pression de 2,4 bars (20 lbs)<\/li>\n<li>Capacit\u00e9 : 450 ml<\/li>\n<li>Valve avec tuyau pivotant<\/li>\n<\/ul>\n<p>&nbsp;<\/p>","protected":false},"excerpt":{"rendered":"<ul>\n<li>Scellant et gonfleur de pneus 450ml &#8211; R\u00e9paration et pr\u00e9vention\n<ul>\n<li>Cette formule sp\u00e9ciale permet de gonfler imm\u00e9diatement les pneus \u00e0 plat<\/li>\n<li>Supprime le changement de pneus et l&rsquo;utilisation d&rsquo;outils et de crics<\/li>\n<li>Ce gonfleur permettra de sceller la plupart des pneus endommag\u00e9s par les voitures et les motos.<\/li>\n<li>Gonfle les pneus jusqu&rsquo;\u00e0 une pression de 2,4 bars (20 lbs)<\/li>\n<li>Capacit\u00e9 : 450 ml<\/li>\n<li>Valve avec tuyau pivotant<\/li>\n<\/ul>\n<\/li>\n<\/ul>\n<p>&nbsp;<\/p>\n","protected":false},"featured_media":871125304147,"template":"","meta":[],"product_brand":[],"product_cat":[108,119,215],"product_tag":[177,197],"class_list":{"0":"post-871125304146","1":"product","2":"type-product","3":"status-publish","4":"has-post-thumbnail","6":"product_cat-non-classe","7":"product_cat-hot","8":"product_cat-promo","9":"product_tag-accessoires-auto","10":"product_tag-promo-2","11":"product_shipping_class-small-item-gls-only","13":"first","14":"instock","15":"sale","16":"featured","17":"taxable","18":"shipping-taxable","19":"purchasable","20":"product-type-simple"},"_links":{"self":[{"href":"https:\/\/mskasolutions.com\/fr\/wp-json\/wp\/v2\/product\/871125304146","targetHints":{"allow":["GET"]}}],"collection":[{"href":"https:\/\/mskasolutions.com\/fr\/wp-json\/wp\/v2\/product"}],"about":[{"href":"https:\/\/mskasolutions.com\/fr\/wp-json\/wp\/v2\/types\/product"}],"wp:featuredmedia":[{"embeddable":true,"href":"https:\/\/mskasolutions.com\/fr\/wp-json\/wp\/v2\/media\/871125304147"}],"wp:attachment":[{"href":"https:\/\/mskasolutions.com\/fr\/wp-json\/wp\/v2\/media?parent=871125304146"}],"wp:term":[{"taxonomy":"product_brand","embeddable":true,"href":"https:\/\/mskasolutions.com\/fr\/wp-json\/wp\/v2\/product_brand?post=871125304146"},{"taxonomy":"product_cat","embeddable":true,"href":"https:\/\/mskasolutions.com\/fr\/wp-json\/wp\/v2\/product_cat?post=871125304146"},{"taxonomy":"product_tag","embeddable":true,"href":"https:\/\/mskasolutions.com\/fr\/wp-json\/wp\/v2\/product_tag?post=871125304146"}],"curies":[{"name":"wp","href":"https:\/\/api.w.org\/{rel}","templated":true}]}}