{"id":871125304062,"date":"2020-01-22T11:11:26","date_gmt":"2020-01-22T11:11:26","guid":{"rendered":"https:\/\/mskasolutions.com\/?post_type=product&#038;p=871125304062"},"modified":"2024-11-26T10:28:57","modified_gmt":"2024-11-26T10:28:57","slug":"dunlop-footpump","status":"publish","type":"product","link":"https:\/\/mskasolutions.com\/fr\/produit\/dunlop-footpump\/","title":{"rendered":"Dunlop &#8211; Pompe \u00e0 pied avec manom\u00e8tre analogique et 4 bouchons de valve"},"content":{"rendered":"<p>La pompe \u00e0 pied universelle Dunlop est tr\u00e8s robuste et id\u00e9ale pour les voyages et les activit\u00e9s de loisirs. Elle comprend 3 adaptateurs qui lui permettent de s&rsquo;adapter \u00e0 la plupart des pneus, ballons, pataugeoires et autres produits. Sa taille compacte vous permet d&rsquo;\u00e9conomiser de l&rsquo;espace lors du transport.<\/p>\n<p><strong>Avantages<\/strong><\/p>\n<p>Pompe universelle avec 3 adaptateurs<br \/>\nLe manom\u00e8tre vous permet de contr\u00f4ler la pression tout en pompant.<br \/>\nMallette de rangement compacte pour un transport ais\u00e9<\/p>\n<p><strong>Caract\u00e9ristiques techniques<\/strong><\/p>\n<p>Marque : Dunlop<br \/>\nType de produit Pompe \u00e0 pied<br \/>\nPression de sortie 7 Bar<br \/>\n4 paquets de clapets noirs inclus<\/p>","protected":false},"excerpt":{"rendered":"<p>La pompe \u00e0 pied universelle Dunlop est tr\u00e8s robuste et id\u00e9ale pour les voyages et les activit\u00e9s de loisirs. Elle comprend 3 adaptateurs qui lui permettent de s&rsquo;adapter \u00e0 la plupart des pneus, ballons, pataugeoires et autres produits. Sa taille compacte vous permet d&rsquo;\u00e9conomiser de l&rsquo;espace lors du transport.<\/p>\n<p><strong>Avantages<\/strong><\/p>\n<p>Pompe universelle avec 3 adaptateurs<br \/>\nLe manom\u00e8tre vous permet de contr\u00f4ler la pression tout en pompant.<br \/>\nMallette de rangement compacte pour un transport ais\u00e9<\/p>\n<p><strong>Caract\u00e9ristiques techniques<\/strong><\/p>\n<p>Marque : Dunlop<br \/>\nType de produit Pompe \u00e0 pied<br \/>\nPression de sortie 7 Bar<br \/>\n4 paquets de clapets noirs inclus<\/p>\n","protected":false},"featured_media":871125301828,"template":"","meta":[],"product_brand":[],"product_cat":[215],"product_tag":[177,179,187,180,195],"class_list":{"0":"post-871125304062","1":"product","2":"type-product","3":"status-publish","4":"has-post-thumbnail","6":"product_cat-promo","7":"product_tag-accessoires-auto","8":"product_tag-accessoires-velo","9":"product_tag-dunlop","10":"product_tag-pompes-et-compresseurs","11":"product_tag-promo","12":"product_shipping_class-small-item","14":"first","15":"instock","16":"sale","17":"featured","18":"taxable","19":"shipping-taxable","20":"purchasable","21":"product-type-simple"},"_links":{"self":[{"href":"https:\/\/mskasolutions.com\/fr\/wp-json\/wp\/v2\/product\/871125304062","targetHints":{"allow":["GET"]}}],"collection":[{"href":"https:\/\/mskasolutions.com\/fr\/wp-json\/wp\/v2\/product"}],"about":[{"href":"https:\/\/mskasolutions.com\/fr\/wp-json\/wp\/v2\/types\/product"}],"wp:featuredmedia":[{"embeddable":true,"href":"https:\/\/mskasolutions.com\/fr\/wp-json\/wp\/v2\/media\/871125301828"}],"wp:attachment":[{"href":"https:\/\/mskasolutions.com\/fr\/wp-json\/wp\/v2\/media?parent=871125304062"}],"wp:term":[{"taxonomy":"product_brand","embeddable":true,"href":"https:\/\/mskasolutions.com\/fr\/wp-json\/wp\/v2\/product_brand?post=871125304062"},{"taxonomy":"product_cat","embeddable":true,"href":"https:\/\/mskasolutions.com\/fr\/wp-json\/wp\/v2\/product_cat?post=871125304062"},{"taxonomy":"product_tag","embeddable":true,"href":"https:\/\/mskasolutions.com\/fr\/wp-json\/wp\/v2\/product_tag?post=871125304062"}],"curies":[{"name":"wp","href":"https:\/\/api.w.org\/{rel}","templated":true}]}}