{"id":871125304037,"date":"2020-01-17T09:38:57","date_gmt":"2020-01-17T09:38:57","guid":{"rendered":"https:\/\/mskasolutions.com\/?post_type=product&#038;p=871125304037"},"modified":"2022-07-13T15:17:25","modified_gmt":"2022-07-13T14:17:25","slug":"v3-externe-antenne-cable-uniquement","status":"publish","type":"product","link":"https:\/\/mskasolutions.com\/fr\/produit\/v3-externe-antenne-cable-uniquement\/","title":{"rendered":"V3 externe Antenne (c\u00e2ble uniquement)"},"content":{"rendered":"<p><strong>INFORAD Auto V3 externe Antenne<\/strong><span id=\"result_box\" class=\"short_text\" lang=\"fr\"><\/span><\/p>\n<p><span id=\"result_box\" class=\"\" lang=\"fr\"><span class=\"\">Cette antenne est fabriqu\u00e9e pour des v\u00e9hicules avec un pare-brise athermique ou d&rsquo;autres pare-brises qui d\u00e9t\u00e9riorent la r\u00e9ception des ondes GPS. Les meilleures performances sont obtenues en pla\u00e7ant l&rsquo;antenne sur le toit du v\u00e9hicule ou le capot du coffre. Cependant vous pouvez aussi placer l&rsquo;antenne sur la plage arri\u00e8re du v\u00e9hicule moyennant une r\u00e9duction potentille des performances. L&rsquo;utilisation de cette antenne vous permet de placer votre bo\u00eetier INFORAD ou que ce soit dans l&rsquo;habitacle du v\u00e9hicule<br \/>\n<\/span><\/span><\/p>\n<p><\/p>","protected":false},"excerpt":{"rendered":"<p>V3 Antenne externe<\/p>\n<p>Longueur de c\u00e2ble &#8211; 5 m\u00e8tres<\/p>\n<p>Taille &#8211; 50x39x16mm<\/p>\n<p>Poids &#8211; 110g<\/p>\n<p>Temp\u00e9rature de fonctionnement -40c \u00e0 85c<\/p>\n<p>Imperm\u00e9able<\/p>\n","protected":false},"featured_media":871125302769,"template":"","meta":[],"product_brand":[],"product_cat":[108],"product_tag":[188],"class_list":{"0":"post-871125304037","1":"product","2":"type-product","3":"status-publish","4":"has-post-thumbnail","6":"product_cat-non-classe","7":"product_tag-inforad","8":"product_shipping_class-small-item","10":"first","11":"instock","12":"taxable","13":"shipping-taxable","14":"purchasable","15":"product-type-simple"},"_links":{"self":[{"href":"https:\/\/mskasolutions.com\/fr\/wp-json\/wp\/v2\/product\/871125304037","targetHints":{"allow":["GET"]}}],"collection":[{"href":"https:\/\/mskasolutions.com\/fr\/wp-json\/wp\/v2\/product"}],"about":[{"href":"https:\/\/mskasolutions.com\/fr\/wp-json\/wp\/v2\/types\/product"}],"wp:featuredmedia":[{"embeddable":true,"href":"https:\/\/mskasolutions.com\/fr\/wp-json\/wp\/v2\/media\/871125302769"}],"wp:attachment":[{"href":"https:\/\/mskasolutions.com\/fr\/wp-json\/wp\/v2\/media?parent=871125304037"}],"wp:term":[{"taxonomy":"product_brand","embeddable":true,"href":"https:\/\/mskasolutions.com\/fr\/wp-json\/wp\/v2\/product_brand?post=871125304037"},{"taxonomy":"product_cat","embeddable":true,"href":"https:\/\/mskasolutions.com\/fr\/wp-json\/wp\/v2\/product_cat?post=871125304037"},{"taxonomy":"product_tag","embeddable":true,"href":"https:\/\/mskasolutions.com\/fr\/wp-json\/wp\/v2\/product_tag?post=871125304037"}],"curies":[{"name":"wp","href":"https:\/\/api.w.org\/{rel}","templated":true}]}}