{"id":871125303704,"date":"2019-12-11T13:49:52","date_gmt":"2019-12-11T13:49:52","guid":{"rendered":"https:\/\/mskasolutions.com\/?post_type=product&#038;p=871125303704"},"modified":"2024-11-07T14:12:59","modified_gmt":"2024-11-07T14:12:59","slug":"lanterne-de-travail-cob-200-lumens","status":"publish","type":"product","link":"https:\/\/mskasolutions.com\/fr\/produit\/lanterne-de-travail-cob-200-lumens\/","title":{"rendered":"Lanterne de travail COB &#8211; 200 lumens"},"content":{"rendered":"<p><strong>Sp\u00e9cifications des produits &#8211; G\u00e9n\u00e9ralit\u00e9s<\/strong><\/p>\n<p>Marque : Dunlop<br \/>\nNombre de lumi\u00e8res : 1<br \/>\nDimensions lxwxh : 10,3 x 15,6 x 21,8 cm<br \/>\nMat\u00e9riel : ABS<\/p>\n<p><strong>Sp\u00e9cifications des produits<\/strong><\/p>\n<p>Avec fonction d&rsquo;assombrissement : Non<br \/>\nY compris la source de lumi\u00e8re : Oui<br \/>\nType de source lumineuse : LED<br \/>\nPossibilit\u00e9s d&rsquo;ajustement : Rotatif | Inclinable<br \/>\nC\u00e2ble avec prise sur le produit : Non<br \/>\nType d&rsquo;alimentation \u00e9lectrique : Pile (non incluse)<\/p>\n<p><strong>Sp\u00e9cifications techniques<\/strong><\/p>\n<p>Ajustement : Pas d&rsquo;ajustement<br \/>\nNombre de lumi\u00e8res : 1<br \/>\nPuissance : 1&#215;1 W<br \/>\nValeur IP : Pas de valeur IP<br \/>\nLa consommation d&rsquo;\u00e9nergie : A+++<br \/>\nAngle du faisceau : 180\u00b0.<\/p>\n<p><strong>Contenu et composition de cet article<\/strong><\/p>\n<p>Nombre d&rsquo;articles dans l&#8217;emballage : 1<br \/>\nSource lumineuse incluse : Oui<br \/>\nContenu du pack : 1 lampe<br \/>\nAutres caract\u00e9ristiques<br \/>\nTension de raccordement : 0 V<br \/>\nOp\u00e9ration d&rsquo;\u00e9clairage : Interrupteur marche\/arr\u00eat &#8211; sur le produit<br \/>\nCRI : 1<br \/>\nTemp\u00e9rature de couleur : 6000 K<br \/>\nSources lumineuses \u00e0 dur\u00e9e de vie : 10 ans<br \/>\nLumen : 200 lm<br \/>\nLongueur du cordon : 0 m<br \/>\nType de capteur : Pas de capteur<br \/>\nLargeur de l&#8217;emballage : 16 cm<br \/>\nHauteur de l&#8217;emballage : 11 cm<br \/>\nLongueur du paquet : 22 cm<\/p>\n<p>&nbsp;<\/p>\n<p>&nbsp;<\/p>","protected":false},"excerpt":{"rendered":"<ul>\n<li>200 lumens<\/li>\n<li>Rotation de 180 degr\u00e9s<\/li>\n<li>Interrupteur marche\/arr\u00eat\/faible<\/li>\n<li>Fonctionne sur batterie (3xD batterie &#8211; non incluse)<\/li>\n<li>Taille : 21.8&#215;15.6&#215;10.3cm<\/li>\n<\/ul>\n","protected":false},"featured_media":871125303706,"template":"","meta":[],"product_brand":[],"product_cat":[108],"product_tag":[177,187,198],"class_list":{"0":"post-871125303704","1":"product","2":"type-product","3":"status-publish","4":"has-post-thumbnail","6":"product_cat-non-classe","7":"product_tag-accessoires-auto","8":"product_tag-dunlop","9":"product_tag-electronic","10":"product_shipping_class-small-item","12":"first","13":"instock","14":"sale","15":"taxable","16":"shipping-taxable","17":"purchasable","18":"product-type-simple"},"_links":{"self":[{"href":"https:\/\/mskasolutions.com\/fr\/wp-json\/wp\/v2\/product\/871125303704","targetHints":{"allow":["GET"]}}],"collection":[{"href":"https:\/\/mskasolutions.com\/fr\/wp-json\/wp\/v2\/product"}],"about":[{"href":"https:\/\/mskasolutions.com\/fr\/wp-json\/wp\/v2\/types\/product"}],"wp:featuredmedia":[{"embeddable":true,"href":"https:\/\/mskasolutions.com\/fr\/wp-json\/wp\/v2\/media\/871125303706"}],"wp:attachment":[{"href":"https:\/\/mskasolutions.com\/fr\/wp-json\/wp\/v2\/media?parent=871125303704"}],"wp:term":[{"taxonomy":"product_brand","embeddable":true,"href":"https:\/\/mskasolutions.com\/fr\/wp-json\/wp\/v2\/product_brand?post=871125303704"},{"taxonomy":"product_cat","embeddable":true,"href":"https:\/\/mskasolutions.com\/fr\/wp-json\/wp\/v2\/product_cat?post=871125303704"},{"taxonomy":"product_tag","embeddable":true,"href":"https:\/\/mskasolutions.com\/fr\/wp-json\/wp\/v2\/product_tag?post=871125303704"}],"curies":[{"name":"wp","href":"https:\/\/api.w.org\/{rel}","templated":true}]}}