{"id":871125302927,"date":"2019-09-07T14:30:39","date_gmt":"2019-09-07T13:30:39","guid":{"rendered":"https:\/\/mskasolutions.com\/?post_type=product&#038;p=871125302927"},"modified":"2021-11-16T00:49:59","modified_gmt":"2021-11-16T00:49:59","slug":"ventouse-de-voiture-x-2-10-5cm-115mm-outil-de-demontage-orange","status":"publish","type":"product","link":"https:\/\/mskasolutions.com\/fr\/produit\/ventouse-de-voiture-x-2-10-5cm-115mm-outil-de-demontage-orange\/","title":{"rendered":"Ventouse de D\u00e9bosselage double pour enlever les Bosses x 2 10.5cm \/ 115mm &#8211; Outil de d\u00e9montage (Orange)"},"content":{"rendered":"<p><\/p>\n<ul>\n<li>Mat\u00e9riau : les poign\u00e9es de ces extracteurs de bosses sont en ABS et les ventouses adoptent un mat\u00e9riau silicone, qui peut \u00eatre appliqu\u00e9 pour une longue dur\u00e9e.<\/li>\n<li>Dimension : les ventouses avec \u00e9l\u00e9vateur sont en orange, et leur diam\u00e8tre est de 115mm \/ 10,5cm, adapt\u00e9es aux bosses de taille moyenne sur les voitures.<\/li>\n<li>Fonction : l&rsquo;extracteur de bosses a une bonne qualit\u00e9 d&rsquo;application avec une forte capacit\u00e9 d&rsquo;adsorption, peut supporter une pression d&rsquo;environ 100 kg, facile \u00e0 appliquer sans aucun outil.<\/li>\n<li>Large application : ces extracteurs de bosses peuvent \u00eatre largement utilis\u00e9s pour les lunettes, les bosses de voiture, les portes, les t\u00e9l\u00e9phones cellulaires, les ordinateurs ou autres surfaces lisses et plates.<\/li>\n<li>Endroit appropri\u00e9 : vous pouvez appliquer ces ventouses \u00e0 la maison, dans les magasins, les garages ou les lieux de travail, ce sont de bons outils pour r\u00e9parer le t\u00e9l\u00e9phone portable, l&rsquo;ordinateur, la bosse de voiture, etc.<\/li>\n<\/ul>\n<p>&nbsp;<\/p>","protected":false},"excerpt":{"rendered":"<p>Double ventouse x 2 (Orange) 10.5cm \/ 115mm.<br \/>\nPoids MAX de levage 100Kg.<br \/>\nMat\u00e9riau : ABS et les ventouses adoptent un mat\u00e9riau en silicone.<\/p>\n<p>Large application : Cet extracteur de bosses peut \u00eatre largement utilis\u00e9 pour les t\u00f4les de verre, les bosses de voiture, les portes, ou d&rsquo;autres surfaces lisses et plates.<\/p>\n","protected":false},"featured_media":871125306142,"template":"","meta":[],"product_brand":[],"product_cat":[108],"product_tag":[177,194,197],"class_list":{"0":"post-871125302927","1":"product","2":"type-product","3":"status-publish","4":"has-post-thumbnail","6":"product_cat-non-classe","7":"product_tag-accessoires-auto","8":"product_tag-kinzo","9":"product_tag-promo-2","10":"product_shipping_class-small-item-gls-only","12":"first","13":"instock","14":"sale","15":"taxable","16":"shipping-taxable","17":"purchasable","18":"product-type-simple"},"_links":{"self":[{"href":"https:\/\/mskasolutions.com\/fr\/wp-json\/wp\/v2\/product\/871125302927","targetHints":{"allow":["GET"]}}],"collection":[{"href":"https:\/\/mskasolutions.com\/fr\/wp-json\/wp\/v2\/product"}],"about":[{"href":"https:\/\/mskasolutions.com\/fr\/wp-json\/wp\/v2\/types\/product"}],"wp:featuredmedia":[{"embeddable":true,"href":"https:\/\/mskasolutions.com\/fr\/wp-json\/wp\/v2\/media\/871125306142"}],"wp:attachment":[{"href":"https:\/\/mskasolutions.com\/fr\/wp-json\/wp\/v2\/media?parent=871125302927"}],"wp:term":[{"taxonomy":"product_brand","embeddable":true,"href":"https:\/\/mskasolutions.com\/fr\/wp-json\/wp\/v2\/product_brand?post=871125302927"},{"taxonomy":"product_cat","embeddable":true,"href":"https:\/\/mskasolutions.com\/fr\/wp-json\/wp\/v2\/product_cat?post=871125302927"},{"taxonomy":"product_tag","embeddable":true,"href":"https:\/\/mskasolutions.com\/fr\/wp-json\/wp\/v2\/product_tag?post=871125302927"}],"curies":[{"name":"wp","href":"https:\/\/api.w.org\/{rel}","templated":true}]}}