{"id":871125302887,"date":"2019-09-04T14:34:57","date_gmt":"2019-09-04T12:34:57","guid":{"rendered":"https:\/\/mskasolutions.com\/?post_type=product&#038;p=871125302887"},"modified":"2023-03-09T17:10:09","modified_gmt":"2023-03-09T17:10:09","slug":"ventouse-de-voiture-10-5cm-115mm-outil-de-demontage-orange","status":"publish","type":"product","link":"https:\/\/mskasolutions.com\/fr\/produit\/ventouse-de-voiture-10-5cm-115mm-outil-de-demontage-orange\/","title":{"rendered":"Ventouse de D\u00e9bosselage pour enlever les Bosses  5.5cm \/ 55mm &#8211; Outil de d\u00e9montage (Orange) MAX 15Kgs"},"content":{"rendered":"<p><\/p>\n<ul>\n<li>Mat\u00e9riel : Le manche de ce d\u00e9bosseleur est en ABS et les ventouses adoptent un mat\u00e9riau en silicone, qui peut \u00eatre appliqu\u00e9 pendant longtemps.<\/li>\n<li>Dimension : les ventouses avec le levier sont de couleur orange et leur diam\u00e8tre est de 55 mm \/ 5,5 cm, ce qui convient aux petites bosses sur les voitures.<\/li>\n<li>Fonction : L&rsquo;extracteur de bosses a une bonne qualit\u00e9 d&rsquo;application avec une capacit\u00e9 d&rsquo;adsorption \u00e9lev\u00e9e, peut supporter une pression d&rsquo;environ 15 kg, facile \u00e0 appliquer sans aucun outil.<\/li>\n<li>Application large : Ce d\u00e9bosseleur peut \u00eatre largement utilis\u00e9 sur de nombreuses autres applications IE : vitres, bosses de voiture, portes, t\u00e9l\u00e9phones portables, ordinateurs ou autres surfaces lisses et planes.<\/li>\n<\/ul>\n<p>&nbsp;<\/p>","protected":false},"excerpt":{"rendered":"<div>\n<p>Sp\u00e9cifications :<br \/>\nMat\u00e9riau : ABS et silicone<br \/>\nCouleur : Orange<br \/>\nSoulever des poids : environ 15Kg<br \/>\nTaille : 5,5 cm de diam\u00e8tre de la ventouse inf\u00e9rieure<\/p>\n<\/div>\n","protected":false},"featured_media":871125304175,"template":"","meta":[],"product_brand":[],"product_cat":[108,119],"product_tag":[177,194],"class_list":{"0":"post-871125302887","1":"product","2":"type-product","3":"status-publish","4":"has-post-thumbnail","6":"product_cat-non-classe","7":"product_cat-hot","8":"product_tag-accessoires-auto","9":"product_tag-kinzo","10":"product_shipping_class-small-item-gls-only","12":"first","13":"instock","14":"sale","15":"taxable","16":"shipping-taxable","17":"purchasable","18":"product-type-simple"},"_links":{"self":[{"href":"https:\/\/mskasolutions.com\/fr\/wp-json\/wp\/v2\/product\/871125302887","targetHints":{"allow":["GET"]}}],"collection":[{"href":"https:\/\/mskasolutions.com\/fr\/wp-json\/wp\/v2\/product"}],"about":[{"href":"https:\/\/mskasolutions.com\/fr\/wp-json\/wp\/v2\/types\/product"}],"wp:featuredmedia":[{"embeddable":true,"href":"https:\/\/mskasolutions.com\/fr\/wp-json\/wp\/v2\/media\/871125304175"}],"wp:attachment":[{"href":"https:\/\/mskasolutions.com\/fr\/wp-json\/wp\/v2\/media?parent=871125302887"}],"wp:term":[{"taxonomy":"product_brand","embeddable":true,"href":"https:\/\/mskasolutions.com\/fr\/wp-json\/wp\/v2\/product_brand?post=871125302887"},{"taxonomy":"product_cat","embeddable":true,"href":"https:\/\/mskasolutions.com\/fr\/wp-json\/wp\/v2\/product_cat?post=871125302887"},{"taxonomy":"product_tag","embeddable":true,"href":"https:\/\/mskasolutions.com\/fr\/wp-json\/wp\/v2\/product_tag?post=871125302887"}],"curies":[{"name":"wp","href":"https:\/\/api.w.org\/{rel}","templated":true}]}}