{"id":871125302825,"date":"2019-08-25T16:50:10","date_gmt":"2019-08-25T14:50:10","guid":{"rendered":"https:\/\/mskasolutions.com\/produit\/inforad-v4e\/"},"modified":"2026-02-25T13:19:55","modified_gmt":"2026-02-25T13:19:55","slug":"inforad-v4e","status":"publish","type":"product","link":"https:\/\/mskasolutions.com\/fr\/produit\/inforad-v4e\/","title":{"rendered":"Inforad V4+Batterie"},"content":{"rendered":"<p><strong>INFORAD Auto V4e+<span id=\"result_box\" class=\"short_text\" lang=\"fr\"><span class=\"\">Batterie<\/span><\/span><br \/>\n<\/strong><\/p>\n<p>INFORAD signale la pr\u00e9sence des des zones \u00e0 risques<\/p>\n<p>Partenaire indispensable de tout conducteur, ce petit bo\u00eetier plac\u00e9 sur votre tableau de bord vous permettra d\u2019\u00e9viter les exc\u00e8s de vitesse, de pr\u00e9server les points de votre permis de conduire et de renforcer votre s\u00e9curit\u00e9.<\/p>\n<p><strong>INFORAD est s\u00fbr et efficace<\/strong><\/p>\n<p>Gr\u00e2ce au syst\u00e8me GPS*, INFORAD conna\u00eet en permanence la position de votre v\u00e9hicule et son processeur compare celle-ci avec les zones \u00e0 risques contenues dans sa base de donn\u00e9es. D\u00e8s que vous p\u00e9n\u00e9trez dans une zone dangereuse, mat\u00e9rialis\u00e9e ou non par un danger, INFORAD vous pr\u00e9vient imm\u00e9diatement gr\u00e2ce \u00e0 des signaux lumineux, sonores, simples et compr\u00e9hensibles.<\/p>\n<p><strong>Les autres plus d\u2019INFORAD<\/strong><\/p>\n<p>Positionnement ais\u00e9 dans tous les v\u00e9hicules y compris les poids lourds (12\/24 Volts)<br \/>\nMises \u00e0 jour de la banque de donn\u00e9es automatiques (PC Windows + connexion Internet)<br \/>\nGratuit\u00e9 de l&rsquo;abonnement aux mises \u00e0 jour<br \/>\nChacun peut entrer ses propres zones \u00e0 risques personnelles dans la base de donn\u00e9es<br \/>\nFonction \u00ab\u00a0limiteur de vitesse\u00a0\u00bb pour la s\u00e9curit\u00e9 Possibilit\u00e9 de m\u00e9moriser son parcours (enregistreur param\u00e9trable)<br \/>\nGarantie port\u00e9e \u00e0 2 ans retour atelier.<br \/>\nPanoplie d&rsquo;accessoires : plusieurs accessoires sont d\u00e9sormais disponibles \u00e0 la vente.<br \/>\nUn logiciel de pilotage, INFORAD MANAGER, a \u00e9t\u00e9 con\u00e7u sp\u00e9cialement pour exploiter au mieux toutes les capacit\u00e9s de la V4e. Il int\u00e8gre notamment une fonction unique pour ce type de produit : une zone d&rsquo;apprentissage interactif afin d&rsquo;aider les utilisateurs \u00e0 mieux appr\u00e9hender le fonctionnement de leur V4e.<\/p>","protected":false},"excerpt":{"rendered":"<p><strong>Un avertisseur de zones \u00e0 risque de 4e g\u00e9n\u00e9ration : l\u2019INFORAD V4e<br \/>\n<\/strong><\/p>\n<p>Dot\u00e9 du fameux processeur SiRFstarIII, l&rsquo;INFORAD V4e vous garantit une qualit\u00e9 de r\u00e9ception optimale!<\/p>\n<p><strong>C\u00f4t\u00e9 look :<\/strong> Petite, ronde et l\u00e9g\u00e8re, la V4e tient dans le creux de la main. Sa couleur grise m\u00e9tallis\u00e9e s&rsquo;harmonise en toute discr\u00e9tion avec tous les tableaux de bord. Deux boutons sur la face sup\u00e9rieure et une fa\u00e7ade fum\u00e9e translucide qui cache \u00e9l\u00e9gamment cinq diodes lumineuses tricolores.<\/p>\n<p><strong>C\u00f4t\u00e9 technique :<\/strong> la V4e revendique tout naturellement une totale compatibilit\u00e9 avec les pr\u00e9d\u00e9centes versions:<\/p>\n<ul>\n<li>aucune installation requise<\/li>\n<li>des m\u00e9lodies avec son clair adapt\u00e9es \u00e0 chaque type d\u2019alerte<\/li>\n<li>r\u00e9glage du volume des alarmes sonores<\/li>\n<li>des balayages lumineux adapt\u00e9s \u00e0 chaque type d&rsquo;alerte<\/li>\n<\/ul>\n<p>Tr\u00e8s esth\u00e9tique, la V4e ne peut laisser indiff\u00e9rent quiconque la regarde. On a tout de suite envie de la prendre en main et de se l&rsquo;approprier.<\/p>\n","protected":false},"featured_media":871125302436,"template":"","meta":[],"product_brand":[],"product_cat":[133,215],"product_tag":[172,188,195],"class_list":{"0":"post-871125302825","1":"product","2":"type-product","3":"status-publish","4":"has-post-thumbnail","6":"product_cat-speedcam-locators-2","7":"product_cat-promo","8":"product_tag-assistants-d-aide-a-la-conduite","9":"product_tag-inforad","10":"product_tag-promo","11":"product_shipping_class-small-item-gls-only","13":"first","14":"instock","15":"sale","16":"taxable","17":"shipping-taxable","18":"purchasable","19":"product-type-simple"},"_links":{"self":[{"href":"https:\/\/mskasolutions.com\/fr\/wp-json\/wp\/v2\/product\/871125302825","targetHints":{"allow":["GET"]}}],"collection":[{"href":"https:\/\/mskasolutions.com\/fr\/wp-json\/wp\/v2\/product"}],"about":[{"href":"https:\/\/mskasolutions.com\/fr\/wp-json\/wp\/v2\/types\/product"}],"wp:featuredmedia":[{"embeddable":true,"href":"https:\/\/mskasolutions.com\/fr\/wp-json\/wp\/v2\/media\/871125302436"}],"wp:attachment":[{"href":"https:\/\/mskasolutions.com\/fr\/wp-json\/wp\/v2\/media?parent=871125302825"}],"wp:term":[{"taxonomy":"product_brand","embeddable":true,"href":"https:\/\/mskasolutions.com\/fr\/wp-json\/wp\/v2\/product_brand?post=871125302825"},{"taxonomy":"product_cat","embeddable":true,"href":"https:\/\/mskasolutions.com\/fr\/wp-json\/wp\/v2\/product_cat?post=871125302825"},{"taxonomy":"product_tag","embeddable":true,"href":"https:\/\/mskasolutions.com\/fr\/wp-json\/wp\/v2\/product_tag?post=871125302825"}],"curies":[{"name":"wp","href":"https:\/\/api.w.org\/{rel}","templated":true}]}}