{"id":871125302819,"date":"2019-08-25T16:48:55","date_gmt":"2019-08-25T15:48:55","guid":{"rendered":"https:\/\/mskasolutions.com\/produit\/telecommande-pour-inforad-communicant\/"},"modified":"2022-07-13T15:18:30","modified_gmt":"2022-07-13T14:18:30","slug":"telecommande-pour-inforad-communicant","status":"publish","type":"product","link":"https:\/\/mskasolutions.com\/fr\/produit\/telecommande-pour-inforad-communicant\/","title":{"rendered":"T\u00e9l\u00e9commande pour Inforad Communicant"},"content":{"rendered":"<p><strong>Pour: Ci, Smart, Kit Moto<\/strong><\/p>\n<p>Un maximum de s\u00e9curit\u00e9 avec la t\u00e9l\u00e9commande au volant INFORAD Communicant. Con\u00e7ue aussi bien pour droitiers que pour gauchers chacun de ses boutons est identifiable au toucher, permettant de se consacrer pleinement \u00e0 la conduite du v\u00e9hicule en gardant les yeux sur la route.<\/p>","protected":false},"excerpt":{"rendered":"<p><strong>Pour: Ci, Smart, Kit Moto<\/strong><\/p>\n<p>Un maximum de s\u00e9curit\u00e9 avec la t\u00e9l\u00e9commande au volant INFORAD Communicant. Con\u00e7ue aussi bien pour droitiers que pour gauchers chacun de ses boutons est identifiable au toucher, permettant de se consacrer pleinement \u00e0 la conduite du v\u00e9hicule en gardant les yeux sur la route.<\/p>\n","protected":false},"featured_media":871125302056,"template":"","meta":[],"product_brand":[],"product_cat":[108],"product_tag":[188],"class_list":{"0":"post-871125302819","1":"product","2":"type-product","3":"status-publish","4":"has-post-thumbnail","6":"product_cat-non-classe","7":"product_tag-inforad","8":"product_shipping_class-small-item-gls-only","10":"first","11":"instock","12":"taxable","13":"shipping-taxable","14":"purchasable","15":"product-type-simple"},"_links":{"self":[{"href":"https:\/\/mskasolutions.com\/fr\/wp-json\/wp\/v2\/product\/871125302819","targetHints":{"allow":["GET"]}}],"collection":[{"href":"https:\/\/mskasolutions.com\/fr\/wp-json\/wp\/v2\/product"}],"about":[{"href":"https:\/\/mskasolutions.com\/fr\/wp-json\/wp\/v2\/types\/product"}],"wp:featuredmedia":[{"embeddable":true,"href":"https:\/\/mskasolutions.com\/fr\/wp-json\/wp\/v2\/media\/871125302056"}],"wp:attachment":[{"href":"https:\/\/mskasolutions.com\/fr\/wp-json\/wp\/v2\/media?parent=871125302819"}],"wp:term":[{"taxonomy":"product_brand","embeddable":true,"href":"https:\/\/mskasolutions.com\/fr\/wp-json\/wp\/v2\/product_brand?post=871125302819"},{"taxonomy":"product_cat","embeddable":true,"href":"https:\/\/mskasolutions.com\/fr\/wp-json\/wp\/v2\/product_cat?post=871125302819"},{"taxonomy":"product_tag","embeddable":true,"href":"https:\/\/mskasolutions.com\/fr\/wp-json\/wp\/v2\/product_tag?post=871125302819"}],"curies":[{"name":"wp","href":"https:\/\/api.w.org\/{rel}","templated":true}]}}