{"id":871125302813,"date":"2019-08-25T16:47:57","date_gmt":"2019-08-25T15:47:57","guid":{"rendered":"https:\/\/mskasolutions.com\/produit\/adaptateur-allume-cigare-multiprise-4-en-1\/"},"modified":"2022-07-13T15:20:55","modified_gmt":"2022-07-13T14:20:55","slug":"adaptateur-allume-cigare-multiprise-4-en-1","status":"publish","type":"product","link":"https:\/\/mskasolutions.com\/fr\/produit\/adaptateur-allume-cigare-multiprise-4-en-1\/","title":{"rendered":"Adaptateur allume-cigare multiprise 4 en 1"},"content":{"rendered":"<p><strong>Pour: Tous produits<\/strong><\/p>\n<p>L&rsquo;adaptateur allume-cigare quatre voies INFORAD vous permet d&rsquo;\u00e9tendre l&rsquo;utilisation de votre allume-cigare \u00e0 quatre \u00e9quipements \u00e9lectriques pour automobile simultan\u00e9s (deux avec prise allume-cigare et deux avec prise USB)<\/p>","protected":false},"excerpt":{"rendered":"<p><strong>Pour: Tous produits<\/strong><\/p>\n<p>L&rsquo;adaptateur allume-cigare quatre voies INFORAD vous permet d&rsquo;\u00e9tendre l&rsquo;utilisation de votre allume-cigare \u00e0 quatre \u00e9quipements \u00e9lectriques pour automobile simultan\u00e9s (deux avec prise allume-cigare et deux avec prise USB)<\/p>\n","protected":false},"featured_media":871125301737,"template":"","meta":[],"product_brand":[],"product_cat":[108],"product_tag":[177,188],"class_list":{"0":"post-871125302813","1":"product","2":"type-product","3":"status-publish","4":"has-post-thumbnail","6":"product_cat-non-classe","7":"product_tag-accessoires-auto","8":"product_tag-inforad","9":"product_shipping_class-small-item","11":"first","12":"instock","13":"taxable","14":"shipping-taxable","15":"purchasable","16":"product-type-simple"},"_links":{"self":[{"href":"https:\/\/mskasolutions.com\/fr\/wp-json\/wp\/v2\/product\/871125302813","targetHints":{"allow":["GET"]}}],"collection":[{"href":"https:\/\/mskasolutions.com\/fr\/wp-json\/wp\/v2\/product"}],"about":[{"href":"https:\/\/mskasolutions.com\/fr\/wp-json\/wp\/v2\/types\/product"}],"wp:featuredmedia":[{"embeddable":true,"href":"https:\/\/mskasolutions.com\/fr\/wp-json\/wp\/v2\/media\/871125301737"}],"wp:attachment":[{"href":"https:\/\/mskasolutions.com\/fr\/wp-json\/wp\/v2\/media?parent=871125302813"}],"wp:term":[{"taxonomy":"product_brand","embeddable":true,"href":"https:\/\/mskasolutions.com\/fr\/wp-json\/wp\/v2\/product_brand?post=871125302813"},{"taxonomy":"product_cat","embeddable":true,"href":"https:\/\/mskasolutions.com\/fr\/wp-json\/wp\/v2\/product_cat?post=871125302813"},{"taxonomy":"product_tag","embeddable":true,"href":"https:\/\/mskasolutions.com\/fr\/wp-json\/wp\/v2\/product_tag?post=871125302813"}],"curies":[{"name":"wp","href":"https:\/\/api.w.org\/{rel}","templated":true}]}}