{"id":871125302812,"date":"2019-08-25T16:47:42","date_gmt":"2019-08-25T15:47:42","guid":{"rendered":"https:\/\/mskasolutions.com\/produit\/chargeur-secteur-usb\/"},"modified":"2022-07-13T15:20:55","modified_gmt":"2022-07-13T14:20:55","slug":"chargeur-secteur-usb","status":"publish","type":"product","link":"https:\/\/mskasolutions.com\/fr\/produit\/chargeur-secteur-usb\/","title":{"rendered":"Chargeur secteur USB"},"content":{"rendered":"<p><\/p>\n<p class=\"AccTitle\"><strong>Pour: Tous produits<\/strong><\/p>\n<p class=\"AccDetail\">Cet adaptateur secteur USB permet de recharger tous les produits INFORAD dot\u00e9s d&rsquo;une batterie \u00e0 la maison ou au bureau. Il peut aussi \u00eatre utilis\u00e9 pour alimenter des \u00e9quipements USB dont le courant n\u00e9cessaire est inf\u00e9rieur \u00e0 500 mA<\/p>\n<p><\/p>","protected":false},"excerpt":{"rendered":"<p class=\"AccTitle\"><strong>Pour: Tous produits<\/strong><\/p>\n<p class=\"AccDetail\">Cet adaptateur secteur USB permet de recharger tous les produits INFORAD dot\u00e9s d&rsquo;une batterie \u00e0 la maison ou au bureau. Il peut aussi \u00eatre utilis\u00e9 pour alimenter des \u00e9quipements USB dont le courant n\u00e9cessaire est inf\u00e9rieur \u00e0 500 mA<\/p>\n","protected":false},"featured_media":871125302290,"template":"","meta":[],"product_brand":[],"product_cat":[108],"product_tag":[188],"class_list":{"0":"post-871125302812","1":"product","2":"type-product","3":"status-publish","4":"has-post-thumbnail","6":"product_cat-non-classe","7":"product_tag-inforad","8":"product_shipping_class-small-item","10":"first","11":"instock","12":"sale","13":"taxable","14":"shipping-taxable","15":"purchasable","16":"product-type-simple"},"_links":{"self":[{"href":"https:\/\/mskasolutions.com\/fr\/wp-json\/wp\/v2\/product\/871125302812","targetHints":{"allow":["GET"]}}],"collection":[{"href":"https:\/\/mskasolutions.com\/fr\/wp-json\/wp\/v2\/product"}],"about":[{"href":"https:\/\/mskasolutions.com\/fr\/wp-json\/wp\/v2\/types\/product"}],"wp:featuredmedia":[{"embeddable":true,"href":"https:\/\/mskasolutions.com\/fr\/wp-json\/wp\/v2\/media\/871125302290"}],"wp:attachment":[{"href":"https:\/\/mskasolutions.com\/fr\/wp-json\/wp\/v2\/media?parent=871125302812"}],"wp:term":[{"taxonomy":"product_brand","embeddable":true,"href":"https:\/\/mskasolutions.com\/fr\/wp-json\/wp\/v2\/product_brand?post=871125302812"},{"taxonomy":"product_cat","embeddable":true,"href":"https:\/\/mskasolutions.com\/fr\/wp-json\/wp\/v2\/product_cat?post=871125302812"},{"taxonomy":"product_tag","embeddable":true,"href":"https:\/\/mskasolutions.com\/fr\/wp-json\/wp\/v2\/product_tag?post=871125302812"}],"curies":[{"name":"wp","href":"https:\/\/api.w.org\/{rel}","templated":true}]}}