{"id":871125302810,"date":"2019-08-25T16:47:20","date_gmt":"2019-08-25T15:47:20","guid":{"rendered":"https:\/\/mskasolutions.com\/produit\/renovateur-dessuie-glace-wiper-wizard\/"},"modified":"2022-07-15T13:50:21","modified_gmt":"2022-07-15T12:50:21","slug":"renovateur-dessuie-glace-wiper-wizard","status":"publish","type":"product","link":"https:\/\/mskasolutions.com\/fr\/produit\/renovateur-dessuie-glace-wiper-wizard\/","title":{"rendered":"R\u00e9novateur d&rsquo;essuie-glace Wiper Wizard"},"content":{"rendered":"<p>Wiper Wizard est la solution qui vous faut!<\/p>\n<p>Caract\u00e9ristiques :<\/p>\n<p>&#8211; Am\u00e9liore la visibilit\u00e9<\/p>\n<p>&#8211; Rapide et facile \u00e0 utiliser<\/p>\n<p>&#8211; Gain de temps et d&rsquo;argent<\/p>\n<p>&#8211; Con\u00e7u avec des microcristaux<\/p>\n<p>&#8211; Appropri\u00e9 pour tous les types d&rsquo;essuie-glaces<\/p>","protected":false},"excerpt":{"rendered":"<p>Vos essuie-glaces sont bruyants et moins efficaces avec le temps.<\/p>\n<p>Avec le Wiper Wizard, vos vieux essuie-glaces redeviennent comme neufs en quelques secondes.<\/p>\n<p>Wiper Wizard a \u00e9t\u00e9 con\u00e7u scientifiquement avec des microcristaux qui adoucissent les bords irr\u00e9guliers des essuie-glaces, qui sont \u00e0 l&rsquo;origine des rayures.<\/p>\n<p>Passez le autant de fois que vous le souhaitez sur les essuie-glaces et fini le bruit et les rayures.<\/p>\n<p>Vous serez \u00e9tonn\u00e9 de ce que vos vieux essuie-glaces peuvent encore faire!Vous recevrez 5 chiffons afin de conserver des essuie-glaces hyper propres.<\/p>\n<p>Si vous voulez \u00e9conomiser de l&rsquo;argent et am\u00e9liorer votre visibilit\u00e9 au volant n&rsquo;h\u00e9sitez plus.<\/p>\n","protected":false},"featured_media":871125302287,"template":"","meta":[],"product_brand":[],"product_cat":[108],"product_tag":[177,195],"class_list":{"0":"post-871125302810","1":"product","2":"type-product","3":"status-publish","4":"has-post-thumbnail","6":"product_cat-non-classe","7":"product_tag-accessoires-auto","8":"product_tag-promo","9":"product_shipping_class-small-item","11":"first","12":"instock","13":"sale","14":"taxable","15":"shipping-taxable","16":"purchasable","17":"product-type-simple"},"_links":{"self":[{"href":"https:\/\/mskasolutions.com\/fr\/wp-json\/wp\/v2\/product\/871125302810","targetHints":{"allow":["GET"]}}],"collection":[{"href":"https:\/\/mskasolutions.com\/fr\/wp-json\/wp\/v2\/product"}],"about":[{"href":"https:\/\/mskasolutions.com\/fr\/wp-json\/wp\/v2\/types\/product"}],"wp:featuredmedia":[{"embeddable":true,"href":"https:\/\/mskasolutions.com\/fr\/wp-json\/wp\/v2\/media\/871125302287"}],"wp:attachment":[{"href":"https:\/\/mskasolutions.com\/fr\/wp-json\/wp\/v2\/media?parent=871125302810"}],"wp:term":[{"taxonomy":"product_brand","embeddable":true,"href":"https:\/\/mskasolutions.com\/fr\/wp-json\/wp\/v2\/product_brand?post=871125302810"},{"taxonomy":"product_cat","embeddable":true,"href":"https:\/\/mskasolutions.com\/fr\/wp-json\/wp\/v2\/product_cat?post=871125302810"},{"taxonomy":"product_tag","embeddable":true,"href":"https:\/\/mskasolutions.com\/fr\/wp-json\/wp\/v2\/product_tag?post=871125302810"}],"curies":[{"name":"wp","href":"https:\/\/api.w.org\/{rel}","templated":true}]}}