{"id":871125302797,"date":"2019-08-25T16:45:24","date_gmt":"2019-08-25T15:45:24","guid":{"rendered":"https:\/\/mskasolutions.com\/produit\/gilet-de-securite-reflechissant\/"},"modified":"2022-08-27T10:13:30","modified_gmt":"2022-08-27T09:13:30","slug":"gilet-de-securite-reflechissant","status":"publish","type":"product","link":"https:\/\/mskasolutions.com\/fr\/produit\/gilet-de-securite-reflechissant\/","title":{"rendered":"GILET DE S\u00c9CURIT\u00c9 R\u00c9FL\u00c9CHISSANT"},"content":{"rendered":"<p><span id=\"result_box\" class=\"\" lang=\"fr\"><span class=\"\">GILET DE S\u00c9CURIT\u00c9 R\u00c9FL\u00c9CHISSANT <\/span><\/span><\/p>\n<p><span id=\"result_box\" class=\"\" lang=\"fr\"><span class=\"\">TAILLE UNIQUE TOUT M &#8211; XXL <\/span><\/span><\/p>\n<p><span id=\"result_box\" class=\"\" lang=\"fr\"><span class=\"\">COULEUR &#8211; JAUNE <\/span><\/span><\/p>\n<p><span id=\"result_box\" class=\"\" lang=\"fr\"><span class=\"\">Pour une s\u00e9curit\u00e9 accrue lors des pannes et des situations de faible visibilit\u00e9.<\/span><\/span><\/p>","protected":false},"excerpt":{"rendered":"<p><span id=\"result_box\" class=\"\" lang=\"fr\"><span class=\"\">GILET DE S\u00c9CURIT\u00c9 R\u00c9FL\u00c9CHISSANT <\/span><\/span><\/p>\n<p><span id=\"result_box\" class=\"\" lang=\"fr\"><span class=\"\">TAILLE UNIQUE TOUT M &#8211; XXL <\/span><\/span><\/p>\n<p><span id=\"result_box\" class=\"\" lang=\"fr\"><span class=\"\">COULEUR &#8211; JAUNE <\/span><\/span><\/p>\n<p><span id=\"result_box\" class=\"\" lang=\"fr\"><span class=\"\">Pour une s\u00e9curit\u00e9 accrue lors des pannes et des situations de faible visibilit\u00e9.<\/span><\/span><\/p>\n","protected":false},"featured_media":871125302333,"template":"","meta":[],"product_brand":[],"product_cat":[108],"product_tag":[177,179,187,183],"class_list":{"0":"post-871125302797","1":"product","2":"type-product","3":"status-publish","4":"has-post-thumbnail","6":"product_cat-non-classe","7":"product_tag-accessoires-auto","8":"product_tag-accessoires-velo","9":"product_tag-dunlop","10":"product_tag-sports-et-loisirs","11":"product_shipping_class-small-item","13":"first","14":"outofstock","15":"taxable","16":"shipping-taxable","17":"purchasable","18":"product-type-simple"},"_links":{"self":[{"href":"https:\/\/mskasolutions.com\/fr\/wp-json\/wp\/v2\/product\/871125302797","targetHints":{"allow":["GET"]}}],"collection":[{"href":"https:\/\/mskasolutions.com\/fr\/wp-json\/wp\/v2\/product"}],"about":[{"href":"https:\/\/mskasolutions.com\/fr\/wp-json\/wp\/v2\/types\/product"}],"wp:featuredmedia":[{"embeddable":true,"href":"https:\/\/mskasolutions.com\/fr\/wp-json\/wp\/v2\/media\/871125302333"}],"wp:attachment":[{"href":"https:\/\/mskasolutions.com\/fr\/wp-json\/wp\/v2\/media?parent=871125302797"}],"wp:term":[{"taxonomy":"product_brand","embeddable":true,"href":"https:\/\/mskasolutions.com\/fr\/wp-json\/wp\/v2\/product_brand?post=871125302797"},{"taxonomy":"product_cat","embeddable":true,"href":"https:\/\/mskasolutions.com\/fr\/wp-json\/wp\/v2\/product_cat?post=871125302797"},{"taxonomy":"product_tag","embeddable":true,"href":"https:\/\/mskasolutions.com\/fr\/wp-json\/wp\/v2\/product_tag?post=871125302797"}],"curies":[{"name":"wp","href":"https:\/\/api.w.org\/{rel}","templated":true}]}}