{"id":871125302787,"date":"2019-08-25T16:43:18","date_gmt":"2019-08-25T15:43:18","guid":{"rendered":"https:\/\/mskasolutions.com\/produit\/nettoyant-pour-habitacle-500ml\/"},"modified":"2023-07-22T13:01:51","modified_gmt":"2023-07-22T12:01:51","slug":"elina-clean-cockpit-cleaner-500ml","status":"publish","type":"product","link":"https:\/\/mskasolutions.com\/fr\/produit\/elina-clean-cockpit-cleaner-500ml\/","title":{"rendered":"Nettoyant pour habitacle 500ml par Elina Clean"},"content":{"rendered":"<p>Nettoie et pr\u00e9serve le tableau de bord et les autres accessoires en plastique.<\/p>\n<p>Clean Car Cockpit Spray d\u00e9gage un parfum agr\u00e9able et rafra\u00eechit la couleur.<\/p>\n<p>Les surfaces trait\u00e9es acqui\u00e8rent un brillant lisse et soyeux.<\/p>\n<p>Le spray conf\u00e8re aux surfaces trait\u00e9es une couche antistatique durable qui les prot\u00e8ge contre la salet\u00e9 et la poussi\u00e8re.<\/p>\n<p>Utilisation : vaporiser une petite quantit\u00e9 d&rsquo;agent sur la surface nettoy\u00e9e et essuyer avec un chiffon sec.<\/p>\n<p>Contenu = 500ml<\/p>","protected":false},"excerpt":{"rendered":"<p>Nettoie et pr\u00e9serve le tableau de bord et les autres accessoires en plastique.<\/p>\n<p>Clean Car Cockpit Spray d\u00e9gage un parfum agr\u00e9able et rafra\u00eechit la couleur.<\/p>\n<p>Les surfaces trait\u00e9es acqui\u00e8rent un brillant lisse et soyeux.<\/p>\n<p>Le spray conf\u00e8re aux surfaces trait\u00e9es une couche antistatique durable qui les prot\u00e8ge contre la salet\u00e9 et la poussi\u00e8re.<\/p>\n<p>Utilisation : vaporiser une petite quantit\u00e9 d&rsquo;agent sur la surface nettoy\u00e9e et essuyer avec un chiffon sec.<\/p>\n<p>Contenu = 500ml<\/p>\n","protected":false},"featured_media":871125307090,"template":"","meta":[],"product_brand":[],"product_cat":[119],"product_tag":[176,197],"class_list":{"0":"post-871125302787","1":"product","2":"type-product","3":"status-publish","4":"has-post-thumbnail","6":"product_cat-hot","7":"product_tag-entretien-de-la-voiture","8":"product_tag-promo-2","9":"product_shipping_class-small-item-gls-only","11":"first","12":"instock","13":"sale","14":"taxable","15":"shipping-taxable","16":"purchasable","17":"product-type-simple"},"_links":{"self":[{"href":"https:\/\/mskasolutions.com\/fr\/wp-json\/wp\/v2\/product\/871125302787","targetHints":{"allow":["GET"]}}],"collection":[{"href":"https:\/\/mskasolutions.com\/fr\/wp-json\/wp\/v2\/product"}],"about":[{"href":"https:\/\/mskasolutions.com\/fr\/wp-json\/wp\/v2\/types\/product"}],"wp:featuredmedia":[{"embeddable":true,"href":"https:\/\/mskasolutions.com\/fr\/wp-json\/wp\/v2\/media\/871125307090"}],"wp:attachment":[{"href":"https:\/\/mskasolutions.com\/fr\/wp-json\/wp\/v2\/media?parent=871125302787"}],"wp:term":[{"taxonomy":"product_brand","embeddable":true,"href":"https:\/\/mskasolutions.com\/fr\/wp-json\/wp\/v2\/product_brand?post=871125302787"},{"taxonomy":"product_cat","embeddable":true,"href":"https:\/\/mskasolutions.com\/fr\/wp-json\/wp\/v2\/product_cat?post=871125302787"},{"taxonomy":"product_tag","embeddable":true,"href":"https:\/\/mskasolutions.com\/fr\/wp-json\/wp\/v2\/product_tag?post=871125302787"}],"curies":[{"name":"wp","href":"https:\/\/api.w.org\/{rel}","templated":true}]}}