{"id":871125302784,"date":"2019-08-25T16:42:42","date_gmt":"2019-08-25T15:42:42","guid":{"rendered":"https:\/\/mskasolutions.com\/produit\/ensemble-de-sangles-6pcs\/"},"modified":"2023-07-29T12:10:54","modified_gmt":"2023-07-29T11:10:54","slug":"dunlop-tie-down-6pcs","status":"publish","type":"product","link":"https:\/\/mskasolutions.com\/fr\/produit\/dunlop-tie-down-6pcs\/","title":{"rendered":"Jeu de sangles d&rsquo;arrimage Dunlop 6 pi\u00e8ces"},"content":{"rendered":"<p><\/p>\n<ul>\n<li>Jeu de sangles d&rsquo;arrimage Dunlop motif jeu de 6 1 jeu de jeu se compose de : 2 &#8211; sangles d&rsquo;arrimage \u00e0 cliquet &#8211; sangles d&rsquo;arrimage &#8211; crochet ouvert robuste &#8211; 5 m\u00e8tres de long &#8211; 2,5 cm de large et 2 de sangles \u00e9lastiques pour bagages, longueur 100 cm, 1,5 cm de large et 2 de sangles \u00e9lastiques pour bagages, longueur 50 cm, 1,5 cm de large.<\/li>\n<li>Mat\u00e9riau : Crochet et cliquet en acier tremp\u00e9 avec rev\u00eatement plastique &#8211; Ceintures en nylon sp\u00e9cial extr\u00eamement r\u00e9sistant \u00e0 la d\u00e9chirure &#8211; toutes les pi\u00e8ces ont \u00e9t\u00e9 test\u00e9es par le T\u00dcV et le GS &#8211; conform\u00e9ment \u00e0 la norme EN 12195-2.<\/li>\n<li>Un ensemble pour presque toutes les t\u00e2ches de fixation, de s\u00e9curit\u00e9 et de montage &#8211; les sangles maintiennent et retiennent les articles les plus volumineux &#8211; une sangle de bagage \u00e9lastique Hardcore et plus courte est id\u00e9ale pour les marchandises un peu plus l\u00e9g\u00e8res en transit. En utilisant les bandes plus courtes ou sur un v\u00e9lo, vous pouvez m\u00eame le v\u00e9lo<\/li>\n<li>Polyvalent &#8211; peut \u00eatre utilis\u00e9 un voyage ou tout simplement pour garder dans la voiture, sur un bateau, v\u00e9lo ou moto, pour le montage, mais aussi pour des t\u00e2ches professionnelles dans les entreprises et les milieux commerciaux, pour sauvegarder la de tant de marchandises en transit bien appropri\u00e9 usw &#8211; Qualit\u00e9 sup\u00e9rieure &#8211; Nouveau<\/li>\n<\/ul>\n<p>&nbsp;<\/p>","protected":false},"excerpt":{"rendered":"<p>2 x sangles d&rsquo;arrimage \u00e0 cliquet, 5 m\u00e8tres de long &#8211; 2,5 cm de large<br \/>\n2 x Sangles \u00e9lastiques pour bagages, longueur 100 cm, largeur 1,5 cm<br \/>\n2 x Sangles \u00e9lastiques pour bagages, longueur 50 cm, largeur 1,5 cm<\/p>\n","protected":false},"featured_media":871125302313,"template":"","meta":[],"product_brand":[],"product_cat":[119,215],"product_tag":[177,187,195,183],"class_list":{"0":"post-871125302784","1":"product","2":"type-product","3":"status-publish","4":"has-post-thumbnail","6":"product_cat-hot","7":"product_cat-promo","8":"product_tag-accessoires-auto","9":"product_tag-dunlop","10":"product_tag-promo","11":"product_tag-sports-et-loisirs","12":"product_shipping_class-small-item-gls-only","14":"first","15":"instock","16":"sale","17":"taxable","18":"shipping-taxable","19":"purchasable","20":"product-type-simple"},"_links":{"self":[{"href":"https:\/\/mskasolutions.com\/fr\/wp-json\/wp\/v2\/product\/871125302784","targetHints":{"allow":["GET"]}}],"collection":[{"href":"https:\/\/mskasolutions.com\/fr\/wp-json\/wp\/v2\/product"}],"about":[{"href":"https:\/\/mskasolutions.com\/fr\/wp-json\/wp\/v2\/types\/product"}],"wp:featuredmedia":[{"embeddable":true,"href":"https:\/\/mskasolutions.com\/fr\/wp-json\/wp\/v2\/media\/871125302313"}],"wp:attachment":[{"href":"https:\/\/mskasolutions.com\/fr\/wp-json\/wp\/v2\/media?parent=871125302784"}],"wp:term":[{"taxonomy":"product_brand","embeddable":true,"href":"https:\/\/mskasolutions.com\/fr\/wp-json\/wp\/v2\/product_brand?post=871125302784"},{"taxonomy":"product_cat","embeddable":true,"href":"https:\/\/mskasolutions.com\/fr\/wp-json\/wp\/v2\/product_cat?post=871125302784"},{"taxonomy":"product_tag","embeddable":true,"href":"https:\/\/mskasolutions.com\/fr\/wp-json\/wp\/v2\/product_tag?post=871125302784"}],"curies":[{"name":"wp","href":"https:\/\/api.w.org\/{rel}","templated":true}]}}