{"id":871125302688,"date":"2019-08-25T16:18:42","date_gmt":"2019-08-25T15:18:42","guid":{"rendered":"https:\/\/mskasolutions.com\/produit\/bluetooth-g2-party-bar-36-in\/"},"modified":"2023-08-17T08:01:18","modified_gmt":"2023-08-17T07:01:18","slug":"bluetooth-g2-party-bar-36-in","status":"publish","type":"product","link":"https:\/\/mskasolutions.com\/fr\/produit\/bluetooth-g2-party-bar-36-in\/","title":{"rendered":"Barre de son BLUETOOTH G2 &#8211; 36 IN DS"},"content":{"rendered":"<p><span id=\"result_box\" class=\"\" lang=\"fr\"><span class=\"\">Barre de son et syst\u00e8me DEL Bluetooth \u00e0 deux faces de 36 \u00ab\u00a0de Bazooka avec 10 haut-parleurs, dont quatre \u00e0 l&rsquo;avant, quatre \u00e0 l&rsquo;arri\u00e8re et deux woofers \u00e0 chargement final avec les m\u00eames caract\u00e9ristiques et une puissance maximale de 450W<\/span> <span class=\"\">, cette barre de son \u00e0 double face est tout ce dont vous avez besoin pour remplir compl\u00e8tement votre SxS et votre voiture de golf avec un son et un \u00e9clairage incroyables.<\/span><\/p>\n<p><span class=\"\">Nous avons ajout\u00e9 deux haut-parleurs de qualit\u00e9 marine suppl\u00e9mentaires et utilis\u00e9 la technologie de pod de haut-parleur pour que les pods aient un son direct vers l&rsquo;avant et vers l&rsquo;arri\u00e8re.<\/span> <span class=\"\">Cette barre de son \u00e0 double face a \u00e9galement une bande d&rsquo;\u00e9clairage LED au bas de la barre.<\/span> <span class=\"\">C&rsquo;est le nec plus ultra des syst\u00e8mes tout-en-un tout terrain.<\/span><\/p>\n<p><span class=\"\">Instructions d&rsquo;appairage \u00e0 distance &#8211; BESOIN DE L&rsquo;OBTENIR DE SF<\/span><\/span><\/p>","protected":false},"excerpt":{"rendered":"<p class=\"qtranxs-available-languages-message qtranxs-available-languages-message-fr\">D\u00e9sol\u00e9, cet article est seulement disponible en <a href=\"https:\/\/mskasolutions.com\/en\/wp-json\/wp\/v2\/product\/871125302688\" class=\"qtranxs-available-language-link qtranxs-available-language-link-en\" title=\"English\">English<\/a>.<\/p>\n<p>Bazooka&rsquo;s 36&Prime; double-sided Bluetooth sound bar and LED system with 10 speakers, four front, four rear and two final-loading woofers with the same features and a maximum power output of 450W, this double-sided sound bar is all you need to completely fill your SxS and golf cart with incredible sound and light.<\/p>\n<p>We&rsquo;ve added two additional marine grade speakers and used speaker pod technology to ensure that the pods have direct sound forward and backward. This double-sided sound bar also has an LED lighting strip at the bottom of the bar. It is the ultimate all-in-one all-terrain system.<\/p>\n<p>Remote Pairing Instructions &#8211; NEED TO GET FROM SF<\/p>\n","protected":false},"featured_media":871125302232,"template":"","meta":[],"product_brand":[],"product_cat":[108],"product_tag":[192,178],"class_list":{"0":"post-871125302688","1":"product","2":"type-product","3":"status-publish","4":"has-post-thumbnail","6":"product_cat-non-classe","7":"product_tag-bazooka","8":"product_tag-enceintes-et-lumieres-auto-et-bateau","9":"product_shipping_class-gls-only-special-12-9e","11":"first","12":"instock","13":"taxable","14":"shipping-taxable","15":"purchasable","16":"product-type-simple"},"_links":{"self":[{"href":"https:\/\/mskasolutions.com\/fr\/wp-json\/wp\/v2\/product\/871125302688","targetHints":{"allow":["GET"]}}],"collection":[{"href":"https:\/\/mskasolutions.com\/fr\/wp-json\/wp\/v2\/product"}],"about":[{"href":"https:\/\/mskasolutions.com\/fr\/wp-json\/wp\/v2\/types\/product"}],"wp:featuredmedia":[{"embeddable":true,"href":"https:\/\/mskasolutions.com\/fr\/wp-json\/wp\/v2\/media\/871125302232"}],"wp:attachment":[{"href":"https:\/\/mskasolutions.com\/fr\/wp-json\/wp\/v2\/media?parent=871125302688"}],"wp:term":[{"taxonomy":"product_brand","embeddable":true,"href":"https:\/\/mskasolutions.com\/fr\/wp-json\/wp\/v2\/product_brand?post=871125302688"},{"taxonomy":"product_cat","embeddable":true,"href":"https:\/\/mskasolutions.com\/fr\/wp-json\/wp\/v2\/product_cat?post=871125302688"},{"taxonomy":"product_tag","embeddable":true,"href":"https:\/\/mskasolutions.com\/fr\/wp-json\/wp\/v2\/product_tag?post=871125302688"}],"curies":[{"name":"wp","href":"https:\/\/api.w.org\/{rel}","templated":true}]}}