{"id":871125302636,"date":"2019-08-25T15:49:01","date_gmt":"2019-08-25T13:49:01","guid":{"rendered":"https:\/\/mskasolutions.com\/produit\/pompe-a-pied-dunlop-pompe-a-air-pompe-a-velo-pompe-pour-voiture-pompe-a-pedale-manometre\/"},"modified":"2025-09-26T15:59:11","modified_gmt":"2025-09-26T14:59:11","slug":"pompe-a-pied-dunlop-pompe-a-air-pompe-a-velo-pompe-pour-voiture-pompe-a-pedale-manometre","status":"publish","type":"product","link":"https:\/\/mskasolutions.com\/fr\/produit\/pompe-a-pied-dunlop-pompe-a-air-pompe-a-velo-pompe-pour-voiture-pompe-a-pedale-manometre\/","title":{"rendered":"Pompe \u00e0 pied Dunlop &#8211; v\u00e9lo -voiture \u2013 Manom\u00e8tre + Bouchons de valve Dunlop 4pcs &#8211; Noir"},"content":{"rendered":"<p><\/p>\n<ul>\n<li>Pompe \u00e0 pied universelle Dunlop de qualit\u00e9 + bouchons de valve Dunlop 4pcs &#8211; Noir, durable et indispensable pour tous les voyages et les loisirs.<\/li>\n<li>Pratique et facile \u00e0 manipuler avec une r\u00e9duction significative du travail pour le gonflage des pneus, des matelas pneumatiques ou des bateaux.<\/li>\n<li>Comprend trois adaptateurs de valve et convient donc \u00e0 d&rsquo;autres variantes d&rsquo;accessoires de plein air tels que les coussins d&rsquo;air, la piscine pour enfants, et bien plus encore.<\/li>\n<li>Dessous antid\u00e9rapant pour plus de stabilit\u00e9 et manom\u00e8tre avec mode d&rsquo;affichage jusqu&rsquo;\u00e0 7 bars.<\/li>\n<li>Emballage compact pour un transport et un service rapides.<\/li>\n<\/ul>\n<p><\/p>","protected":false},"excerpt":{"rendered":"<p>Donn\u00e9es techniques\u202f: Monocylindre Pompe \u00e0 pied Dimensions\u202f: env. 25 cm x 9 cm x 8 cm, diam\u00e8tre\u202f: env. 5,4 cm Longueur du cylindre Cylindre\u202f: 10 cm Longueur du tuyau\u202f: env. 55 cm Affichage\u202f: 0-7 bar\/0-100 psi poids\u202f: env. 800 g Roue de course\u202f: env. 7,5 cm Plateau\u202f: env. 8,5 cm x 5 cm Mat\u00e9riau\u202f: M\u00e9tal Couleur\u202f: Jaune<\/p>\n<p>+ Capuchons de valve Dunlop 4pcs &#8211; Noir<\/p>\n","protected":false},"featured_media":871125305701,"template":"","meta":[],"product_brand":[],"product_cat":[119],"product_tag":[177,187,180,195],"class_list":{"0":"post-871125302636","1":"product","2":"type-product","3":"status-publish","4":"has-post-thumbnail","6":"product_cat-hot","7":"product_tag-accessoires-auto","8":"product_tag-dunlop","9":"product_tag-pompes-et-compresseurs","10":"product_tag-promo","11":"product_shipping_class-small-item-gls-only","13":"first","14":"instock","15":"sale","16":"featured","17":"taxable","18":"shipping-taxable","19":"purchasable","20":"product-type-simple"},"_links":{"self":[{"href":"https:\/\/mskasolutions.com\/fr\/wp-json\/wp\/v2\/product\/871125302636","targetHints":{"allow":["GET"]}}],"collection":[{"href":"https:\/\/mskasolutions.com\/fr\/wp-json\/wp\/v2\/product"}],"about":[{"href":"https:\/\/mskasolutions.com\/fr\/wp-json\/wp\/v2\/types\/product"}],"wp:featuredmedia":[{"embeddable":true,"href":"https:\/\/mskasolutions.com\/fr\/wp-json\/wp\/v2\/media\/871125305701"}],"wp:attachment":[{"href":"https:\/\/mskasolutions.com\/fr\/wp-json\/wp\/v2\/media?parent=871125302636"}],"wp:term":[{"taxonomy":"product_brand","embeddable":true,"href":"https:\/\/mskasolutions.com\/fr\/wp-json\/wp\/v2\/product_brand?post=871125302636"},{"taxonomy":"product_cat","embeddable":true,"href":"https:\/\/mskasolutions.com\/fr\/wp-json\/wp\/v2\/product_cat?post=871125302636"},{"taxonomy":"product_tag","embeddable":true,"href":"https:\/\/mskasolutions.com\/fr\/wp-json\/wp\/v2\/product_tag?post=871125302636"}],"curies":[{"name":"wp","href":"https:\/\/api.w.org\/{rel}","templated":true}]}}