{"id":871125302634,"date":"2019-08-25T15:48:36","date_gmt":"2019-08-25T14:48:36","guid":{"rendered":"https:\/\/mskasolutions.com\/produit\/feu-arriere-pour-velo-dunlop\/"},"modified":"2022-11-02T15:04:46","modified_gmt":"2022-11-02T15:04:46","slug":"feu-arriere-pour-velo-dunlop","status":"publish","type":"product","link":"https:\/\/mskasolutions.com\/fr\/produit\/feu-arriere-pour-velo-dunlop\/","title":{"rendered":"FEU ARRI\u00c8RE POUR V\u00c9LO 12-LED-ROUGE- DUNLOP"},"content":{"rendered":"<p>Dunlop &#8211; Feu arri\u00e8re pour v\u00e9lo<\/p>\n<p>12 LED ROUGE super brillantes<\/p>\n<p>support pratique inclus<\/p>\n<p>Functionne a piles<\/p>\n<p>pas de dynamo necessaire<\/p>\n<p>&nbsp;<\/p>","protected":false},"excerpt":{"rendered":"<p><span class=\"tlid-translation translation\"><span class=\"\" title=\"\">Description du produit<\/span><\/span><\/p>\n<p><span class=\"\" title=\"\">Dunlop arri\u00e8re<\/span><\/p>\n<p><span title=\"\">Un feu arri\u00e8re adapt\u00e9 \u00e0 chaque v\u00e9lo.<\/span> <span title=\"\">La lampe LED aliment\u00e9e par trois piles, celles-ci ne sont pas incluses.<\/span> <span title=\"\">L&rsquo;arri\u00e8re a trois fonctions avec interrupteur d&rsquo;alimentation et \u00e9tanche.<\/span> <span title=\"\">Le feu arri\u00e8re peut \u00eatre mont\u00e9 \u00e0 l&rsquo;aide du support fourni.<\/span> <span title=\"\">Le r\u00e9cipient convient pour un diam\u00e8tre de 22 \u00e0 30 mm.<\/span><\/p>\n<p><span title=\"\">Caract\u00e9ristiques:<\/span><br \/>\n<span title=\"\">La couleur rouge<\/span><br \/>\n<span title=\"\">Mat\u00e9riel: plastique<\/span><br \/>\n<span title=\"\">Poids: 166 grammes<\/span><br \/>\n<span title=\"\">Taille: 7,5 x 4,5 x 3 cm (L xlx P)<\/span><br \/>\n<span title=\"\">Piles: 3 piles AAA (non incluses)<\/span><\/p>\n<p><span title=\"\">Contenu:<\/span><br \/>\n<span title=\"\">1 arri\u00e8re<\/span><br \/>\n<span title=\"\">1 porte-cadre<\/span><\/p>\n<div id=\"overzicht_attr\" class=\"tab_overzicht tabbox\"><\/div>\n","protected":false},"featured_media":871125301820,"template":"","meta":[],"product_brand":[],"product_cat":[108,215],"product_tag":[179,187,198],"class_list":{"0":"post-871125302634","1":"product","2":"type-product","3":"status-publish","4":"has-post-thumbnail","6":"product_cat-non-classe","7":"product_cat-promo","8":"product_tag-accessoires-velo","9":"product_tag-dunlop","10":"product_tag-electronic","11":"product_shipping_class-small-item-gls-only","13":"first","14":"instock","15":"sale","16":"taxable","17":"shipping-taxable","18":"purchasable","19":"product-type-simple"},"_links":{"self":[{"href":"https:\/\/mskasolutions.com\/fr\/wp-json\/wp\/v2\/product\/871125302634","targetHints":{"allow":["GET"]}}],"collection":[{"href":"https:\/\/mskasolutions.com\/fr\/wp-json\/wp\/v2\/product"}],"about":[{"href":"https:\/\/mskasolutions.com\/fr\/wp-json\/wp\/v2\/types\/product"}],"wp:featuredmedia":[{"embeddable":true,"href":"https:\/\/mskasolutions.com\/fr\/wp-json\/wp\/v2\/media\/871125301820"}],"wp:attachment":[{"href":"https:\/\/mskasolutions.com\/fr\/wp-json\/wp\/v2\/media?parent=871125302634"}],"wp:term":[{"taxonomy":"product_brand","embeddable":true,"href":"https:\/\/mskasolutions.com\/fr\/wp-json\/wp\/v2\/product_brand?post=871125302634"},{"taxonomy":"product_cat","embeddable":true,"href":"https:\/\/mskasolutions.com\/fr\/wp-json\/wp\/v2\/product_cat?post=871125302634"},{"taxonomy":"product_tag","embeddable":true,"href":"https:\/\/mskasolutions.com\/fr\/wp-json\/wp\/v2\/product_tag?post=871125302634"}],"curies":[{"name":"wp","href":"https:\/\/api.w.org\/{rel}","templated":true}]}}