{"id":871125302633,"date":"2019-08-25T15:48:30","date_gmt":"2019-08-25T14:48:30","guid":{"rendered":"https:\/\/mskasolutions.com\/produit\/hello-kitty-tirelire\/"},"modified":"2022-02-16T10:36:46","modified_gmt":"2022-02-16T10:36:46","slug":"hello-kitty-money-box","status":"publish","type":"product","link":"https:\/\/mskasolutions.com\/fr\/produit\/hello-kitty-money-box\/","title":{"rendered":"Tirelire \u00e9lectronique Hello Kitty pour enfants et adultes &#8211; avec la patte de Kitty pour prendre les pi\u00e8ces de monnaie"},"content":{"rendered":"<p>Utilisez la tirelire \u00e9lectrique Hello Kitty pour \u00e9conomiser de l&rsquo;argent !<\/p>\n<p>La mignonne petite patte de Hello Kitty ramassera rapidement les pi\u00e8ces et les mettra dans la bo\u00eete jusqu&rsquo;\u00e0 ce que vous en ayez besoin ou que la bo\u00eete soit pleine.<\/p>\n<p>Les gar\u00e7ons et les filles devraient prendre un certain temps pour collecter suffisamment de monnaie pour remplir la tirelire. Le Hello Kitty peut contenir environ 40 pi\u00e8ces. Le fond du r\u00e9cipient peut \u00eatre d\u00e9viss\u00e9 pour le vider.<\/p>\n<p>Pour ceux qui veulent \u00e9conomiser de l&rsquo;argent, cette bo\u00eete d&rsquo;\u00e9pargne de haute qualit\u00e9 est \u00e9galement un cadeau parfait, tout le monde peut \u00eatre s\u00fbr de s&rsquo;amuser tout en \u00e9conomisant.<\/p>\n<p>Tous les avantages en un coup d&rsquo;\u0153il :<br \/>\n-Plein de plaisir<br \/>\n-Beaucoup d&rsquo;espace<br \/>\n-Facile \u00e0 vider<br \/>\n-Convient aux enfants 6+<\/p>\n<p>2 piles AA n\u00e9cessaires (non incluses)<\/p>","protected":false},"excerpt":{"rendered":"<p><strong>\u00c9PARGNER EN S&rsquo;AMUSANT<\/strong> &#8211; Ce petit coffre d&rsquo;\u00e9pargne est parfait pour ceux qui ont normalement du mal \u00e0 \u00e9pargner. L&rsquo;adorable hello Kitty qui prot\u00e8ge votre argent rend l&rsquo;\u00e9pargne facile.<\/p>\n<p><strong>BEAUCOUP D&rsquo;ESPACE<\/strong> &#8211; Environ 40 pi\u00e8ces de monnaie rentrent parfaitement dans ce grand r\u00e9cipient dont les dimensions (LxPxH) sont de 12 x 10 x 9 cm. Cela vous permettra de vider la tirelire moins souvent.<\/p>\n<p><strong>AVEC TONES HARMONIS\u00c9ES<\/strong> &#8211; Pour que l&rsquo;exp\u00e9rience soit parfaite pour les filles, les gar\u00e7ons et les adultes, cette tirelire hello kitty joue les bonnes tonalit\u00e9s.<\/p>\n<p><strong>POUR LES ENFANTS<\/strong> &#8211; Cette tirelire est particuli\u00e8rement adapt\u00e9e aux enfants. Avec l&rsquo;adorable hello kitty et les couleurs amusantes, vos enfants pr\u00e9f\u00e9reront \u00e9conomiser leur argent plut\u00f4t que de le d\u00e9penser en bonbons.<\/p>\n<p><strong>CADEAU PARFAIT<\/strong> &#8211; Cette tirelire est \u00e9galement le cadeau parfait pour ceux qui ont besoin d&rsquo;\u00e9conomiser de l&rsquo;argent parmi leur famille et leurs amis. Qu&rsquo;il s&rsquo;agisse d&rsquo;un cadeau d&rsquo;anniversaire ou de No\u00ebl, cette bo\u00eete est id\u00e9ale.<\/p>\n<p><strong>2 x piles<\/strong> AA requises (non incluses)<\/p>\n","protected":false},"featured_media":871125301816,"template":"","meta":[],"product_brand":[],"product_cat":[108],"product_tag":[185],"class_list":{"0":"post-871125302633","1":"product","2":"type-product","3":"status-publish","4":"has-post-thumbnail","6":"product_cat-non-classe","7":"product_tag-jouets","8":"product_shipping_class-small-item-gls-only","10":"first","11":"outofstock","12":"taxable","13":"shipping-taxable","14":"purchasable","15":"product-type-simple"},"_links":{"self":[{"href":"https:\/\/mskasolutions.com\/fr\/wp-json\/wp\/v2\/product\/871125302633","targetHints":{"allow":["GET"]}}],"collection":[{"href":"https:\/\/mskasolutions.com\/fr\/wp-json\/wp\/v2\/product"}],"about":[{"href":"https:\/\/mskasolutions.com\/fr\/wp-json\/wp\/v2\/types\/product"}],"wp:featuredmedia":[{"embeddable":true,"href":"https:\/\/mskasolutions.com\/fr\/wp-json\/wp\/v2\/media\/871125301816"}],"wp:attachment":[{"href":"https:\/\/mskasolutions.com\/fr\/wp-json\/wp\/v2\/media?parent=871125302633"}],"wp:term":[{"taxonomy":"product_brand","embeddable":true,"href":"https:\/\/mskasolutions.com\/fr\/wp-json\/wp\/v2\/product_brand?post=871125302633"},{"taxonomy":"product_cat","embeddable":true,"href":"https:\/\/mskasolutions.com\/fr\/wp-json\/wp\/v2\/product_cat?post=871125302633"},{"taxonomy":"product_tag","embeddable":true,"href":"https:\/\/mskasolutions.com\/fr\/wp-json\/wp\/v2\/product_tag?post=871125302633"}],"curies":[{"name":"wp","href":"https:\/\/api.w.org\/{rel}","templated":true}]}}