{"id":871125302632,"date":"2019-08-25T15:48:26","date_gmt":"2019-08-25T14:48:26","guid":{"rendered":"https:\/\/mskasolutions.com\/produit\/tirelire-minion\/"},"modified":"2022-10-06T12:32:44","modified_gmt":"2022-10-06T11:32:44","slug":"minion-money","status":"publish","type":"product","link":"https:\/\/mskasolutions.com\/fr\/produit\/minion-money\/","title":{"rendered":"Tirelire Minion \u00e9lectronique Pour Enfants et Adultes &#8211; Tirelire Avec Patte de Minion Pour Pi\u00e8ces"},"content":{"rendered":"<p>Utilisez la tirelire Minion \u00e9lectrique pour \u00e9conomiser de l&rsquo;argent!<\/p>\n<p>La jolie petite patte de Minion collectera rapidement des pi\u00e8ces et les mettra dans la caisse jusqu&rsquo;\u00e0 ce que vous en ayez besoin ou jusqu&rsquo;\u00e0 ce que la caisse soit pleine.<\/p>\n<p>Les gar\u00e7ons et les filles doivent mettre un certain temps \u00e0 collecter suffisamment de monnaie pour combler ces \u00e9conomies. Le Minion peut contenir environ 40 pi\u00e8ces. Il suffit de d\u00e9visser le fond du r\u00e9servoir pour le vider.<\/p>\n<p>Pour ceux qui veulent \u00e9conomiser, ce coffre-fort d&rsquo;\u00e9pargne de haute qualit\u00e9 est \u00e9galement un cadeau parfait. Avec ce petit portefeuille int\u00e9ressant, tout le monde peut \u00eatre assur\u00e9 de s&rsquo;amuser.<\/p>\n<p>Tous les avantages en un coup d&rsquo;\u0153il:<br \/>\n-Plein de bonheur<br \/>\n-Beaucoup d&rsquo;espace<br \/>\n-Facile \u00e0 vider<br \/>\n-Convient aux enfants 6+<\/p>\n<p><span class=\"tlid-translation translation\"><span class=\"\" title=\"\">\u00a0<\/span><\/span><\/p>","protected":false},"excerpt":{"rendered":"<p><strong>\u00c9CONOMISEZ AVEC PLAISIR<\/strong> &#8211; Ce petit coffre-fort d&rsquo;\u00e9pargne est parfait pour ceux qui ont normalement des difficult\u00e9s \u00e0 \u00e9pargner. Le joli minion qui garde votre argent en s\u00e9curit\u00e9 vous permet d&rsquo;\u00e9conomiser facilement.<\/p>\n<p><strong>BEAUCOUP D&rsquo;ESPACE<\/strong> &#8211; Environ 40 pi\u00e8ces s&rsquo;int\u00e8grent parfaitement dans ce grand portefeuille aux dimensions (LxPxH) 12 x 10 x 9 cm. Cela vous permettra de vider \u00e9lectroniquement la tirelire moins fr\u00e9quemment.<\/p>\n<p><strong>AVEC DES TONS ASSORTIS<\/strong> &#8211; Pour rendre l&rsquo;exp\u00e9rience parfaite pour les filles, les gar\u00e7ons et les adultes, cette tirelire minion joue les bons tons.<\/p>\n<p><strong>ID\u00c9AL POUR LES ENFANTS<\/strong> &#8211; Cette tirelire est particuli\u00e8rement id\u00e9ale pour les enfants. Avec le minion mignon et les tons dr\u00f4les, vos enfants pr\u00e9f\u00e8rent \u00e9conomiser plut\u00f4t que de d\u00e9penser leur argent en bonbons.<\/p>\n<p><strong>CADEAU PARFAIT<\/strong> &#8211; Cette caisse d&rsquo;\u00e9pargne est \u00e9galement le cadeau parfait pour ceux qui ont besoin d&rsquo;\u00e9conomies dans leur famille et entre amis. Que ce soit comme cadeau d&rsquo;anniversaire ou pour No\u00ebl, ce coffret est id\u00e9al.<\/p>\n<p><strong>2 x piles<\/strong> AA n\u00e9cessaires (non incluses)<\/p>\n","protected":false},"featured_media":871125301813,"template":"","meta":[],"product_brand":[],"product_cat":[108],"product_tag":[185],"class_list":{"0":"post-871125302632","1":"product","2":"type-product","3":"status-publish","4":"has-post-thumbnail","6":"product_cat-non-classe","7":"product_tag-jouets","8":"product_shipping_class-small-item-gls-only","10":"first","11":"outofstock","12":"taxable","13":"shipping-taxable","14":"purchasable","15":"product-type-simple"},"_links":{"self":[{"href":"https:\/\/mskasolutions.com\/fr\/wp-json\/wp\/v2\/product\/871125302632","targetHints":{"allow":["GET"]}}],"collection":[{"href":"https:\/\/mskasolutions.com\/fr\/wp-json\/wp\/v2\/product"}],"about":[{"href":"https:\/\/mskasolutions.com\/fr\/wp-json\/wp\/v2\/types\/product"}],"wp:featuredmedia":[{"embeddable":true,"href":"https:\/\/mskasolutions.com\/fr\/wp-json\/wp\/v2\/media\/871125301813"}],"wp:attachment":[{"href":"https:\/\/mskasolutions.com\/fr\/wp-json\/wp\/v2\/media?parent=871125302632"}],"wp:term":[{"taxonomy":"product_brand","embeddable":true,"href":"https:\/\/mskasolutions.com\/fr\/wp-json\/wp\/v2\/product_brand?post=871125302632"},{"taxonomy":"product_cat","embeddable":true,"href":"https:\/\/mskasolutions.com\/fr\/wp-json\/wp\/v2\/product_cat?post=871125302632"},{"taxonomy":"product_tag","embeddable":true,"href":"https:\/\/mskasolutions.com\/fr\/wp-json\/wp\/v2\/product_tag?post=871125302632"}],"curies":[{"name":"wp","href":"https:\/\/api.w.org\/{rel}","templated":true}]}}