{"id":871125302630,"date":"2019-08-25T15:47:58","date_gmt":"2019-08-25T14:47:58","guid":{"rendered":"https:\/\/mskasolutions.com\/produit\/vehicule-cadran-manometre\/"},"modified":"2022-07-13T15:23:37","modified_gmt":"2022-07-13T14:23:37","slug":"sos-tyre-gauge","status":"publish","type":"product","link":"https:\/\/mskasolutions.com\/fr\/produit\/sos-tyre-gauge\/","title":{"rendered":"v\u00e9hicule cadran Manom\u00e8tre"},"content":{"rendered":"<p><\/p>\n<h2 class=\"default\">Description du produit<\/h2>\n<div id=\"productDescription\" class=\"a-section a-spacing-small\">\n<p>Manom\u00e8tre de pression des pneus manuel pour v\u00e9rifier la pression de vos pneus lors de vos d\u00e9placements, afin de rouler en toute s\u00e9curit\u00e9.<br \/>\nIl suffit d&rsquo;enficher cet appareil compact sur la valve de voiture pour que la pression actuelle s&rsquo;affiche instantan\u00e9ment. Vous pouvez ensuite lib\u00e9rer l&rsquo;air du manom\u00e8tre \u00e0 l&rsquo;aide de la valve d&rsquo;\u00e9vacuation.<\/p>\n<ul>\n<li>Dimensions produit, 13 x 6.5 x 4 cm (L x W x D)<\/li>\n<li>Gamme de mesure de pression d&rsquo;air (max.) : 7.5 bar<\/li>\n<li>Poids : 86 g<\/li>\n<li>Type d&rsquo;affichage : analogique<\/li>\n<\/ul>\n<\/div>\n<p><\/p>","protected":false},"excerpt":{"rendered":"<h2 class=\"default\">Description du produit<\/h2>\n<div id=\"productDescription\" class=\"a-section a-spacing-small\">\n<p>Manom\u00e8tre de pression des pneus manuel pour v\u00e9rifier la pression de vos pneus lors de vos d\u00e9placements, afin de rouler en toute s\u00e9curit\u00e9.<br \/>\nIl suffit d&rsquo;enficher cet appareil compact sur la valve de voiture pour que la pression actuelle s&rsquo;affiche instantan\u00e9ment. Vous pouvez ensuite lib\u00e9rer l&rsquo;air du manom\u00e8tre \u00e0 l&rsquo;aide de la valve d&rsquo;\u00e9vacuation.<\/p>\n<ul>\n<li>Dimensions produit, 13 x 6.5 x 4 cm (L x W x D)<\/li>\n<li>Gamme de mesure de pression d&rsquo;air (max.) : 7.5 bar<\/li>\n<li>Poids : 86 g<\/li>\n<li>Type d&rsquo;affichage analogique<\/li>\n<\/ul>\n<\/div>\n","protected":false},"featured_media":871125301750,"template":"","meta":[],"product_brand":[],"product_cat":[108],"product_tag":[177,179,195],"class_list":{"0":"post-871125302630","1":"product","2":"type-product","3":"status-publish","4":"has-post-thumbnail","6":"product_cat-non-classe","7":"product_tag-accessoires-auto","8":"product_tag-accessoires-velo","9":"product_tag-promo","10":"product_shipping_class-small-item-gls-only","12":"first","13":"instock","14":"sale","15":"taxable","16":"shipping-taxable","17":"purchasable","18":"product-type-simple"},"_links":{"self":[{"href":"https:\/\/mskasolutions.com\/fr\/wp-json\/wp\/v2\/product\/871125302630","targetHints":{"allow":["GET"]}}],"collection":[{"href":"https:\/\/mskasolutions.com\/fr\/wp-json\/wp\/v2\/product"}],"about":[{"href":"https:\/\/mskasolutions.com\/fr\/wp-json\/wp\/v2\/types\/product"}],"wp:featuredmedia":[{"embeddable":true,"href":"https:\/\/mskasolutions.com\/fr\/wp-json\/wp\/v2\/media\/871125301750"}],"wp:attachment":[{"href":"https:\/\/mskasolutions.com\/fr\/wp-json\/wp\/v2\/media?parent=871125302630"}],"wp:term":[{"taxonomy":"product_brand","embeddable":true,"href":"https:\/\/mskasolutions.com\/fr\/wp-json\/wp\/v2\/product_brand?post=871125302630"},{"taxonomy":"product_cat","embeddable":true,"href":"https:\/\/mskasolutions.com\/fr\/wp-json\/wp\/v2\/product_cat?post=871125302630"},{"taxonomy":"product_tag","embeddable":true,"href":"https:\/\/mskasolutions.com\/fr\/wp-json\/wp\/v2\/product_tag?post=871125302630"}],"curies":[{"name":"wp","href":"https:\/\/api.w.org\/{rel}","templated":true}]}}