{"id":871125302627,"date":"2019-08-25T15:47:37","date_gmt":"2019-08-25T14:47:37","guid":{"rendered":"https:\/\/mskasolutions.com\/produit\/grundig-casque-stereo-edition-or\/"},"modified":"2026-04-09T10:12:47","modified_gmt":"2026-04-09T09:12:47","slug":"grundig-headphones-gold-edition-black-white-and-black-grey","status":"publish","type":"product","link":"https:\/\/mskasolutions.com\/fr\/produit\/grundig-headphones-gold-edition-black-white-and-black-grey\/","title":{"rendered":"GRUNDIG &#8211; Casque St\u00e9r\u00e9o &#8211; \u00c9dition OR &#8211; noir \/ blanc et noir \/ gris"},"content":{"rendered":"<p><span class=\"tlid-translation translation\"><span title=\"\">Casque st\u00e9r\u00e9o Grundig \u00ab\u00a0Edition OR\u00a0\u00bb<\/span><br \/>\n<span title=\"\">Casque pliant, id\u00e9al pour \u00e9couter de la musique et des films (mp3 \/ cd \/ ipod)<\/span><br \/>\n<span title=\"\">Contr\u00f4le du volume sur un c\u00e2ble de 2 m\u00e8tres, jack 3,5 mm en or<\/span><br \/>\n<span class=\"\" title=\"\">Couleurs assorties au choix: noir \/ blanc et noir \/ gris<\/span><br \/>\n<span class=\"\" title=\"\">Dimensions (LxPxH): 150x170x75 mm &#8211; Poids: 265gr &#8211; Emballage: Blister<\/span><\/span><\/p>\n<p>&nbsp;<\/p>","protected":false},"excerpt":{"rendered":"<p><span class=\"tlid-translation translation\"><span title=\"\">Casque st\u00e9r\u00e9o Grundig \u00ab\u00a0Edition OR\u00a0\u00bb<\/span><br \/>\n<span title=\"\">Casque pliant, id\u00e9al pour \u00e9couter de la musique et des films (mp3 \/ cd \/ ipod)<\/span><br \/>\n<span title=\"\">Contr\u00f4le du volume sur un c\u00e2ble de 2 m\u00e8tres, jack 3,5 mm en or<\/span><br \/>\n<span class=\"\" title=\"\">Couleurs assorties au choix: noir \/ blanc et noir \/ gris<\/span><br \/>\n<span class=\"\" title=\"\">Dimensions (LxPxH): 150x170x75 mm &#8211; Poids: 265gr &#8211; Emballage: Blister<\/span><\/span><\/p>\n","protected":false},"featured_media":871125301804,"template":"","meta":[],"product_brand":[],"product_cat":[108],"product_tag":[181,190,185,195,183],"class_list":{"0":"post-871125302627","1":"product","2":"type-product","3":"status-publish","4":"has-post-thumbnail","6":"product_cat-non-classe","7":"product_tag-electromenager-et-cuisine","8":"product_tag-grundig","9":"product_tag-jouets","10":"product_tag-promo","11":"product_tag-sports-et-loisirs","12":"product_shipping_class-small-item-gls-only","14":"first","15":"instock","16":"sale","17":"taxable","18":"shipping-taxable","19":"purchasable","20":"product-type-variable"},"_links":{"self":[{"href":"https:\/\/mskasolutions.com\/fr\/wp-json\/wp\/v2\/product\/871125302627","targetHints":{"allow":["GET"]}}],"collection":[{"href":"https:\/\/mskasolutions.com\/fr\/wp-json\/wp\/v2\/product"}],"about":[{"href":"https:\/\/mskasolutions.com\/fr\/wp-json\/wp\/v2\/types\/product"}],"wp:featuredmedia":[{"embeddable":true,"href":"https:\/\/mskasolutions.com\/fr\/wp-json\/wp\/v2\/media\/871125301804"}],"wp:attachment":[{"href":"https:\/\/mskasolutions.com\/fr\/wp-json\/wp\/v2\/media?parent=871125302627"}],"wp:term":[{"taxonomy":"product_brand","embeddable":true,"href":"https:\/\/mskasolutions.com\/fr\/wp-json\/wp\/v2\/product_brand?post=871125302627"},{"taxonomy":"product_cat","embeddable":true,"href":"https:\/\/mskasolutions.com\/fr\/wp-json\/wp\/v2\/product_cat?post=871125302627"},{"taxonomy":"product_tag","embeddable":true,"href":"https:\/\/mskasolutions.com\/fr\/wp-json\/wp\/v2\/product_tag?post=871125302627"}],"curies":[{"name":"wp","href":"https:\/\/api.w.org\/{rel}","templated":true}]}}