{"id":871125302610,"date":"2019-08-25T15:46:01","date_gmt":"2019-08-25T14:46:01","guid":{"rendered":"https:\/\/mskasolutions.com\/produit\/feu-arriere-dunlop\/"},"modified":"2022-11-02T15:40:18","modified_gmt":"2022-11-02T15:40:18","slug":"feu-arriere-dunlop","status":"publish","type":"product","link":"https:\/\/mskasolutions.com\/fr\/produit\/feu-arriere-dunlop\/","title":{"rendered":"FEU ARRI\u00c8RE &#8211; DUNLOP"},"content":{"rendered":"<p>Dunlop &#8211; Feu arri\u00e8re pour v\u00e9lo<\/p>\n<p>support pratique fourni<\/p>\n<p><a>Am\u00e9liore la <\/a><a>visibilit\u00e9 et la <\/a><a>s\u00e9curit\u00e9<\/a><\/p>\n<p>pas de dynamo necessaire<\/p>\n<p><\/p>","protected":false},"excerpt":{"rendered":"<p><span class=\"tlid-translation translation\"><span class=\"\" title=\"\">Description du produit<\/span><\/span><\/p>\n<p><span class=\"\" title=\"\">Dunlop feu arri\u00e8re<\/span><\/p>\n<p><span title=\"\">Un feu arri\u00e8re adapt\u00e9 \u00e0 chaque v\u00e9lo.<\/span> <span title=\"\">La lampe LED aliment\u00e9e par deux piles, celles-ci ne sont pas incluses.<\/span> <span title=\"\">L&rsquo;arri\u00e8re a trois fonctions avec interrupteur d&rsquo;alimentation et \u00e9tanche.<\/span><\/p>\n","protected":false},"featured_media":871125301771,"template":"","meta":[],"product_brand":[],"product_cat":[108],"product_tag":[179,187,198],"class_list":{"0":"post-871125302610","1":"product","2":"type-product","3":"status-publish","4":"has-post-thumbnail","6":"product_cat-non-classe","7":"product_tag-accessoires-velo","8":"product_tag-dunlop","9":"product_tag-electronic","10":"product_shipping_class-small-item-gls-only","12":"first","13":"instock","14":"sale","15":"taxable","16":"shipping-taxable","17":"purchasable","18":"product-type-simple"},"_links":{"self":[{"href":"https:\/\/mskasolutions.com\/fr\/wp-json\/wp\/v2\/product\/871125302610","targetHints":{"allow":["GET"]}}],"collection":[{"href":"https:\/\/mskasolutions.com\/fr\/wp-json\/wp\/v2\/product"}],"about":[{"href":"https:\/\/mskasolutions.com\/fr\/wp-json\/wp\/v2\/types\/product"}],"wp:featuredmedia":[{"embeddable":true,"href":"https:\/\/mskasolutions.com\/fr\/wp-json\/wp\/v2\/media\/871125301771"}],"wp:attachment":[{"href":"https:\/\/mskasolutions.com\/fr\/wp-json\/wp\/v2\/media?parent=871125302610"}],"wp:term":[{"taxonomy":"product_brand","embeddable":true,"href":"https:\/\/mskasolutions.com\/fr\/wp-json\/wp\/v2\/product_brand?post=871125302610"},{"taxonomy":"product_cat","embeddable":true,"href":"https:\/\/mskasolutions.com\/fr\/wp-json\/wp\/v2\/product_cat?post=871125302610"},{"taxonomy":"product_tag","embeddable":true,"href":"https:\/\/mskasolutions.com\/fr\/wp-json\/wp\/v2\/product_tag?post=871125302610"}],"curies":[{"name":"wp","href":"https:\/\/api.w.org\/{rel}","templated":true}]}}