{"id":871125302609,"date":"2019-08-25T15:45:47","date_gmt":"2019-08-25T14:45:47","guid":{"rendered":"https:\/\/mskasolutions.com\/produit\/feu-avant-dunlop\/"},"modified":"2022-11-02T16:04:28","modified_gmt":"2022-11-02T16:04:28","slug":"feu-avant-dunlop","status":"publish","type":"product","link":"https:\/\/mskasolutions.com\/fr\/produit\/feu-avant-dunlop\/","title":{"rendered":"FEU AVANT &#8211; SUPER BRILLANT &#8211; DUNLOP"},"content":{"rendered":"<p>Dunlop &#8211; Feu avant<\/p>\n<p>5 LED blamches super brillantes<\/p>\n<p>fonctionne \u00e0 piles<\/p>\n<p><a>pas de dynamo n\u00e9cessaire<\/a><\/p>\n<p><a>Am\u00e9liore la <\/a><a>visibilit\u00e9 et la <\/a><a>s\u00e9curit\u00e9<\/a><\/p>\n<p>&nbsp;<\/p>\n<p>&nbsp;<\/p>\n<p>&nbsp;<\/p>","protected":false},"excerpt":{"rendered":"<p>Description du produit<\/p>\n<p>Dunlop feu avant<\/p>\n<p>Un feu avant adapt\u00e9 \u00e0 chaque v\u00e9lo. La lampe LED aliment\u00e9e par trois piles, celles-ci ne sont pas incluses.<\/p>\n","protected":false},"featured_media":871125301768,"template":"","meta":[],"product_brand":[],"product_cat":[108],"product_tag":[179,187,198],"class_list":{"0":"post-871125302609","1":"product","2":"type-product","3":"status-publish","4":"has-post-thumbnail","6":"product_cat-non-classe","7":"product_tag-accessoires-velo","8":"product_tag-dunlop","9":"product_tag-electronic","10":"product_shipping_class-small-item-gls-only","12":"first","13":"instock","14":"sale","15":"taxable","16":"shipping-taxable","17":"purchasable","18":"product-type-simple"},"_links":{"self":[{"href":"https:\/\/mskasolutions.com\/fr\/wp-json\/wp\/v2\/product\/871125302609","targetHints":{"allow":["GET"]}}],"collection":[{"href":"https:\/\/mskasolutions.com\/fr\/wp-json\/wp\/v2\/product"}],"about":[{"href":"https:\/\/mskasolutions.com\/fr\/wp-json\/wp\/v2\/types\/product"}],"wp:featuredmedia":[{"embeddable":true,"href":"https:\/\/mskasolutions.com\/fr\/wp-json\/wp\/v2\/media\/871125301768"}],"wp:attachment":[{"href":"https:\/\/mskasolutions.com\/fr\/wp-json\/wp\/v2\/media?parent=871125302609"}],"wp:term":[{"taxonomy":"product_brand","embeddable":true,"href":"https:\/\/mskasolutions.com\/fr\/wp-json\/wp\/v2\/product_brand?post=871125302609"},{"taxonomy":"product_cat","embeddable":true,"href":"https:\/\/mskasolutions.com\/fr\/wp-json\/wp\/v2\/product_cat?post=871125302609"},{"taxonomy":"product_tag","embeddable":true,"href":"https:\/\/mskasolutions.com\/fr\/wp-json\/wp\/v2\/product_tag?post=871125302609"}],"curies":[{"name":"wp","href":"https:\/\/api.w.org\/{rel}","templated":true}]}}