{"id":871125302603,"date":"2019-08-25T15:45:10","date_gmt":"2019-08-25T13:45:10","guid":{"rendered":"https:\/\/mskasolutions.com\/produit\/verrou-a-cable-spirale-pour-velo-fourni-avec-2-cles-pour-les-velo-motos-et-scooter\/"},"modified":"2022-07-13T15:23:37","modified_gmt":"2022-07-13T14:23:37","slug":"verrou-a-cable-spirale-pour-velo-fourni-avec-2-cles-pour-les-velo-motos-et-scooter","status":"publish","type":"product","link":"https:\/\/mskasolutions.com\/fr\/produit\/verrou-a-cable-spirale-pour-velo-fourni-avec-2-cles-pour-les-velo-motos-et-scooter\/","title":{"rendered":"Verrou \u00e0 c\u00e2ble spiral\u00e9 pour v\u00e9lo,  fourni avec 2 cl\u00e9s &#8211; Pour les v\u00e9lo, motos et scooter"},"content":{"rendered":"<p><span class=\"tlid-translation translation\"><span title=\"\">C\u00e2ble de verrouillage en spirale<\/span><\/span><\/p>\n<p><span title=\"\">150cm de long<\/span><\/p>\n<p><span class=\"\" title=\"\">Rev\u00eatement en plastique pour \u00e9viter d&rsquo;endommager la peinture<\/span><\/p>\n<p><span title=\"\">2 cl\u00e9s incluses<\/span><\/p>\n<p><span class=\"\" title=\"\">Couleurs: rouge, blanc, jaune et noir<\/span><\/p>\n<p><\/p>","protected":false},"excerpt":{"rendered":"<p class=\"qtranxs-available-languages-message qtranxs-available-languages-message-fr\">D\u00e9sol\u00e9, cet article est seulement disponible en <a href=\"https:\/\/mskasolutions.com\/en\/wp-json\/wp\/v2\/product\/871125302603\" class=\"qtranxs-available-language-link qtranxs-available-language-link-en\" title=\"English\">English<\/a>.<\/p>\n<p>Spiral locking cable<\/p>\n<p>150cm long<\/p>\n<p>Plastic coating to prevent damage to the paintwork<\/p>\n<p>2 keys included<\/p>\n<p>Colours: red, white, yellow and black<\/p>\n","protected":false},"featured_media":871125301754,"template":"","meta":[],"product_brand":[],"product_cat":[108],"product_tag":[179,187],"class_list":{"0":"post-871125302603","1":"product","2":"type-product","3":"status-publish","4":"has-post-thumbnail","6":"product_cat-non-classe","7":"product_tag-accessoires-velo","8":"product_tag-dunlop","9":"product_shipping_class-small-item-gls-only","11":"first","12":"instock","13":"sale","14":"taxable","15":"shipping-taxable","16":"purchasable","17":"product-type-variable"},"_links":{"self":[{"href":"https:\/\/mskasolutions.com\/fr\/wp-json\/wp\/v2\/product\/871125302603","targetHints":{"allow":["GET"]}}],"collection":[{"href":"https:\/\/mskasolutions.com\/fr\/wp-json\/wp\/v2\/product"}],"about":[{"href":"https:\/\/mskasolutions.com\/fr\/wp-json\/wp\/v2\/types\/product"}],"wp:featuredmedia":[{"embeddable":true,"href":"https:\/\/mskasolutions.com\/fr\/wp-json\/wp\/v2\/media\/871125301754"}],"wp:attachment":[{"href":"https:\/\/mskasolutions.com\/fr\/wp-json\/wp\/v2\/media?parent=871125302603"}],"wp:term":[{"taxonomy":"product_brand","embeddable":true,"href":"https:\/\/mskasolutions.com\/fr\/wp-json\/wp\/v2\/product_brand?post=871125302603"},{"taxonomy":"product_cat","embeddable":true,"href":"https:\/\/mskasolutions.com\/fr\/wp-json\/wp\/v2\/product_cat?post=871125302603"},{"taxonomy":"product_tag","embeddable":true,"href":"https:\/\/mskasolutions.com\/fr\/wp-json\/wp\/v2\/product_tag?post=871125302603"}],"curies":[{"name":"wp","href":"https:\/\/api.w.org\/{rel}","templated":true}]}}