{"id":871125302586,"date":"2019-08-25T15:41:15","date_gmt":"2019-08-25T14:41:15","guid":{"rendered":"https:\/\/mskasolutions.com\/produit\/whislter-magnetique-a-dash-cam-automobile-avec-enregistreur-numerique-en-haute-definition-complete\/"},"modified":"2024-01-16T13:51:22","modified_gmt":"2024-01-16T13:51:22","slug":"whistler-d28rs-hd-dash-camera","status":"publish","type":"product","link":"https:\/\/mskasolutions.com\/fr\/produit\/whistler-d28rs-hd-dash-camera\/","title":{"rendered":"Whistler D28RS &#8211; HD &#8211; MAGN\u00c9TIQUE \u00c0 DASH CAM &#8211; Automobile &#8211; Avec enregistreur num\u00e9rique en haute d\u00e9finition compl\u00e8te"},"content":{"rendered":"<p>ATTACHEMENT MAGN\u00c9TIQUE AUX CAMES DE LAVAGE pour un enl\u00e8vement facile et un stockage s\u00fbr<\/p>\n<p>D\u00e9branchez l&rsquo;appareil de la base magn\u00e9tique et rangez-le facilement dans votre console, votre bo\u00eete \u00e0 gants ou m\u00eame votre sac \u00e0 main.<\/p>\n<p>R\u00c9SOLUTION 1080 HD PLEINE R\u00c9SOLUTION<\/p>\n<p>Capture des s\u00e9quences 1080p et offre une qualit\u00e9 d&rsquo;image \u00e9poustouflante et une vid\u00e9o claire.<\/p>\n<p>6 LENTILLE EN VERRE<\/p>\n<p>Fournit une image claire de qualit\u00e9 optique<\/p>\n<p>ROTATION DE 360 DEGR\u00c9S<\/p>\n<p>Faites pivoter facilement la cam\u00e9ra sur 360\u00b0 pour voir \u00e0 l&rsquo;int\u00e9rieur ou \u00e0 l&rsquo;ext\u00e9rieur du v\u00e9hicule.<\/p>\n<p>ECRAN 1,2&Prime; LCD<\/p>\n<p>FONCTION DE D\u00c9TECTION AUTOMATIQUE D&rsquo;ACCIDENT<\/p>\n<p>Si le capteur G est d\u00e9clench\u00e9, la cam\u00e9ra du tableau de bord verrouille automatiquement les vid\u00e9os vous donnant un enregistrement de l&rsquo;incident pour les r\u00e9clamations d&rsquo;assurance.<\/p>\n<p>ENREGISTREMENT DE BOUCLE<\/p>\n<p>S\u00e9lectionnez la dur\u00e9e de chaque enregistrement, avant qu&rsquo;il ne soit sauvegard\u00e9 et commence un nouvel enregistrement.<\/p>\n<p>CONSTRUIRE EN GPS<\/p>\n<p>Temps, emplacement et vitesse d&rsquo;enregistrement (affich\u00e9s dans un lecteur PC compatible)<\/p>","protected":false},"excerpt":{"rendered":"<p>Comprend<\/p>\n<p>Cam\u00e9ra pour tableau de bord, support, c\u00e2ble USB, chargeur de voiture, carte MicroSD de 8 Go, coussin adh\u00e9sif de rechange, guide d&rsquo;utilisation<\/p>\n<p>CONSTRUIRE EN Wi-Fi<\/p>\n<p>Connectez-vous en toute transparence \u00e0 l&rsquo;application mobile disponible pour iOS et Android (afficher les fichiers, modifier les param\u00e8tres de s\u00e9lection, streaming en direct)<\/p>\n","protected":false},"featured_media":871125302078,"template":"","meta":[],"product_brand":[],"product_cat":[119,215],"product_tag":[219,177,174,195,186],"class_list":{"0":"post-871125302586","1":"product","2":"type-product","3":"status-publish","4":"has-post-thumbnail","6":"product_cat-hot","7":"product_cat-promo","8":"product_tag-accesoires-auto","9":"product_tag-accessoires-auto","10":"product_tag-cameras-dashboard","11":"product_tag-promo","12":"product_tag-whistler","13":"product_shipping_class-medium-item","15":"first","16":"outofstock","17":"sale","18":"taxable","19":"shipping-taxable","20":"purchasable","21":"product-type-simple"},"_links":{"self":[{"href":"https:\/\/mskasolutions.com\/fr\/wp-json\/wp\/v2\/product\/871125302586","targetHints":{"allow":["GET"]}}],"collection":[{"href":"https:\/\/mskasolutions.com\/fr\/wp-json\/wp\/v2\/product"}],"about":[{"href":"https:\/\/mskasolutions.com\/fr\/wp-json\/wp\/v2\/types\/product"}],"wp:featuredmedia":[{"embeddable":true,"href":"https:\/\/mskasolutions.com\/fr\/wp-json\/wp\/v2\/media\/871125302078"}],"wp:attachment":[{"href":"https:\/\/mskasolutions.com\/fr\/wp-json\/wp\/v2\/media?parent=871125302586"}],"wp:term":[{"taxonomy":"product_brand","embeddable":true,"href":"https:\/\/mskasolutions.com\/fr\/wp-json\/wp\/v2\/product_brand?post=871125302586"},{"taxonomy":"product_cat","embeddable":true,"href":"https:\/\/mskasolutions.com\/fr\/wp-json\/wp\/v2\/product_cat?post=871125302586"},{"taxonomy":"product_tag","embeddable":true,"href":"https:\/\/mskasolutions.com\/fr\/wp-json\/wp\/v2\/product_tag?post=871125302586"}],"curies":[{"name":"wp","href":"https:\/\/api.w.org\/{rel}","templated":true}]}}