{"id":871125302583,"date":"2019-08-25T15:40:24","date_gmt":"2019-08-25T14:40:24","guid":{"rendered":"https:\/\/mskasolutions.com\/produit\/whistler-d16vr-dash-cam-hd-1920-x-1080p-30fps-enregistreur-numerique\/"},"modified":"2025-11-14T14:28:08","modified_gmt":"2025-11-14T14:28:08","slug":"whistler-d16vr-dash-cam-hd-1920-x-1080p-30fps-enregistreur-numerique","status":"publish","type":"product","link":"https:\/\/mskasolutions.com\/fr\/produit\/whistler-d16vr-dash-cam-hd-1920-x-1080p-30fps-enregistreur-numerique\/","title":{"rendered":"Whistler D16VR &#8211; HD DASH CAM &#8211; 1080FHD \/ 720P \/ WVGA \/ VGA &#8211; Enregistreur num\u00e9rique"},"content":{"rendered":"<p>Le bo\u00eetier m\u00e9tallique luxueux de cet appareil photo de tableau de bord le rend id\u00e9al pour tous ceux qui veulent faire une d\u00e9claration.<\/p>\n<p>Prot\u00e9gez-vous et prot\u00e9gez-vous contre la fraude \u00e0 l&rsquo;assurance gr\u00e2ce \u00e0 l&rsquo;enregistrement en boucle transparent. Gardez un \u0153il sur votre v\u00e9hicule gr\u00e2ce au moniteur de stationnement et aux fonctions de d\u00e9tection de mouvement.<\/p>\n<p>&#8211; Haute d\u00e9finition 1920 x 1080p \/ 30 images par seconde<br \/>\n&#8211; Moniteur LCD 3.0&Prime; TFT<br \/>\n&#8211; Angle de visionnement de 170<br \/>\n&#8211; Enregistrement en boucle sans couture<br \/>\n&#8211; Micro SD jusqu&rsquo;\u00e0 32GB<br \/>\n&#8211; Zoom num\u00e9rique 4x<br \/>\n&#8211; Fonction moniteur de stationnement<br \/>\n&#8211; Fonction de d\u00e9tection de mouvement<br \/>\n&#8211; Capteur G<br \/>\n&#8211; Capacit\u00e9 de lecture HDMI<br \/>\n&#8211; (HDR) Plage dynamique \u00e9lev\u00e9e<\/p>","protected":false},"excerpt":{"rendered":"<p><strong>Magnifique et luxueux bo\u00eetier en m\u00e9tal sur cet appareil photo de tableau de bord<\/strong><\/p>\n<p>Inclut : Cam\u00e9ra du tableau de bord, support, c\u00e2ble USB, chargeur de voiture et guide de l&rsquo;utilisateur<br \/>\n&#8211; Haute d\u00e9finition 1920 x 1080p \/ 30 images par seconde<br \/>\n&#8211; Moniteur LCD 3.0&Prime; TFT<br \/>\n&#8211; Angle de visionnement de 170<br \/>\n&#8211; Enregistrement en boucle sans couture<br \/>\n&#8211; Micro SD jusqu&rsquo;\u00e0 32GB<br \/>\n&#8211; Zoom num\u00e9rique 4x<br \/>\n&#8211; Fonction moniteur de stationnement<br \/>\n&#8211; Fonction de d\u00e9tection de mouvement<br \/>\n&#8211; Capteur G<br \/>\n&#8211; Capacit\u00e9 de lecture HDMI<br \/>\n&#8211; (HDR) Plage dynamique \u00e9lev\u00e9e<\/p>\n","protected":false},"featured_media":871125302114,"template":"","meta":[],"product_brand":[],"product_cat":[215],"product_tag":[219,177,174,195,186],"class_list":{"0":"post-871125302583","1":"product","2":"type-product","3":"status-publish","4":"has-post-thumbnail","6":"product_cat-promo","7":"product_tag-accesoires-auto","8":"product_tag-accessoires-auto","9":"product_tag-cameras-dashboard","10":"product_tag-promo","11":"product_tag-whistler","12":"product_shipping_class-medium-item","14":"first","15":"instock","16":"sale","17":"taxable","18":"shipping-taxable","19":"purchasable","20":"product-type-simple"},"_links":{"self":[{"href":"https:\/\/mskasolutions.com\/fr\/wp-json\/wp\/v2\/product\/871125302583","targetHints":{"allow":["GET"]}}],"collection":[{"href":"https:\/\/mskasolutions.com\/fr\/wp-json\/wp\/v2\/product"}],"about":[{"href":"https:\/\/mskasolutions.com\/fr\/wp-json\/wp\/v2\/types\/product"}],"wp:featuredmedia":[{"embeddable":true,"href":"https:\/\/mskasolutions.com\/fr\/wp-json\/wp\/v2\/media\/871125302114"}],"wp:attachment":[{"href":"https:\/\/mskasolutions.com\/fr\/wp-json\/wp\/v2\/media?parent=871125302583"}],"wp:term":[{"taxonomy":"product_brand","embeddable":true,"href":"https:\/\/mskasolutions.com\/fr\/wp-json\/wp\/v2\/product_brand?post=871125302583"},{"taxonomy":"product_cat","embeddable":true,"href":"https:\/\/mskasolutions.com\/fr\/wp-json\/wp\/v2\/product_cat?post=871125302583"},{"taxonomy":"product_tag","embeddable":true,"href":"https:\/\/mskasolutions.com\/fr\/wp-json\/wp\/v2\/product_tag?post=871125302583"}],"curies":[{"name":"wp","href":"https:\/\/api.w.org\/{rel}","templated":true}]}}